{"id":90,"date":"2020-03-03T12:03:37","date_gmt":"2020-03-03T12:03:37","guid":{"rendered":"https:\/\/www.living-mallorca.com\/?page_id=90"},"modified":"2025-05-20T12:45:59","modified_gmt":"2025-05-20T12:45:59","slug":"datenschutz","status":"publish","type":"page","link":"https:\/\/www.living-mallorca.com\/es\/datenschutz\/","title":{"rendered":"Pol\u00edtica de privacidad"},"content":{"rendered":"<p>[et_pb_section fb_built=&#8220;1&#8243; admin_label=&#8220;Intro Sektion&#8220; _builder_version=&#8220;4.16&#8243; _module_preset=&#8220;_initial&#8220; global_colors_info=&#8220;{}&#8220;][et_pb_row _builder_version=&#8220;4.16&#8243; _module_preset=&#8220;7307906e-ed01-4e9d-82a2-1b97bca50aec&#8220; global_colors_info=&#8220;{}&#8220;][et_pb_column type=&#8220;4_4&#8243; _builder_version=&#8220;4.16&#8243; global_colors_info=&#8220;{}&#8220;][et_pb_text _builder_version=&#8220;4.21.0&#8243; _module_preset=&#8220;default&#8220; global_colors_info=&#8220;{}&#8220;]<\/p>\n<div class=\"et_pb_row et_pb_row_0\">\n<div class=\"et_pb_column et_pb_column_4_4 et_pb_column_0  et_pb_css_mix_blend_mode_passthrough et-last-child\">\n<div class=\"et_pb_module et_pb_text et_pb_text_0 h1  et_pb_text_align_left et_pb_bg_layout_light\">\n<div class=\"et_pb_text_inner\">\n<h5>Datenschutz<\/h5>\n<\/div>\n<\/div>\n<\/div>\n<\/div>\n<div class=\"et_pb_row et_pb_row_1\">\n<div class=\"et_pb_column et_pb_column_4_4 et_pb_column_1  et_pb_css_mix_blend_mode_passthrough et-last-child\">\n<div class=\"et_pb_module et_pb_text et_pb_text_1 h1  et_pb_text_align_left et_pb_bg_layout_light\">\n<div class=\"et_pb_text_inner\">\n<p>Datenschutzerkl\u00e4rung<br \/>Von Ihnen mitgeteilte Daten verwenden wir ausschliesslich zur Erf\u00fcllung und Abwicklung Ihrer Anfragen\/Bestellungen.<\/p>\n<p>Bei den Vorg\u00e4ngen der Datenverarbeitung (z.B. Erhebung, Verarbeitung und \u00dcbermittlung) verfahren wir nach den gesetzlichen Vorschriften. Ihre f\u00fcr die Gesch\u00e4ftsabwicklung notwendigen Daten werden gespeichert und nur wenn n\u00f6tig f\u00fcr die Abwicklung im erforderlichen Umfang an von uns beauftragte Dienstleister weiter gegeben. Adress- und Bestelldaten werden f\u00fcr eigene Marketingzwecke erhoben und verarbeitet.<\/p>\n<p>Sie k\u00f6nnen der Nutzung, Verarbeitung und \u00dcbermittlung Ihrer personenbezogenen Daten zu Marketingzwecken jederzeit durch eine Mitteilung per Mail an hola@living-mallorca.com widersprechen. Dies gilt allerdings nicht f\u00fcr die zur Abwicklung Ihrer Bestellung erforderlichen Daten. Nach Erhalt Ihres Widerspruchs werden wir die betroffenen Daten nicht mehr zu anderen Zwecken als zur Abwicklung Ihrer Bestellung nutzen, verarbeiten und \u00fcbermitteln sowie die weitere Versendung von Werbemitteln an Sie einstellen.<\/p>\n<p>Cookies<\/p>\n<p>Ein \u201cCookie\u201d ist eine kleine Datendatei, die auf Ihren Computer \u00fcbertragen wird, wenn Sie auf unserer Webseite surfen. Ein Cookie kann nur Informationen enthalten, die wir selbst an Ihren Rechner senden \u2013 private Daten lassen sich damit nicht auslesen. Wenn Sie Cookies auf unseren Seiten akzeptieren, haben wir keinen Zugriff auf Ihre pers\u00f6nlichen Informationen, aber mit Hilfe der Cookies kann Ihr Computer identifiziert werden.<\/p>\n<p>Wir verwenden Cookies f\u00fcr folgende Zwecke:<\/p>\n<p>damit von Ihnen erstellte Formulare auf unserer Webseite w\u00e4hrend Ihrer Sitzung bearbeiten, auff\u00fcllen und verwalten k\u00f6nnen.<br \/>damit wir Sie bei zuk\u00fcnftigen Besuchen wieder erkennen, um Ihre gew\u00fcnschten Voreinstellungen anzuzeigen.<br \/>damit Sie z.B. die Personalisierung unserer Seite nutzen k\u00f6nnen.<br \/>damit wir unsere Webseite noch besser auf die Bed\u00fcrfnisse unserer Kunden zuschneiden k\u00f6nnen.<br \/>Wir verwenden \u201cpermanente\u201d Cookies: Sie verbleiben auf Ihrem Computer Personalisierungs- und Registrierungs-Services bei Ihren n\u00e4chsten Besuchen zu vereinfachen. Zudem m\u00fcssen Sie Ihr Kennwort auf Webseiten, f\u00fcr die eine Anmeldung erforderlich ist, nur einmal eingeben. \u201cPermanente\u201d Cookies k\u00f6nnen vom Benutzer manuell entfernt werden.<\/p>\n<p>Die meisten Browser akzeptieren Cookies standardm\u00e4\u00dfig. Sie k\u00f6nnen in den Sicherheitseinstellungen tempor\u00e4re und gespeicherte Cookies unabh\u00e4ngig voneinander zulassen oder verbieten. Wenn Sie Cookies deaktivieren, stehen Ihnen unter Umst\u00e4nden bestimmte Funktionen auf unseren Seiten nicht zur Verf\u00fcgung, und einige Webseiten werden m\u00f6glicherweise nicht richtig angezeigt.<\/p>\n<p>Ansprechpartner f\u00fcr Datenschutz<\/p>\n<p>Bei Fragen zur Erhebung, Verarbeitung oder Nutzung Ihrer personenbezogenen Daten, bei Ausk\u00fcnften, Berichtigung, Sperrung oder L\u00f6schung von Daten sowie Widerruf erteilter Einwilligungen wenden Sie sich bitte an:<\/p>\n<p>Datenschutzbeauftragte: Anna Hermann &amp; Sol Marban<br \/>hola@living-mallorca.com<\/p>\n<\/div>\n<\/div>\n<\/div>\n<\/div>\n<p>[\/et_pb_text][\/et_pb_column][\/et_pb_row][\/et_pb_section][et_pb_section fb_built=&#8220;1&#8243; _builder_version=&#8220;4.16.0&#8243; background_color=&#8220;#E5E3E0&#8243; custom_padding=&#8220;0px||0px||false|false&#8220; custom_padding_tablet=&#8220;60px||0px||false|false&#8220; custom_padding_phone=&#8220;40px||0px||false|false&#8220; global_module=&#8220;1683&#8243; saved_tabs=&#8220;all&#8220; global_colors_info=&#8220;{}&#8220;][\/et_pb_section]<\/p>\n","protected":false},"excerpt":{"rendered":"<p>Datenschutz Datenschutzerkl\u00e4rungVon Ihnen mitgeteilte Daten verwenden wir ausschliesslich zur Erf\u00fcllung und Abwicklung Ihrer Anfragen\/Bestellungen. Bei den Vorg\u00e4ngen der Datenverarbeitung (z.B. Erhebung, Verarbeitung und \u00dcbermittlung) verfahren wir nach den gesetzlichen Vorschriften. Ihre f\u00fcr die Gesch\u00e4ftsabwicklung notwendigen Daten werden gespeichert und nur wenn n\u00f6tig f\u00fcr die Abwicklung im erforderlichen Umfang an von uns beauftragte Dienstleister weiter gegeben. [&hellip;]<\/p>\n","protected":false},"author":1,"featured_media":0,"parent":0,"menu_order":0,"comment_status":"closed","ping_status":"closed","template":"","meta":{"_et_pb_use_builder":"on","_et_pb_old_content":"","_et_gb_content_width":"","footnotes":""},"class_list":["post-90","page","type-page","status-publish","hentry"],"yoast_head":"<!-- This site is optimized with the Yoast SEO plugin v27.4 - https:\/\/yoast.com\/product\/yoast-seo-wordpress\/ -->\n<title>Datenschutzerkl\u00e4rung - Mallorca Living &amp; More<\/title>\n<meta name=\"robots\" content=\"noindex, follow\" \/>\n<meta property=\"og:locale\" content=\"es_ES\" \/>\n<meta property=\"og:type\" content=\"article\" \/>\n<meta property=\"og:title\" content=\"Datenschutzerkl\u00e4rung - Mallorca Living &amp; More\" \/>\n<meta property=\"og:description\" content=\"Datenschutz Datenschutzerkl\u00e4rungVon Ihnen mitgeteilte Daten verwenden wir ausschliesslich zur Erf\u00fcllung und Abwicklung Ihrer Anfragen\/Bestellungen. Bei den Vorg\u00e4ngen der Datenverarbeitung (z.B. Erhebung, Verarbeitung und \u00dcbermittlung) verfahren wir nach den gesetzlichen Vorschriften. Ihre f\u00fcr die Gesch\u00e4ftsabwicklung notwendigen Daten werden gespeichert und nur wenn n\u00f6tig f\u00fcr die Abwicklung im erforderlichen Umfang an von uns beauftragte Dienstleister weiter gegeben. [&hellip;]\" \/>\n<meta property=\"og:url\" content=\"https:\/\/www.living-mallorca.com\/es\/datenschutz\/\" \/>\n<meta property=\"og:site_name\" content=\"Mallorca Living &amp; More\" \/>\n<meta property=\"article:modified_time\" content=\"2025-05-20T12:45:59+00:00\" \/>\n<meta name=\"twitter:card\" content=\"summary_large_image\" \/>\n<meta name=\"twitter:label1\" content=\"Tiempo de lectura\" \/>\n\t<meta name=\"twitter:data1\" content=\"3 minutos\" \/>\n<script type=\"application\/ld+json\" class=\"yoast-schema-graph\">{\"@context\":\"https:\\\/\\\/schema.org\",\"@graph\":[{\"@type\":\"WebPage\",\"@id\":\"https:\\\/\\\/www.living-mallorca.com\\\/datenschutz\\\/\",\"url\":\"https:\\\/\\\/www.living-mallorca.com\\\/datenschutz\\\/\",\"name\":\"Datenschutzerkl\u00e4rung - Mallorca Living &amp; More\",\"isPartOf\":{\"@id\":\"https:\\\/\\\/www.living-mallorca.com\\\/#website\"},\"datePublished\":\"2020-03-03T12:03:37+00:00\",\"dateModified\":\"2025-05-20T12:45:59+00:00\",\"breadcrumb\":{\"@id\":\"https:\\\/\\\/www.living-mallorca.com\\\/datenschutz\\\/#breadcrumb\"},\"inLanguage\":\"es\",\"potentialAction\":[{\"@type\":\"ReadAction\",\"target\":[\"https:\\\/\\\/www.living-mallorca.com\\\/datenschutz\\\/\"]}]},{\"@type\":\"BreadcrumbList\",\"@id\":\"https:\\\/\\\/www.living-mallorca.com\\\/datenschutz\\\/#breadcrumb\",\"itemListElement\":[{\"@type\":\"ListItem\",\"position\":1,\"name\":\"Startseite\",\"item\":\"https:\\\/\\\/www.living-mallorca.com\\\/\"},{\"@type\":\"ListItem\",\"position\":2,\"name\":\"Datenschutzerkl\u00e4rung\"}]},{\"@type\":\"WebSite\",\"@id\":\"https:\\\/\\\/www.living-mallorca.com\\\/#website\",\"url\":\"https:\\\/\\\/www.living-mallorca.com\\\/\",\"name\":\"Mallorca Living &amp; More\",\"description\":\"Immobilien, Living, Kultur &amp; Kunst\",\"potentialAction\":[{\"@type\":\"SearchAction\",\"target\":{\"@type\":\"EntryPoint\",\"urlTemplate\":\"https:\\\/\\\/www.living-mallorca.com\\\/?s={search_term_string}\"},\"query-input\":{\"@type\":\"PropertyValueSpecification\",\"valueRequired\":true,\"valueName\":\"search_term_string\"}}],\"inLanguage\":\"es\"}]}<\/script>\n<!-- \/ Yoast SEO plugin. -->","yoast_head_json":{"title":"Datenschutzerkl\u00e4rung - Mallorca Living &amp; More","robots":{"index":"noindex","follow":"follow"},"og_locale":"es_ES","og_type":"article","og_title":"Datenschutzerkl\u00e4rung - Mallorca Living &amp; More","og_description":"Datenschutz Datenschutzerkl\u00e4rungVon Ihnen mitgeteilte Daten verwenden wir ausschliesslich zur Erf\u00fcllung und Abwicklung Ihrer Anfragen\/Bestellungen. Bei den Vorg\u00e4ngen der Datenverarbeitung (z.B. Erhebung, Verarbeitung und \u00dcbermittlung) verfahren wir nach den gesetzlichen Vorschriften. Ihre f\u00fcr die Gesch\u00e4ftsabwicklung notwendigen Daten werden gespeichert und nur wenn n\u00f6tig f\u00fcr die Abwicklung im erforderlichen Umfang an von uns beauftragte Dienstleister weiter gegeben. [&hellip;]","og_url":"https:\/\/www.living-mallorca.com\/es\/datenschutz\/","og_site_name":"Mallorca Living &amp; More","article_modified_time":"2025-05-20T12:45:59+00:00","twitter_card":"summary_large_image","twitter_misc":{"Tiempo de lectura":"3 minutos"},"schema":{"@context":"https:\/\/schema.org","@graph":[{"@type":"WebPage","@id":"https:\/\/www.living-mallorca.com\/datenschutz\/","url":"https:\/\/www.living-mallorca.com\/datenschutz\/","name":"Datenschutzerkl\u00e4rung - Mallorca Living &amp; More","isPartOf":{"@id":"https:\/\/www.living-mallorca.com\/#website"},"datePublished":"2020-03-03T12:03:37+00:00","dateModified":"2025-05-20T12:45:59+00:00","breadcrumb":{"@id":"https:\/\/www.living-mallorca.com\/datenschutz\/#breadcrumb"},"inLanguage":"es","potentialAction":[{"@type":"ReadAction","target":["https:\/\/www.living-mallorca.com\/datenschutz\/"]}]},{"@type":"BreadcrumbList","@id":"https:\/\/www.living-mallorca.com\/datenschutz\/#breadcrumb","itemListElement":[{"@type":"ListItem","position":1,"name":"Startseite","item":"https:\/\/www.living-mallorca.com\/"},{"@type":"ListItem","position":2,"name":"Datenschutzerkl\u00e4rung"}]},{"@type":"WebSite","@id":"https:\/\/www.living-mallorca.com\/#website","url":"https:\/\/www.living-mallorca.com\/","name":"Mallorca Living &amp; More","description":"Propiedad, Vida, Cultura y Arte","potentialAction":[{"@type":"SearchAction","target":{"@type":"EntryPoint","urlTemplate":"https:\/\/www.living-mallorca.com\/?s={search_term_string}"},"query-input":{"@type":"PropertyValueSpecification","valueRequired":true,"valueName":"search_term_string"}}],"inLanguage":"es"}]}},"_links":{"self":[{"href":"https:\/\/www.living-mallorca.com\/es\/wp-json\/wp\/v2\/pages\/90","targetHints":{"allow":["GET"]}}],"collection":[{"href":"https:\/\/www.living-mallorca.com\/es\/wp-json\/wp\/v2\/pages"}],"about":[{"href":"https:\/\/www.living-mallorca.com\/es\/wp-json\/wp\/v2\/types\/page"}],"author":[{"embeddable":true,"href":"https:\/\/www.living-mallorca.com\/es\/wp-json\/wp\/v2\/users\/1"}],"replies":[{"embeddable":true,"href":"https:\/\/www.living-mallorca.com\/es\/wp-json\/wp\/v2\/comments?post=90"}],"version-history":[{"count":0,"href":"https:\/\/www.living-mallorca.com\/es\/wp-json\/wp\/v2\/pages\/90\/revisions"}],"wp:attachment":[{"href":"https:\/\/www.living-mallorca.com\/es\/wp-json\/wp\/v2\/media?parent=90"}],"curies":[{"name":"wp","href":"https:\/\/api.w.org\/{rel}","templated":true}]}}