{"id":5079,"date":"2026-03-26T16:05:09","date_gmt":"2026-03-26T16:05:09","guid":{"rendered":"https:\/\/www.living-mallorca.com\/?page_id=5079"},"modified":"2026-03-26T16:05:09","modified_gmt":"2026-03-26T16:05:09","slug":"romantisches-mallorquinisches-bauernhaus","status":"publish","type":"page","link":"https:\/\/www.living-mallorca.com\/es\/romantisches-mallorquinisches-bauernhaus\/","title":{"rendered":"Casa rural mallorquina muy rom\u00e1ntica"},"content":{"rendered":"<p>[et_pb_section fb_built=&#8220;1&#8243; admin_label=&#8220;Intro Sektion&#8220; _builder_version=&#8220;4.16&#8243; global_colors_info=&#8220;{}&#8220;][et_pb_row _builder_version=&#8220;4.16&#8243; _module_preset=&#8220;699a1a14-aa99-453a-ab2e-46d49b6bbd5e&#8220; custom_padding=&#8220;0px||50px||false|false&#8220; custom_padding_tablet=&#8220;0px||30px||false|false&#8220; global_colors_info=&#8220;{}&#8220;][et_pb_column type=&#8220;4_4&#8243; _builder_version=&#8220;4.16&#8243; global_colors_info=&#8220;{}&#8220;][et_pb_text content_tablet=&#8220;<\/p>\n<p><h4>Romantisches mallorquinisches Bauernhaus<\/h4>\n<\/p>\n<p>&#8220; content_phone=&#8220;<\/p>\n<p><h4>Romantisches mallorquinisches Bauernhaus<\/h4>\n<\/p>\n<p>&#8220; content_last_edited=&#8220;on|phone&#8220; _builder_version=&#8220;4.21.0&#8243; _module_preset=&#8220;default&#8220; hover_enabled=&#8220;0&#8243; global_colors_info=&#8220;{}&#8220; sticky_enabled=&#8220;0&#8243;]<\/p>\n<h4>Romantisches mallorquinisches Bauernhaus<\/h4>\n<p>[\/et_pb_text][et_pb_text content_tablet=&#8220;<\/p>\n<p> Sch\u00f6nes Grundst\u00fcck mit vielen Orangenb\u00e4umen, kleines Haus mit rustikaler K\u00fcche, offener Wohn-Essbereich. Im oberen Stock hat es zwei kleine Schlafzimmer mit Blick in den Garten. Alles sehr gem\u00fctlich und sehr typisch f\u00fcr ein mallorquinisches Haus auf dem Land.<br \/>\nDie Aussenk\u00fcche l\u00e4dt zum Feiern ein&#8230; Sch\u00f6ner Garten, viele Orangenb\u00e4ume, Palmen, eine grosse Wiese und nat\u00fcrlich auch einen Pool.<br \/>\nDieses h\u00fcbsche H\u00e4uschen befindet sich zwei Kilometer ausserhalb von Son Servera, an einer der sch\u00f6nsten \u00abalten\u00bb Strassen, die durch die Insel f\u00fchren<\/p>\n<p>Grundst\u00fcck:   \t6.000 m2<br \/>\n\u2028Bebaute Fl\u00e4che:      209 m2<br \/>\n\u2028Wohnfl\u00e4che: \t   140 m2<br \/>\n\u2028Pool:\t\t             30 m2<\/p>\n<p>\n&#8220; content_phone=&#8220;<\/p>\n<p> Sch\u00f6nes Grundst\u00fcck mit vielen Orangenb\u00e4umen, kleines Haus mit rustikaler K\u00fcche, offener Wohn-Essbereich. Im oberen Stock hat es zwei kleine Schlafzimmer mit Blick in den Garten. Alles sehr gem\u00fctlich und sehr typisch f\u00fcr ein mallorquinisches Haus auf dem Land.<br \/>\nDie Aussenk\u00fcche l\u00e4dt zum Feiern ein&#8230; Sch\u00f6ner Garten, viele Orangenb\u00e4ume, Palmen, eine grosse Wiese und nat\u00fcrlich auch einen Pool.<br \/>\nDieses h\u00fcbsche H\u00e4uschen befindet sich zwei Kilometer ausserhalb von Son Servera, an einer der sch\u00f6nsten \u00abalten\u00bb Strassen, die durch die Insel f\u00fchren<\/p>\n<p>Grundst\u00fcck:   \t6.000 m2<br \/>\n\u2028Bebaute Fl\u00e4che:      209 m2<br \/>\n\u2028Wohnfl\u00e4che: \t   140 m2<br \/>\n\u2028Pool:\t\t             30 m2<\/p>\n<p>\n&#8220; content_last_edited=&#8220;on|phone&#8220; _builder_version=&#8220;4.21.0&#8243; _module_preset=&#8220;default&#8220; hover_enabled=&#8220;0&#8243; global_colors_info=&#8220;{}&#8220; sticky_enabled=&#8220;0&#8243;]<\/p>\n<p> Sch\u00f6nes Grundst\u00fcck mit vielen Orangenb\u00e4umen, kleines Haus mit rustikaler K\u00fcche, offener Wohn-Essbereich. Im oberen Stock hat es zwei kleine Schlafzimmer mit Blick in den Garten. Alles sehr gem\u00fctlich und sehr typisch f\u00fcr ein mallorquinisches Haus auf dem Land.<br \/>\nDie Aussenk\u00fcche l\u00e4dt zum Feiern ein&#8230; Sch\u00f6ner Garten, viele Orangenb\u00e4ume, Palmen, eine grosse Wiese und nat\u00fcrlich auch einen Pool.<br \/>\nDieses h\u00fcbsche H\u00e4uschen befindet sich zwei Kilometer ausserhalb von Son Servera, an einer der sch\u00f6nsten \u00abalten\u00bb Strassen, die durch die Insel f\u00fchren<\/p>\n<p>Grundst\u00fcck:   \t6.000 m2<br \/>\n\u2028Bebaute Fl\u00e4che:      209 m2<br \/>\n\u2028Wohnfl\u00e4che: \t   140 m2<br \/>\n\u2028Pool:\t\t             30 m2<\/p>\n<p>\n[\/et_pb_text][et_pb_text content_tablet=&#8220;<\/p>\n<h6>Preis auf Anfrage<\/h6>\n<p>&#8220; content_phone=&#8220;<\/p>\n<h6>Preis auf Anfrage<\/h6>\n<p>&#8220; content_last_edited=&#8220;on|phone&#8220; _builder_version=&#8220;4.21.0&#8243; _module_preset=&#8220;default&#8220; min_height=&#8220;21px&#8220; custom_padding=&#8220;16px||0px||false|false&#8220; hover_enabled=&#8220;0&#8243; global_colors_info=&#8220;{}&#8220; sticky_enabled=&#8220;0&#8243;]<\/p>\n<h6>Preis auf Anfrage<\/h6>\n<p>[\/et_pb_text][\/et_pb_column][\/et_pb_row][et_pb_row _builder_version=&#8220;4.21.0&#8243; _module_preset=&#8220;default&#8220; min_height=&#8220;157px&#8220; custom_margin=&#8220;-36px|auto|0px|auto|false|false&#8220; custom_padding=&#8220;37px||50px||false|false&#8220; global_colors_info=&#8220;{}&#8220;][et_pb_column type=&#8220;4_4&#8243; _builder_version=&#8220;4.21.0&#8243; _module_preset=&#8220;default&#8220; global_colors_info=&#8220;{}&#8220;][et_pb_button button_url=&#8220;https:\/\/www.living-mallorca.com\/kontakt\/&#8220; button_text=&#8220;Besichtigungstermin vereinbaren&#8220; button_text_tablet=&#8220;Besichtigungstermin vereinbaren&#8220; button_text_phone=&#8220;Besichtigungstermin vereinbaren&#8220; button_text_last_edited=&#8220;on|desktop&#8220; _builder_version=&#8220;4.21.0&#8243; _module_preset=&#8220;default&#8220; button_text_color=&#8220;#FFFFFF&#8220; button_bg_color=&#8220;#C38F59&#8243; button_border_radius=&#8220;37px&#8220; button_text_color_tablet=&#8220;#FFFFFF&#8220; button_text_color_phone=&#8220;#FFFFFF&#8220; button_text_color_last_edited=&#8220;on|desktop&#8220; button_border_radius_tablet=&#8220;37px&#8220; button_border_radius_phone=&#8220;37px&#8220; button_border_radius_last_edited=&#8220;on|phone&#8220; global_colors_info=&#8220;{}&#8220;][\/et_pb_button][\/et_pb_column][\/et_pb_row][et_pb_row column_structure=&#8220;1_3,1_3,1_3&#8243; _builder_version=&#8220;4.21.0&#8243; _module_preset=&#8220;default&#8220; global_colors_info=&#8220;{}&#8220;][et_pb_column type=&#8220;1_3&#8243; _builder_version=&#8220;4.21.0&#8243; _module_preset=&#8220;default&#8220; global_colors_info=&#8220;{}&#8220;][et_pb_image src=&#8220;https:\/\/www.living-mallorca.com\/wp-content\/uploads\/2026\/03\/2dd37e8d-ca6d-4dbc-9fcb-7282c316d2bb.jpeg&#8220; title_text=&#8220;2dd37e8d-ca6d-4dbc-9fcb-7282c316d2bb&#8220; src_tablet=&#8220;https:\/\/www.living-mallorca.com\/wp-content\/uploads\/2026\/03\/2dd37e8d-ca6d-4dbc-9fcb-7282c316d2bb.jpeg&#8220; src_phone=&#8220;https:\/\/www.living-mallorca.com\/wp-content\/uploads\/2026\/03\/2dd37e8d-ca6d-4dbc-9fcb-7282c316d2bb.jpeg&#8220; src_last_edited=&#8220;on|phone&#8220; _builder_version=&#8220;4.21.0&#8243; _module_preset=&#8220;default&#8220; hover_enabled=&#8220;0&#8243; global_colors_info=&#8220;{}&#8220; sticky_enabled=&#8220;0&#8243;][\/et_pb_image][\/et_pb_column][et_pb_column type=&#8220;1_3&#8243; _builder_version=&#8220;4.21.0&#8243; _module_preset=&#8220;default&#8220; global_colors_info=&#8220;{}&#8220;][et_pb_image src=&#8220;https:\/\/www.living-mallorca.com\/wp-content\/uploads\/2026\/03\/e967e5cd-5634-4124-b3d2-bb5d0583a5fd.jpeg&#8220; title_text=&#8220;e967e5cd-5634-4124-b3d2-bb5d0583a5fd&#8220; src_tablet=&#8220;https:\/\/www.living-mallorca.com\/wp-content\/uploads\/2026\/03\/e967e5cd-5634-4124-b3d2-bb5d0583a5fd.jpeg&#8220; src_phone=&#8220;https:\/\/www.living-mallorca.com\/wp-content\/uploads\/2026\/03\/e967e5cd-5634-4124-b3d2-bb5d0583a5fd.jpeg&#8220; src_last_edited=&#8220;on|desktop&#8220; _builder_version=&#8220;4.21.0&#8243; _module_preset=&#8220;default&#8220; hover_enabled=&#8220;0&#8243; global_colors_info=&#8220;{}&#8220; sticky_enabled=&#8220;0&#8243;][\/et_pb_image][\/et_pb_column][et_pb_column type=&#8220;1_3&#8243; _builder_version=&#8220;4.21.0&#8243; _module_preset=&#8220;default&#8220; global_colors_info=&#8220;{}&#8220;][et_pb_image src=&#8220;https:\/\/www.living-mallorca.com\/wp-content\/uploads\/2026\/03\/0bda3e02-fc85-4609-a6c4-f27b585cc67e.jpeg&#8220; title_text=&#8220;0bda3e02-fc85-4609-a6c4-f27b585cc67e&#8220; src_tablet=&#8220;https:\/\/www.living-mallorca.com\/wp-content\/uploads\/2026\/03\/0bda3e02-fc85-4609-a6c4-f27b585cc67e.jpeg&#8220; src_phone=&#8220;https:\/\/www.living-mallorca.com\/wp-content\/uploads\/2026\/03\/0bda3e02-fc85-4609-a6c4-f27b585cc67e.jpeg&#8220; src_last_edited=&#8220;on|phone&#8220; _builder_version=&#8220;4.21.0&#8243; _module_preset=&#8220;default&#8220; hover_enabled=&#8220;0&#8243; global_colors_info=&#8220;{}&#8220; sticky_enabled=&#8220;0&#8243;][\/et_pb_image][\/et_pb_column][\/et_pb_row][et_pb_row column_structure=&#8220;1_3,1_3,1_3&#8243; _builder_version=&#8220;4.21.0&#8243; _module_preset=&#8220;default&#8220; custom_margin_tablet=&#8220;-25px||0px||false|false&#8220; custom_margin_phone=&#8220;-25px||||false|false&#8220; global_colors_info=&#8220;{}&#8220;][et_pb_column type=&#8220;1_3&#8243; _builder_version=&#8220;4.21.0&#8243; _module_preset=&#8220;default&#8220; global_colors_info=&#8220;{}&#8220;][et_pb_image src=&#8220;https:\/\/www.living-mallorca.com\/wp-content\/uploads\/2026\/03\/91dc96b6-f30a-4204-9208-33a219117142.jpeg&#8220; title_text=&#8220;91dc96b6-f30a-4204-9208-33a219117142&#8243; src_tablet=&#8220;https:\/\/www.living-mallorca.com\/wp-content\/uploads\/2026\/03\/91dc96b6-f30a-4204-9208-33a219117142.jpeg&#8220; src_phone=&#8220;https:\/\/www.living-mallorca.com\/wp-content\/uploads\/2026\/03\/91dc96b6-f30a-4204-9208-33a219117142.jpeg&#8220; src_last_edited=&#8220;on|phone&#8220; _builder_version=&#8220;4.21.0&#8243; _module_preset=&#8220;default&#8220; hover_enabled=&#8220;0&#8243; global_colors_info=&#8220;{}&#8220; sticky_enabled=&#8220;0&#8243;][\/et_pb_image][\/et_pb_column][et_pb_column type=&#8220;1_3&#8243; _builder_version=&#8220;4.21.0&#8243; _module_preset=&#8220;default&#8220; global_colors_info=&#8220;{}&#8220;][et_pb_button button_url=&#8220;https:\/\/www.living-mallorca.com\/kontakt&#8220; button_text=&#8220;Besichtigungstermin vereinbaren&#8220; button_text_tablet=&#8220;Besichtigungstermin vereinbaren&#8220; button_text_phone=&#8220;Besichtigungstermin vereinbaren&#8220; button_text_last_edited=&#8220;on|desktop&#8220; _builder_version=&#8220;4.21.0&#8243; _module_preset=&#8220;default&#8220; button_text_color=&#8220;#FFFFFF&#8220; button_bg_color=&#8220;#C38F59&#8243; button_border_radius=&#8220;37px&#8220; button_text_color_tablet=&#8220;#FFFFFF&#8220; button_text_color_phone=&#8220;#FFFFFF&#8220; button_text_color_last_edited=&#8220;on|desktop&#8220; button_border_radius_tablet=&#8220;37px&#8220; button_border_radius_phone=&#8220;37px&#8220; button_border_radius_last_edited=&#8220;on|phone&#8220; global_colors_info=&#8220;{}&#8220;][\/et_pb_button][\/et_pb_column][et_pb_column type=&#8220;1_3&#8243; _builder_version=&#8220;4.21.0&#8243; _module_preset=&#8220;default&#8220; global_colors_info=&#8220;{}&#8220;][et_pb_image src=&#8220;https:\/\/www.living-mallorca.com\/wp-content\/uploads\/2026\/03\/027701e7-7285-4339-97c9-79b3f039b3e1.jpeg&#8220; title_text=&#8220;027701e7-7285-4339-97c9-79b3f039b3e1&#8243; src_tablet=&#8220;https:\/\/www.living-mallorca.com\/wp-content\/uploads\/2026\/03\/027701e7-7285-4339-97c9-79b3f039b3e1.jpeg&#8220; src_phone=&#8220;https:\/\/www.living-mallorca.com\/wp-content\/uploads\/2026\/03\/027701e7-7285-4339-97c9-79b3f039b3e1.jpeg&#8220; src_last_edited=&#8220;on|phone&#8220; _builder_version=&#8220;4.21.0&#8243; _module_preset=&#8220;default&#8220; hover_enabled=&#8220;0&#8243; global_colors_info=&#8220;{}&#8220; sticky_enabled=&#8220;0&#8243;][\/et_pb_image][\/et_pb_column][\/et_pb_row][et_pb_row column_structure=&#8220;1_3,1_3,1_3&#8243; _builder_version=&#8220;4.21.0&#8243; _module_preset=&#8220;default&#8220; custom_margin_tablet=&#8220;-25px||0px||false|false&#8220; custom_margin_phone=&#8220;-25px||||false|false&#8220; global_colors_info=&#8220;{}&#8220;][et_pb_column type=&#8220;1_3&#8243; _builder_version=&#8220;4.21.0&#8243; _module_preset=&#8220;default&#8220; global_colors_info=&#8220;{}&#8220;][et_pb_image src=&#8220;https:\/\/www.living-mallorca.com\/wp-content\/uploads\/2026\/03\/b0cc0de9-0bd1-47a4-bb64-54de687f72bb.jpeg&#8220; title_text=&#8220;b0cc0de9-0bd1-47a4-bb64-54de687f72bb&#8220; src_tablet=&#8220;https:\/\/www.living-mallorca.com\/wp-content\/uploads\/2026\/03\/b0cc0de9-0bd1-47a4-bb64-54de687f72bb.jpeg&#8220; src_phone=&#8220;https:\/\/www.living-mallorca.com\/wp-content\/uploads\/2026\/03\/b0cc0de9-0bd1-47a4-bb64-54de687f72bb.jpeg&#8220; src_last_edited=&#8220;on|phone&#8220; _builder_version=&#8220;4.21.0&#8243; _module_preset=&#8220;default&#8220; hover_enabled=&#8220;0&#8243; global_colors_info=&#8220;{}&#8220; sticky_enabled=&#8220;0&#8243;][\/et_pb_image][\/et_pb_column][et_pb_column type=&#8220;1_3&#8243; _builder_version=&#8220;4.21.0&#8243; _module_preset=&#8220;default&#8220; global_colors_info=&#8220;{}&#8220;][et_pb_image src=&#8220;https:\/\/www.living-mallorca.com\/wp-content\/uploads\/2026\/03\/1f1daf26-f1da-4a08-b843-a65a65eceaa5.jpeg&#8220; title_text=&#8220;1f1daf26-f1da-4a08-b843-a65a65eceaa5&#8243; src_tablet=&#8220;https:\/\/www.living-mallorca.com\/wp-content\/uploads\/2026\/03\/1f1daf26-f1da-4a08-b843-a65a65eceaa5.jpeg&#8220; src_phone=&#8220;https:\/\/www.living-mallorca.com\/wp-content\/uploads\/2026\/03\/1f1daf26-f1da-4a08-b843-a65a65eceaa5.jpeg&#8220; src_last_edited=&#8220;on|phone&#8220; _builder_version=&#8220;4.21.0&#8243; _module_preset=&#8220;default&#8220; hover_enabled=&#8220;0&#8243; global_colors_info=&#8220;{}&#8220; sticky_enabled=&#8220;0&#8243;][\/et_pb_image][\/et_pb_column][et_pb_column type=&#8220;1_3&#8243; _builder_version=&#8220;4.21.0&#8243; _module_preset=&#8220;default&#8220; global_colors_info=&#8220;{}&#8220;][et_pb_image src=&#8220;https:\/\/www.living-mallorca.com\/wp-content\/uploads\/2026\/03\/1c08f5cc-03dc-40ca-9ef8-31e2fe3b42df.jpeg&#8220; title_text=&#8220;1c08f5cc-03dc-40ca-9ef8-31e2fe3b42df&#8220; src_tablet=&#8220;https:\/\/www.living-mallorca.com\/wp-content\/uploads\/2026\/03\/1c08f5cc-03dc-40ca-9ef8-31e2fe3b42df.jpeg&#8220; src_phone=&#8220;https:\/\/www.living-mallorca.com\/wp-content\/uploads\/2026\/03\/1c08f5cc-03dc-40ca-9ef8-31e2fe3b42df.jpeg&#8220; src_last_edited=&#8220;on|phone&#8220; _builder_version=&#8220;4.21.0&#8243; _module_preset=&#8220;default&#8220; hover_enabled=&#8220;0&#8243; global_colors_info=&#8220;{}&#8220; sticky_enabled=&#8220;0&#8243;][\/et_pb_image][\/et_pb_column][\/et_pb_row][\/et_pb_section]<\/p>\n","protected":false},"excerpt":{"rendered":"<p>Romantisches mallorquinisches Bauernhaus Sch\u00f6nes Grundst\u00fcck mit vielen Orangenb\u00e4umen, kleines Haus mit rustikaler K\u00fcche, offener Wohn-Essbereich. Im oberen Stock hat es zwei kleine Schlafzimmer mit Blick in den Garten. Alles sehr gem\u00fctlich und sehr typisch f\u00fcr ein mallorquinisches Haus auf dem Land. Die Aussenk\u00fcche l\u00e4dt zum Feiern ein&#8230; Sch\u00f6ner Garten, viele Orangenb\u00e4ume, Palmen, eine grosse Wiese [&hellip;]<\/p>\n","protected":false},"author":1,"featured_media":0,"parent":0,"menu_order":0,"comment_status":"closed","ping_status":"closed","template":"","meta":{"_et_pb_use_builder":"on","_et_pb_old_content":"","_et_gb_content_width":"","footnotes":""},"class_list":["post-5079","page","type-page","status-publish","hentry"],"yoast_head":"<!-- This site is optimized with the Yoast SEO plugin v27.4 - https:\/\/yoast.com\/product\/yoast-seo-wordpress\/ -->\n<title>Romantisches mallorquinisches Bauernhaus - Mallorca Living &amp; More<\/title>\n<meta name=\"description\" content=\"Sch\u00f6nes Grundst\u00fcck mit vielen Orangenb\u00e4umen, kleines Haus mit rustikaler K\u00fcche, offener Wohn-Essbereich......\" \/>\n<meta name=\"robots\" content=\"index, follow, max-snippet:-1, max-image-preview:large, max-video-preview:-1\" \/>\n<link rel=\"canonical\" href=\"https:\/\/www.living-mallorca.com\/es\/romantisches-mallorquinisches-bauernhaus\/\" \/>\n<meta property=\"og:locale\" content=\"es_ES\" \/>\n<meta property=\"og:type\" content=\"article\" \/>\n<meta property=\"og:title\" content=\"Romantisches mallorquinisches Bauernhaus - Mallorca Living &amp; More\" \/>\n<meta property=\"og:description\" content=\"Sch\u00f6nes Grundst\u00fcck mit vielen Orangenb\u00e4umen, kleines Haus mit rustikaler K\u00fcche, offener Wohn-Essbereich......\" \/>\n<meta property=\"og:url\" content=\"https:\/\/www.living-mallorca.com\/es\/romantisches-mallorquinisches-bauernhaus\/\" \/>\n<meta property=\"og:site_name\" content=\"Mallorca Living &amp; More\" \/>\n<meta name=\"twitter:card\" content=\"summary_large_image\" \/>\n<meta name=\"twitter:label1\" content=\"Tiempo de lectura\" \/>\n\t<meta name=\"twitter:data1\" content=\"3 minutos\" \/>\n<script type=\"application\/ld+json\" class=\"yoast-schema-graph\">{\"@context\":\"https:\\\/\\\/schema.org\",\"@graph\":[{\"@type\":\"WebPage\",\"@id\":\"https:\\\/\\\/www.living-mallorca.com\\\/romantisches-mallorquinisches-bauernhaus\\\/\",\"url\":\"https:\\\/\\\/www.living-mallorca.com\\\/romantisches-mallorquinisches-bauernhaus\\\/\",\"name\":\"Romantisches mallorquinisches Bauernhaus - Mallorca Living &amp; More\",\"isPartOf\":{\"@id\":\"https:\\\/\\\/www.living-mallorca.com\\\/#website\"},\"datePublished\":\"2026-03-26T16:05:09+00:00\",\"description\":\"Sch\u00f6nes Grundst\u00fcck mit vielen Orangenb\u00e4umen, kleines Haus mit rustikaler K\u00fcche, offener Wohn-Essbereich......\",\"breadcrumb\":{\"@id\":\"https:\\\/\\\/www.living-mallorca.com\\\/romantisches-mallorquinisches-bauernhaus\\\/#breadcrumb\"},\"inLanguage\":\"es\",\"potentialAction\":[{\"@type\":\"ReadAction\",\"target\":[\"https:\\\/\\\/www.living-mallorca.com\\\/romantisches-mallorquinisches-bauernhaus\\\/\"]}]},{\"@type\":\"BreadcrumbList\",\"@id\":\"https:\\\/\\\/www.living-mallorca.com\\\/romantisches-mallorquinisches-bauernhaus\\\/#breadcrumb\",\"itemListElement\":[{\"@type\":\"ListItem\",\"position\":1,\"name\":\"Startseite\",\"item\":\"https:\\\/\\\/www.living-mallorca.com\\\/\"},{\"@type\":\"ListItem\",\"position\":2,\"name\":\"Romantisches mallorquinisches Bauernhaus\"}]},{\"@type\":\"WebSite\",\"@id\":\"https:\\\/\\\/www.living-mallorca.com\\\/#website\",\"url\":\"https:\\\/\\\/www.living-mallorca.com\\\/\",\"name\":\"Mallorca Living &amp; More\",\"description\":\"Immobilien, Living, Kultur &amp; Kunst\",\"potentialAction\":[{\"@type\":\"SearchAction\",\"target\":{\"@type\":\"EntryPoint\",\"urlTemplate\":\"https:\\\/\\\/www.living-mallorca.com\\\/?s={search_term_string}\"},\"query-input\":{\"@type\":\"PropertyValueSpecification\",\"valueRequired\":true,\"valueName\":\"search_term_string\"}}],\"inLanguage\":\"es\"}]}<\/script>\n<!-- \/ Yoast SEO plugin. -->","yoast_head_json":{"title":"Romantisches mallorquinisches Bauernhaus - Mallorca Living &amp; More","description":"Sch\u00f6nes Grundst\u00fcck mit vielen Orangenb\u00e4umen, kleines Haus mit rustikaler K\u00fcche, offener Wohn-Essbereich......","robots":{"index":"index","follow":"follow","max-snippet":"max-snippet:-1","max-image-preview":"max-image-preview:large","max-video-preview":"max-video-preview:-1"},"canonical":"https:\/\/www.living-mallorca.com\/es\/romantisches-mallorquinisches-bauernhaus\/","og_locale":"es_ES","og_type":"article","og_title":"Romantisches mallorquinisches Bauernhaus - Mallorca Living &amp; More","og_description":"Sch\u00f6nes Grundst\u00fcck mit vielen Orangenb\u00e4umen, kleines Haus mit rustikaler K\u00fcche, offener Wohn-Essbereich......","og_url":"https:\/\/www.living-mallorca.com\/es\/romantisches-mallorquinisches-bauernhaus\/","og_site_name":"Mallorca Living &amp; More","twitter_card":"summary_large_image","twitter_misc":{"Tiempo de lectura":"3 minutos"},"schema":{"@context":"https:\/\/schema.org","@graph":[{"@type":"WebPage","@id":"https:\/\/www.living-mallorca.com\/romantisches-mallorquinisches-bauernhaus\/","url":"https:\/\/www.living-mallorca.com\/romantisches-mallorquinisches-bauernhaus\/","name":"Romantisches mallorquinisches Bauernhaus - Mallorca Living &amp; More","isPartOf":{"@id":"https:\/\/www.living-mallorca.com\/#website"},"datePublished":"2026-03-26T16:05:09+00:00","description":"Sch\u00f6nes Grundst\u00fcck mit vielen Orangenb\u00e4umen, kleines Haus mit rustikaler K\u00fcche, offener Wohn-Essbereich......","breadcrumb":{"@id":"https:\/\/www.living-mallorca.com\/romantisches-mallorquinisches-bauernhaus\/#breadcrumb"},"inLanguage":"es","potentialAction":[{"@type":"ReadAction","target":["https:\/\/www.living-mallorca.com\/romantisches-mallorquinisches-bauernhaus\/"]}]},{"@type":"BreadcrumbList","@id":"https:\/\/www.living-mallorca.com\/romantisches-mallorquinisches-bauernhaus\/#breadcrumb","itemListElement":[{"@type":"ListItem","position":1,"name":"Startseite","item":"https:\/\/www.living-mallorca.com\/"},{"@type":"ListItem","position":2,"name":"Romantisches mallorquinisches Bauernhaus"}]},{"@type":"WebSite","@id":"https:\/\/www.living-mallorca.com\/#website","url":"https:\/\/www.living-mallorca.com\/","name":"Mallorca Living &amp; More","description":"Propiedad, Vida, Cultura y Arte","potentialAction":[{"@type":"SearchAction","target":{"@type":"EntryPoint","urlTemplate":"https:\/\/www.living-mallorca.com\/?s={search_term_string}"},"query-input":{"@type":"PropertyValueSpecification","valueRequired":true,"valueName":"search_term_string"}}],"inLanguage":"es"}]}},"_links":{"self":[{"href":"https:\/\/www.living-mallorca.com\/es\/wp-json\/wp\/v2\/pages\/5079","targetHints":{"allow":["GET"]}}],"collection":[{"href":"https:\/\/www.living-mallorca.com\/es\/wp-json\/wp\/v2\/pages"}],"about":[{"href":"https:\/\/www.living-mallorca.com\/es\/wp-json\/wp\/v2\/types\/page"}],"author":[{"embeddable":true,"href":"https:\/\/www.living-mallorca.com\/es\/wp-json\/wp\/v2\/users\/1"}],"replies":[{"embeddable":true,"href":"https:\/\/www.living-mallorca.com\/es\/wp-json\/wp\/v2\/comments?post=5079"}],"version-history":[{"count":2,"href":"https:\/\/www.living-mallorca.com\/es\/wp-json\/wp\/v2\/pages\/5079\/revisions"}],"predecessor-version":[{"id":5092,"href":"https:\/\/www.living-mallorca.com\/es\/wp-json\/wp\/v2\/pages\/5079\/revisions\/5092"}],"wp:attachment":[{"href":"https:\/\/www.living-mallorca.com\/es\/wp-json\/wp\/v2\/media?parent=5079"}],"curies":[{"name":"wp","href":"https:\/\/api.w.org\/{rel}","templated":true}]}}