{"id":4376,"date":"2025-10-11T09:02:01","date_gmt":"2025-10-11T09:02:01","guid":{"rendered":"https:\/\/www.living-mallorca.com\/?page_id=4376"},"modified":"2025-11-07T13:43:26","modified_gmt":"2025-11-07T13:43:26","slug":"romantische-finca-bei-muro","status":"publish","type":"page","link":"https:\/\/www.living-mallorca.com\/es\/romantische-finca-bei-muro\/","title":{"rendered":"Rom\u00e1ntica finca cerca de Muro"},"content":{"rendered":"\n[et_pb_section fb_built=&#8220;1&#8243; admin_label=&#8220;Intro Sektion&#8220; _builder_version=&#8220;4.16&#8243; global_colors_info=&#8220;{}&#8220;][et_pb_row _builder_version=&#8220;4.16&#8243; _module_preset=&#8220;699a1a14-aa99-453a-ab2e-46d49b6bbd5e&#8220; custom_padding=&#8220;0px||50px||false|false&#8220; custom_padding_tablet=&#8220;0px||30px||false|false&#8220; global_colors_info=&#8220;{}&#8220;][et_pb_column type=&#8220;4_4&#8243; _builder_version=&#8220;4.16&#8243; global_colors_info=&#8220;{}&#8220;][et_pb_text content_tablet=&#8220;<h3>Romantische Finca bei Muro<\/h3>&#8220; content_phone=&#8220;<h1>Romantische Finca bei Muro<\/h1>&#8220; content_last_edited=&#8220;on|phone&#8220; _builder_version=&#8220;4.21.0&#8243; _module_preset=&#8220;default&#8220; hover_enabled=&#8220;0&#8243; global_colors_info=&#8220;{}&#8220; sticky_enabled=&#8220;0&#8243;]<h3>Romantische Finca bei Muro<\/h3>[\/et_pb_text][et_pb_text content_tablet=&#8220;<p>Charmante und wildromantische Finca bei Muro mit Meerblick bis nach Alcudia. Die im 2021 sanierte Finca ist in einem toskanischen Landhausstil eingerichtet. Der Eingangsbereich mit seinen hohen Fenstern bietet viel Licht, zur Rechten befindet sich die sch\u00f6ne und grosse Wohnk\u00fcche mit einladenden Essbereich. Ebenfalls im Erdgeschoss efindet sich ein grossz\u00fcgiges Wohn- und Kaminzimmer. Im hinteren Bereich befindet sich ein m\u00f6gliches Schlafzimmer oder Atelier mit G\u00e4stebad. Im oberen Teil, abgetrennt durch die Galerie befinden sich zwei fast 50 m2 grosse Master-Bedrooms mit Badezimmer und einem kleinen Wohn- oder Arbeitsbereich. Von den grossen Terrassen bietet sich ein weitl\u00e4ufiger Meeres- und Weitblick.\n\nWohnfl\u00e4che 330 m2\n3 Schlafzimmer\nGrundst\u00fcck 12.000 m2<\/p>&#8220; content_phone=&#8220;<p>Charmante und wildromantische Finca bei Muro mit Meerblick bis nach Alcudia. Die im 2021 sanierte Finca ist in einem toskanischen Landhausstil eingerichtet. Der Eingangsbereich mit seinen hohen Fenstern bietet viel Licht, zur Rechten befindet sich die sch\u00f6ne und grosse Wohnk\u00fcche mit einladenden Essbereich. Ebenfalls im Erdgeschoss efindet sich ein grossz\u00fcgiges Wohn- und Kaminzimmer. Im hinteren Bereich befindet sich ein m\u00f6gliches Schlafzimmer oder Atelier mit G\u00e4stebad. Im oberen Teil, abgetrennt durch die Galerie befinden sich zwei fast 50 m2 grosse Master-Bedrooms mit Badezimmer und einem kleinen Wohn- oder Arbeitsbereich. Von den grossen Terrassen bietet sich ein weitl\u00e4ufiger Meeres- und Weitblick.\n\nWohnfl\u00e4che 330 m2\n3 Schlafzimmer\nGrundst\u00fcck 12.000 m2<\/p>&#8220; content_last_edited=&#8220;on|phone&#8220; _builder_version=&#8220;4.21.0&#8243; _module_preset=&#8220;default&#8220; hover_enabled=&#8220;0&#8243; global_colors_info=&#8220;{}&#8220; sticky_enabled=&#8220;0&#8243;]<p>Charmante und wildromantische Finca bei Muro mit Meerblick bis nach Alcudia. Die im 2021 sanierte Finca ist in einem toskanischen Landhausstil eingerichtet. Der Eingangsbereich mit seinen hohen Fenstern bietet viel Licht, zur Rechten befindet sich die sch\u00f6ne und grosse Wohnk\u00fcche mit einladenden Essbereich. Ebenfalls im Erdgeschoss efindet sich ein grossz\u00fcgiges Wohn- und Kaminzimmer. Im hinteren Bereich befindet sich ein m\u00f6gliches Schlafzimmer oder Atelier mit G\u00e4stebad. Im oberen Teil, abgetrennt durch die Galerie befinden sich zwei fast 50 m2 grosse Master-Bedrooms mit Badezimmer und einem kleinen Wohn- oder Arbeitsbereich. Von den grossen Terrassen bietet sich ein weitl\u00e4ufiger Meeres- und Weitblick.\n\nWohnfl\u00e4che 330 m2\n3 Schlafzimmer\nGrundst\u00fcck 12.000 m2<\/p>[\/et_pb_text][et_pb_text content_tablet=&#8220;<h6>Euro: 1&#8217;680&#8217;000<\/h6>&#8220; content_phone=&#8220;<h6>Euro: 1&#8217;680&#8217;000<\/h6>&#8220; content_last_edited=&#8220;on|phone&#8220; _builder_version=&#8220;4.21.0&#8243; _module_preset=&#8220;default&#8220; min_height=&#8220;21px&#8220; custom_padding=&#8220;16px||0px||false|false&#8220; hover_enabled=&#8220;0&#8243; global_colors_info=&#8220;{}&#8220; sticky_enabled=&#8220;0&#8243;]<h6>Euro: 1&#8217;680&#8217;000<\/h6>[\/et_pb_text][\/et_pb_column][\/et_pb_row][et_pb_row _builder_version=&#8220;4.21.0&#8243; _module_preset=&#8220;default&#8220; min_height=&#8220;157px&#8220; custom_margin=&#8220;-36px|auto|0px|auto|false|false&#8220; custom_padding=&#8220;37px||50px||false|false&#8220; global_colors_info=&#8220;{}&#8220;][et_pb_column type=&#8220;4_4&#8243; _builder_version=&#8220;4.21.0&#8243; _module_preset=&#8220;default&#8220; global_colors_info=&#8220;{}&#8220;][et_pb_button button_url=&#8220;https:\/\/www.living-mallorca.com\/kontakt\/&#8220; button_text=&#8220;Besichtigungstermin vereinbaren&#8220; button_text_tablet=&#8220;Besichtigungstermin vereinbaren&#8220; button_text_phone=&#8220;Besichtigungstermin vereinbaren&#8220; button_text_last_edited=&#8220;on|desktop&#8220; _builder_version=&#8220;4.21.0&#8243; _module_preset=&#8220;default&#8220; button_text_color=&#8220;#FFFFFF&#8220; button_bg_color=&#8220;#C38F59&#8243; button_border_radius=&#8220;37px&#8220; button_text_color_tablet=&#8220;#FFFFFF&#8220; button_text_color_phone=&#8220;#FFFFFF&#8220; button_text_color_last_edited=&#8220;on|desktop&#8220; button_border_radius_tablet=&#8220;37px&#8220; button_border_radius_phone=&#8220;37px&#8220; button_border_radius_last_edited=&#8220;on|phone&#8220; global_colors_info=&#8220;{}&#8220;][\/et_pb_button][\/et_pb_column][\/et_pb_row][et_pb_row column_structure=&#8220;1_3,1_3,1_3&#8243; _builder_version=&#8220;4.21.0&#8243; _module_preset=&#8220;default&#8220; global_colors_info=&#8220;{}&#8220;][et_pb_column type=&#8220;1_3&#8243; _builder_version=&#8220;4.21.0&#8243; _module_preset=&#8220;default&#8220; global_colors_info=&#8220;{}&#8220;][et_pb_image src=&#8220;https:\/\/www.living-mallorca.com\/wp-content\/uploads\/2025\/10\/54e9ce84-5bb6-45cb-8adb-4e02b579ed3a.jpeg&#8220; title_text=&#8220;54e9ce84-5bb6-45cb-8adb-4e02b579ed3a&#8220; src_tablet=&#8220;https:\/\/www.living-mallorca.com\/wp-content\/uploads\/2025\/10\/54e9ce84-5bb6-45cb-8adb-4e02b579ed3a.jpeg&#8220; src_phone=&#8220;https:\/\/www.living-mallorca.com\/wp-content\/uploads\/2025\/10\/54e9ce84-5bb6-45cb-8adb-4e02b579ed3a.jpeg&#8220; src_last_edited=&#8220;on|phone&#8220; _builder_version=&#8220;4.21.0&#8243; _module_preset=&#8220;default&#8220; hover_enabled=&#8220;0&#8243; global_colors_info=&#8220;{}&#8220; sticky_enabled=&#8220;0&#8243;][\/et_pb_image][\/et_pb_column][et_pb_column type=&#8220;1_3&#8243; _builder_version=&#8220;4.21.0&#8243; _module_preset=&#8220;default&#8220; global_colors_info=&#8220;{}&#8220;][et_pb_image src=&#8220;https:\/\/www.living-mallorca.com\/wp-content\/uploads\/2025\/10\/844d9696-2707-47d5-bbcc-083b80b7d639.jpeg&#8220; title_text=&#8220;844d9696-2707-47d5-bbcc-083b80b7d639&#8243; src_tablet=&#8220;https:\/\/www.living-mallorca.com\/wp-content\/uploads\/2025\/10\/844d9696-2707-47d5-bbcc-083b80b7d639.jpeg&#8220; src_phone=&#8220;https:\/\/www.living-mallorca.com\/wp-content\/uploads\/2025\/10\/844d9696-2707-47d5-bbcc-083b80b7d639.jpeg&#8220; src_last_edited=&#8220;on|phone&#8220; _builder_version=&#8220;4.21.0&#8243; _module_preset=&#8220;default&#8220; hover_enabled=&#8220;0&#8243; global_colors_info=&#8220;{}&#8220; sticky_enabled=&#8220;0&#8243;][\/et_pb_image][\/et_pb_column][et_pb_column type=&#8220;1_3&#8243; _builder_version=&#8220;4.21.0&#8243; _module_preset=&#8220;default&#8220; global_colors_info=&#8220;{}&#8220;][et_pb_image src=&#8220;https:\/\/www.living-mallorca.com\/wp-content\/uploads\/2025\/10\/3f03072c-c99f-43d7-a75d-5af6a2e47b5f.jpeg&#8220; title_text=&#8220;3f03072c-c99f-43d7-a75d-5af6a2e47b5f&#8220; src_tablet=&#8220;https:\/\/www.living-mallorca.com\/wp-content\/uploads\/2025\/10\/3f03072c-c99f-43d7-a75d-5af6a2e47b5f.jpeg&#8220; src_phone=&#8220;https:\/\/www.living-mallorca.com\/wp-content\/uploads\/2025\/10\/3f03072c-c99f-43d7-a75d-5af6a2e47b5f.jpeg&#8220; src_last_edited=&#8220;on|phone&#8220; _builder_version=&#8220;4.21.0&#8243; _module_preset=&#8220;default&#8220; hover_enabled=&#8220;0&#8243; global_colors_info=&#8220;{}&#8220; sticky_enabled=&#8220;0&#8243;][\/et_pb_image][\/et_pb_column][\/et_pb_row][et_pb_row column_structure=&#8220;1_3,1_3,1_3&#8243; _builder_version=&#8220;4.21.0&#8243; _module_preset=&#8220;default&#8220; custom_margin_tablet=&#8220;-25px||0px||false|false&#8220; custom_margin_phone=&#8220;-25px||||false|false&#8220; global_colors_info=&#8220;{}&#8220;][et_pb_column type=&#8220;1_3&#8243; _builder_version=&#8220;4.21.0&#8243; _module_preset=&#8220;default&#8220; global_colors_info=&#8220;{}&#8220;][\/et_pb_column][et_pb_column type=&#8220;1_3&#8243; _builder_version=&#8220;4.21.0&#8243; _module_preset=&#8220;default&#8220; global_colors_info=&#8220;{}&#8220;][et_pb_button button_url=&#8220;https:\/\/www.living-mallorca.com\/kontakt&#8220; button_text=&#8220;Besichtigungstermin vereinbaren&#8220; button_text_tablet=&#8220;Besichtigungstermin vereinbaren&#8220; button_text_phone=&#8220;Besichtigungstermin vereinbaren&#8220; button_text_last_edited=&#8220;on|desktop&#8220; _builder_version=&#8220;4.21.0&#8243; _module_preset=&#8220;default&#8220; button_text_color=&#8220;#FFFFFF&#8220; button_bg_color=&#8220;#C38F59&#8243; button_border_radius=&#8220;37px&#8220; button_text_color_tablet=&#8220;#FFFFFF&#8220; button_text_color_phone=&#8220;#FFFFFF&#8220; button_text_color_last_edited=&#8220;on|desktop&#8220; button_border_radius_tablet=&#8220;37px&#8220; button_border_radius_phone=&#8220;37px&#8220; button_border_radius_last_edited=&#8220;on|phone&#8220; global_colors_info=&#8220;{}&#8220;][\/et_pb_button][\/et_pb_column][et_pb_column type=&#8220;1_3&#8243; _builder_version=&#8220;4.21.0&#8243; _module_preset=&#8220;default&#8220; global_colors_info=&#8220;{}&#8220;][\/et_pb_column][\/et_pb_row][et_pb_row column_structure=&#8220;1_3,1_3,1_3&#8243; _builder_version=&#8220;4.21.0&#8243; _module_preset=&#8220;default&#8220; custom_margin_tablet=&#8220;-25px||0px||false|false&#8220; custom_margin_phone=&#8220;-25px||||false|false&#8220; hover_enabled=&#8220;0&#8243; global_colors_info=&#8220;{}&#8220; sticky_enabled=&#8220;0&#8243;][et_pb_column type=&#8220;1_3&#8243; _builder_version=&#8220;4.21.0&#8243; _module_preset=&#8220;default&#8220; global_colors_info=&#8220;{}&#8220;][et_pb_image src=&#8220;https:\/\/www.living-mallorca.com\/wp-content\/uploads\/2025\/10\/9eb6b4d8-d1b1-45e3-a93d-4de4c267808c.jpeg&#8220; title_text=&#8220;9eb6b4d8-d1b1-45e3-a93d-4de4c267808c&#8220; src_tablet=&#8220;https:\/\/www.living-mallorca.com\/wp-content\/uploads\/2025\/10\/9eb6b4d8-d1b1-45e3-a93d-4de4c267808c.jpeg&#8220; src_phone=&#8220;https:\/\/www.living-mallorca.com\/wp-content\/uploads\/2025\/10\/9eb6b4d8-d1b1-45e3-a93d-4de4c267808c.jpeg&#8220; src_last_edited=&#8220;on|phone&#8220; _builder_version=&#8220;4.21.0&#8243; _module_preset=&#8220;default&#8220; hover_enabled=&#8220;0&#8243; global_colors_info=&#8220;{}&#8220; sticky_enabled=&#8220;0&#8243;][\/et_pb_image][\/et_pb_column][et_pb_column type=&#8220;1_3&#8243; _builder_version=&#8220;4.21.0&#8243; _module_preset=&#8220;default&#8220; global_colors_info=&#8220;{}&#8220;][et_pb_image src=&#8220;https:\/\/www.living-mallorca.com\/wp-content\/uploads\/2025\/10\/7a81f57b-fd4d-4088-b3b5-5ae1e99e6044.jpeg&#8220; title_text=&#8220;7a81f57b-fd4d-4088-b3b5-5ae1e99e6044&#8243; src_tablet=&#8220;https:\/\/www.living-mallorca.com\/wp-content\/uploads\/2025\/10\/7a81f57b-fd4d-4088-b3b5-5ae1e99e6044.jpeg&#8220; src_phone=&#8220;https:\/\/www.living-mallorca.com\/wp-content\/uploads\/2025\/10\/7a81f57b-fd4d-4088-b3b5-5ae1e99e6044.jpeg&#8220; src_last_edited=&#8220;on|phone&#8220; _builder_version=&#8220;4.21.0&#8243; _module_preset=&#8220;default&#8220; hover_enabled=&#8220;0&#8243; global_colors_info=&#8220;{}&#8220; sticky_enabled=&#8220;0&#8243;][\/et_pb_image][\/et_pb_column][et_pb_column type=&#8220;1_3&#8243; _builder_version=&#8220;4.21.0&#8243; _module_preset=&#8220;default&#8220; global_colors_info=&#8220;{}&#8220;][et_pb_image src=&#8220;https:\/\/www.living-mallorca.com\/wp-content\/uploads\/2025\/10\/1d5d335d-11e4-4836-9856-07a856be5664.jpeg&#8220; title_text=&#8220;1d5d335d-11e4-4836-9856-07a856be5664&#8243; src_tablet=&#8220;https:\/\/www.living-mallorca.com\/wp-content\/uploads\/2025\/10\/1d5d335d-11e4-4836-9856-07a856be5664.jpeg&#8220; src_phone=&#8220;https:\/\/www.living-mallorca.com\/wp-content\/uploads\/2025\/10\/1d5d335d-11e4-4836-9856-07a856be5664.jpeg&#8220; src_last_edited=&#8220;on|phone&#8220; _builder_version=&#8220;4.21.0&#8243; _module_preset=&#8220;default&#8220; hover_enabled=&#8220;0&#8243; global_colors_info=&#8220;{}&#8220; sticky_enabled=&#8220;0&#8243;][\/et_pb_image][\/et_pb_column][\/et_pb_row][\/et_pb_section]\n","protected":false},"excerpt":{"rendered":"<p>Romantische Finca bei MuroCharmante und wildromantische Finca bei Muro mit Meerblick bis nach Alcudia. Die im 2021 sanierte Finca ist in einem toskanischen Landhausstil eingerichtet. Der Eingangsbereich mit seinen hohen Fenstern bietet viel Licht, zur Rechten befindet sich die sch\u00f6ne und grosse Wohnk\u00fcche mit einladenden Essbereich. Ebenfalls im Erdgeschoss efindet sich ein grossz\u00fcgiges Wohn- und [&hellip;]<\/p>\n","protected":false},"author":1,"featured_media":0,"parent":0,"menu_order":0,"comment_status":"closed","ping_status":"closed","template":"","meta":{"_et_pb_use_builder":"on","_et_pb_old_content":"","_et_gb_content_width":"","footnotes":""},"class_list":["post-4376","page","type-page","status-publish","hentry"],"yoast_head":"<!-- This site is optimized with the Yoast SEO plugin v27.4 - https:\/\/yoast.com\/product\/yoast-seo-wordpress\/ -->\n<title>Romantische Finca bei Muro - Mallorca Living &amp; More<\/title>\n<meta name=\"description\" content=\"Charmante Finca bei Muro mit Meerblick, toskanischem Stil und gro\u00dfz\u00fcgigem Wohnraum \u2013 der perfekte R\u00fcckzugsort!\" \/>\n<meta name=\"robots\" content=\"noindex, follow\" \/>\n<meta property=\"og:locale\" content=\"es_ES\" \/>\n<meta property=\"og:type\" content=\"article\" \/>\n<meta property=\"og:title\" content=\"Romantische Finca bei Muro - Mallorca Living &amp; More\" \/>\n<meta property=\"og:description\" content=\"Charmante Finca bei Muro mit Meerblick, toskanischem Stil und gro\u00dfz\u00fcgigem Wohnraum \u2013 der perfekte R\u00fcckzugsort!\" \/>\n<meta property=\"og:url\" content=\"https:\/\/www.living-mallorca.com\/es\/romantische-finca-bei-muro\/\" \/>\n<meta property=\"og:site_name\" content=\"Mallorca Living &amp; More\" \/>\n<meta property=\"article:modified_time\" content=\"2025-11-07T13:43:26+00:00\" \/>\n<meta name=\"twitter:card\" content=\"summary_large_image\" \/>\n<meta name=\"twitter:label1\" content=\"Tiempo de lectura\" \/>\n\t<meta name=\"twitter:data1\" content=\"2 minutos\" \/>\n<script type=\"application\/ld+json\" class=\"yoast-schema-graph\">{\"@context\":\"https:\\\/\\\/schema.org\",\"@graph\":[{\"@type\":\"WebPage\",\"@id\":\"https:\\\/\\\/www.living-mallorca.com\\\/romantische-finca-bei-muro\\\/\",\"url\":\"https:\\\/\\\/www.living-mallorca.com\\\/romantische-finca-bei-muro\\\/\",\"name\":\"Romantische Finca bei Muro - Mallorca Living &amp; More\",\"isPartOf\":{\"@id\":\"https:\\\/\\\/www.living-mallorca.com\\\/#website\"},\"datePublished\":\"2025-10-11T09:02:01+00:00\",\"dateModified\":\"2025-11-07T13:43:26+00:00\",\"description\":\"Charmante Finca bei Muro mit Meerblick, toskanischem Stil und gro\u00dfz\u00fcgigem Wohnraum \u2013 der perfekte R\u00fcckzugsort!\",\"breadcrumb\":{\"@id\":\"https:\\\/\\\/www.living-mallorca.com\\\/romantische-finca-bei-muro\\\/#breadcrumb\"},\"inLanguage\":\"es\",\"potentialAction\":[{\"@type\":\"ReadAction\",\"target\":[\"https:\\\/\\\/www.living-mallorca.com\\\/romantische-finca-bei-muro\\\/\"]}]},{\"@type\":\"BreadcrumbList\",\"@id\":\"https:\\\/\\\/www.living-mallorca.com\\\/romantische-finca-bei-muro\\\/#breadcrumb\",\"itemListElement\":[{\"@type\":\"ListItem\",\"position\":1,\"name\":\"Startseite\",\"item\":\"https:\\\/\\\/www.living-mallorca.com\\\/\"},{\"@type\":\"ListItem\",\"position\":2,\"name\":\"Romantische Finca bei Muro\"}]},{\"@type\":\"WebSite\",\"@id\":\"https:\\\/\\\/www.living-mallorca.com\\\/#website\",\"url\":\"https:\\\/\\\/www.living-mallorca.com\\\/\",\"name\":\"Mallorca Living &amp; More\",\"description\":\"Immobilien, Living, Kultur &amp; Kunst\",\"potentialAction\":[{\"@type\":\"SearchAction\",\"target\":{\"@type\":\"EntryPoint\",\"urlTemplate\":\"https:\\\/\\\/www.living-mallorca.com\\\/?s={search_term_string}\"},\"query-input\":{\"@type\":\"PropertyValueSpecification\",\"valueRequired\":true,\"valueName\":\"search_term_string\"}}],\"inLanguage\":\"es\"}]}<\/script>\n<!-- \/ Yoast SEO plugin. -->","yoast_head_json":{"title":"Romantische Finca bei Muro - Mallorca Living &amp; More","description":"Charmante Finca bei Muro mit Meerblick, toskanischem Stil und gro\u00dfz\u00fcgigem Wohnraum \u2013 der perfekte R\u00fcckzugsort!","robots":{"index":"noindex","follow":"follow"},"og_locale":"es_ES","og_type":"article","og_title":"Romantische Finca bei Muro - Mallorca Living &amp; More","og_description":"Charmante Finca bei Muro mit Meerblick, toskanischem Stil und gro\u00dfz\u00fcgigem Wohnraum \u2013 der perfekte R\u00fcckzugsort!","og_url":"https:\/\/www.living-mallorca.com\/es\/romantische-finca-bei-muro\/","og_site_name":"Mallorca Living &amp; More","article_modified_time":"2025-11-07T13:43:26+00:00","twitter_card":"summary_large_image","twitter_misc":{"Tiempo de lectura":"2 minutos"},"schema":{"@context":"https:\/\/schema.org","@graph":[{"@type":"WebPage","@id":"https:\/\/www.living-mallorca.com\/romantische-finca-bei-muro\/","url":"https:\/\/www.living-mallorca.com\/romantische-finca-bei-muro\/","name":"Romantische Finca bei Muro - Mallorca Living &amp; More","isPartOf":{"@id":"https:\/\/www.living-mallorca.com\/#website"},"datePublished":"2025-10-11T09:02:01+00:00","dateModified":"2025-11-07T13:43:26+00:00","description":"Charmante Finca bei Muro mit Meerblick, toskanischem Stil und gro\u00dfz\u00fcgigem Wohnraum \u2013 der perfekte R\u00fcckzugsort!","breadcrumb":{"@id":"https:\/\/www.living-mallorca.com\/romantische-finca-bei-muro\/#breadcrumb"},"inLanguage":"es","potentialAction":[{"@type":"ReadAction","target":["https:\/\/www.living-mallorca.com\/romantische-finca-bei-muro\/"]}]},{"@type":"BreadcrumbList","@id":"https:\/\/www.living-mallorca.com\/romantische-finca-bei-muro\/#breadcrumb","itemListElement":[{"@type":"ListItem","position":1,"name":"Startseite","item":"https:\/\/www.living-mallorca.com\/"},{"@type":"ListItem","position":2,"name":"Romantische Finca bei Muro"}]},{"@type":"WebSite","@id":"https:\/\/www.living-mallorca.com\/#website","url":"https:\/\/www.living-mallorca.com\/","name":"Mallorca Living &amp; More","description":"Propiedad, Vida, Cultura y Arte","potentialAction":[{"@type":"SearchAction","target":{"@type":"EntryPoint","urlTemplate":"https:\/\/www.living-mallorca.com\/?s={search_term_string}"},"query-input":{"@type":"PropertyValueSpecification","valueRequired":true,"valueName":"search_term_string"}}],"inLanguage":"es"}]}},"_links":{"self":[{"href":"https:\/\/www.living-mallorca.com\/es\/wp-json\/wp\/v2\/pages\/4376","targetHints":{"allow":["GET"]}}],"collection":[{"href":"https:\/\/www.living-mallorca.com\/es\/wp-json\/wp\/v2\/pages"}],"about":[{"href":"https:\/\/www.living-mallorca.com\/es\/wp-json\/wp\/v2\/types\/page"}],"author":[{"embeddable":true,"href":"https:\/\/www.living-mallorca.com\/es\/wp-json\/wp\/v2\/users\/1"}],"replies":[{"embeddable":true,"href":"https:\/\/www.living-mallorca.com\/es\/wp-json\/wp\/v2\/comments?post=4376"}],"version-history":[{"count":3,"href":"https:\/\/www.living-mallorca.com\/es\/wp-json\/wp\/v2\/pages\/4376\/revisions"}],"predecessor-version":[{"id":4386,"href":"https:\/\/www.living-mallorca.com\/es\/wp-json\/wp\/v2\/pages\/4376\/revisions\/4386"}],"wp:attachment":[{"href":"https:\/\/www.living-mallorca.com\/es\/wp-json\/wp\/v2\/media?parent=4376"}],"curies":[{"name":"wp","href":"https:\/\/api.w.org\/{rel}","templated":true}]}}