{"id":4133,"date":"2025-09-15T09:29:58","date_gmt":"2025-09-15T09:29:58","guid":{"rendered":"https:\/\/www.living-mallorca.com\/?page_id=4133"},"modified":"2026-04-10T06:57:40","modified_gmt":"2026-04-10T06:57:40","slug":"highlights","status":"publish","type":"page","link":"https:\/\/www.living-mallorca.com\/es\/highlights\/","title":{"rendered":"Highlights"},"content":{"rendered":"<p>[et_pb_section fb_built=&#8220;1&#8243; custom_padding_last_edited=&#8220;on|tablet&#8220; _builder_version=&#8220;4.21.0&#8243; _module_preset=&#8220;57d413ac-d1b2-4bd6-a5b9-36ef56a5b285&#8243; background_enable_color=&#8220;off&#8220; background_image=&#8220;https:\/\/www.living-mallorca.com\/wp-content\/uploads\/2025\/09\/IMG_4417.jpg&#8220; background_position=&#8220;center_right&#8220; custom_padding=&#8220;80px||80px||true|false&#8220; custom_padding_tablet=&#8220;&#8220; custom_padding_phone=&#8220;&#8220; background_last_edited=&#8220;on|phone&#8220; global_colors_info=&#8220;{}&#8220;][et_pb_row _builder_version=&#8220;4.16&#8243; _module_preset=&#8220;_initial&#8220; global_colors_info=&#8220;{}&#8220;][et_pb_column type=&#8220;4_4&#8243; _builder_version=&#8220;4.16&#8243; _module_preset=&#8220;default&#8220; global_colors_info=&#8220;{}&#8220;][et_pb_text content_tablet=&#8220;<\/p>\n<h1>Highlights<\/h1>\n<p>&#8220; content_phone=&#8220;<\/p>\n<h1>Highlights<\/h1>\n<p>&#8220; content_last_edited=&#8220;on|phone&#8220; _builder_version=&#8220;4.21.0&#8243; _module_preset=&#8220;2d5ca0c2-69d6-4e50-8e7b-50fb8e8cfad1&#8243; global_colors_info=&#8220;{}&#8220;]<\/p>\n<h1>Highlights<\/h1>\n<p>[\/et_pb_text][\/et_pb_column][\/et_pb_row][\/et_pb_section][et_pb_section fb_built=&#8220;1&#8243; _builder_version=&#8220;4.16&#8243; _module_preset=&#8220;default&#8220; custom_padding=&#8220;60px||150px||false|false&#8220; custom_padding_tablet=&#8220;0px||60px||false|false&#8220; custom_padding_phone=&#8220;0px||40px||false|false&#8220; global_colors_info=&#8220;{}&#8220;][et_pb_row _builder_version=&#8220;4.21.0&#8243; _module_preset=&#8220;default&#8220; custom_margin_tablet=&#8220;-20px||0px||false|false&#8220; custom_margin_phone=&#8220;-20px||||false|false&#8220; global_colors_info=&#8220;{}&#8220;][et_pb_column type=&#8220;4_4&#8243; _builder_version=&#8220;4.21.0&#8243; _module_preset=&#8220;default&#8220; global_colors_info=&#8220;{}&#8220;][et_pb_text content_tablet=&#8220;<\/p>\n<h5>Impressionen unserer sch\u00f6nsten Momente bei Mallorca Living &#038; More<\/h5>\n<p>&#8220; content_phone=&#8220;<\/p>\n<h5>Impressionen unserer sch\u00f6nsten Momente bei Mallorca Living &#038; More<\/h5>\n<p>&#8220; content_last_edited=&#8220;on|tablet&#8220; _builder_version=&#8220;4.21.0&#8243; _module_preset=&#8220;default&#8220; header_4_font_tablet=&#8220;&#8220; header_4_font_phone=&#8220;&#8220; header_4_font_last_edited=&#8220;on|tablet&#8220; header_4_text_align_tablet=&#8220;center&#8220; header_4_text_align_phone=&#8220;center&#8220; header_4_text_align_last_edited=&#8220;on|tablet&#8220; text_orientation_tablet=&#8220;center&#8220; text_orientation_phone=&#8220;center&#8220; global_colors_info=&#8220;{}&#8220;]<\/p>\n<h4 style=\"text-align: center;\">Impressionen unserer sch\u00f6nsten Momente bei Mallorca Living &amp; More<\/h4>\n<p>[\/et_pb_text][\/et_pb_column][\/et_pb_row][et_pb_row _builder_version=&#8220;4.21.0&#8243; _module_preset=&#8220;default&#8220; global_colors_info=&#8220;{}&#8220;][et_pb_column type=&#8220;4_4&#8243; _builder_version=&#8220;4.21.0&#8243; _module_preset=&#8220;default&#8220; global_colors_info=&#8220;{}&#8220;][et_pb_text content_tablet=&#8220;<\/p>\n<h3>Vernissage Gruppenausstellung Dona vom 07.03.2026<\/h3>\n<p>&#8220; content_phone=&#8220;<\/p>\n<h3>Vernissage Gruppenausstellung Dona vom 07.03.2026<\/h3>\n<p>&#8220; content_last_edited=&#8220;on|phone&#8220; _builder_version=&#8220;4.21.0&#8243; _module_preset=&#8220;default&#8220; header_4_font_tablet=&#8220;&#8220; header_4_font_phone=&#8220;&#8220; header_4_font_last_edited=&#8220;on|tablet&#8220; header_4_text_align_tablet=&#8220;center&#8220; header_4_text_align_phone=&#8220;center&#8220; header_4_text_align_last_edited=&#8220;on|tablet&#8220; text_orientation_tablet=&#8220;center&#8220; text_orientation_phone=&#8220;center&#8220; global_colors_info=&#8220;{}&#8220;]<\/p>\n<h3>Vernissage Gruppenausstellung Dona vom 07.03.2026<\/h3>\n<p>[\/et_pb_text][et_pb_text content_tablet=&#8220;<\/p>\n<p style=%22text-align: center;%22>Herzlichen Dank an alle Besucherinnen und Besucher unserer Vernissage %22Dona%22! Vier K\u00fcnstlerfrauen: Cris Pink, Rosie Ngyuen, Xela Moyano und La Suza pr\u00e4sentierten beeindruckende Werke im Zeichen der Frau. Es war ein wunderbarer Start in diese tiefgr\u00fcndige Ausstellung.<\/p>\n<p style=%22text-align: center;%22>&#8220; content_phone=&#8220;<\/p>\n<p style=%22text-align: center;%22>Herzlichen Dank an alle Besucherinnen und Besucher unserer Vernissage %22Dona%22! Vier K\u00fcnstlerfrauen: Cris Pink, Rosie Ngyuen, Xela Moyano und La Suza pr\u00e4sentierten beeindruckende Werke im Zeichen der Frau. Es war ein wunderbarer Start in diese tiefgr\u00fcndige Ausstellung.<\/p>\n<p style=%22text-align: center;%22>&#8220; content_last_edited=&#8220;on|phone&#8220; _builder_version=&#8220;4.21.0&#8243; _module_preset=&#8220;default&#8220; global_colors_info=&#8220;{}&#8220;]<\/p>\n<p style=\"text-align: center;\">Herzlichen Dank an alle Besucherinnen und Besucher unserer Vernissage &#8222;Dona&#8220;! Vier K\u00fcnstlerfrauen: Cris Pink, Rosie Ngyuen, Xela Moyano und La Suza pr\u00e4sentierten beeindruckende Werke im Zeichen der Frau. Es war ein wunderbarer Start in diese tiefgr\u00fcndige Ausstellung.<\/p>\n<p style=\"text-align: center;\">[\/et_pb_text][et_pb_gallery gallery_ids=&#8220;5012,5013,5022,5021,5014,5015,5017,5019,5020,5027,5028,5029,5030,5031,5032,5033,5035,5049,5050,5051&#8243; fullwidth=&#8220;on&#8220; _builder_version=&#8220;4.21.0&#8243; _module_preset=&#8220;default&#8220; pagination_font_size=&#8220;17px&#8220; background_color=&#8220;RGBA(255,255,255,0)&#8220; width=&#8220;100%&#8220; width_tablet=&#8220;100%&#8220; width_phone=&#8220;100%&#8220; width_last_edited=&#8220;on|desktop&#8220; max_width=&#8220;100%&#8220; animation_style=&#8220;fold&#8220; background_last_edited=&#8220;on|desktop&#8220; animation_duration_tablet=&#8220;&#8220; animation_duration_phone=&#8220;&#8220; animation_duration_last_edited=&#8220;on|desktop&#8220; border_color_all=&#8220;#0094B2&#8243; border_radii_tablet=&#8220;&#8220; border_radii_phone=&#8220;&#8220; border_radii_last_edited=&#8220;on|desktop&#8220; border_color_all_tablet=&#8220;#0094B2&#8243; border_color_all_phone=&#8220;#0094B2&#8243; border_color_all_last_edited=&#8220;on|desktop&#8220; global_colors_info=&#8220;{}&#8220;][\/et_pb_gallery][et_pb_text content_tablet=&#8220;<\/p>\n<h3>Vernissage Gruppenausstellung vom 05.11.2025<\/h3>\n<p>&#8220; content_phone=&#8220;<\/p>\n<h3>Vernissage Gruppenausstellung vom 05.11.2025<\/h3>\n<p>&#8220; content_last_edited=&#8220;on|phone&#8220; _builder_version=&#8220;4.21.0&#8243; _module_preset=&#8220;default&#8220; header_4_font_tablet=&#8220;&#8220; header_4_font_phone=&#8220;&#8220; header_4_font_last_edited=&#8220;on|tablet&#8220; header_4_text_align_tablet=&#8220;center&#8220; header_4_text_align_phone=&#8220;center&#8220; header_4_text_align_last_edited=&#8220;on|tablet&#8220; text_orientation_tablet=&#8220;center&#8220; text_orientation_phone=&#8220;center&#8220; global_colors_info=&#8220;{}&#8220;]<\/p>\n<h3>Vernissage Gruppenausstellung vom 05.11.2025<\/h3>\n<p>[\/et_pb_text][et_pb_text content_tablet=&#8220;<\/p>\n<p>Liebe Freundinnen, Freunde und G\u00e4ste<br \/>Am Freitag durften wir mit euch und unseren K\u00fcnstlern Carlos Salvatierra, Carmen Fuster, Catalina Julve, Graciela Acosta, Julio Balanguer, Laura Hedrosa, Miquel Mesquida und Teresa Irles einen wunderbaren Abend verbringen.<br \/>Eure Kunstwerke und eure Pr\u00e4senz haben diesen Abend ganz wundervoll gemacht. Ein Geschenk des Lebens. Ganz herzlichen Dank.<\/p>\n<p>&#8220; content_phone=&#8220;<\/p>\n<p>Liebe Freundinnen, Freunde und G\u00e4ste<br \/>\nAm Freitag durften wir mit euch und unseren K\u00fcnstlern Carlos Salvatierra, Carmen Fuster, Catalina Julve, Graciela Acosta, Julio Balanguer, Laura Hedrosa, Miquel Mesquida und Teresa Irles einen wunderbaren Abend verbringen.<br \/>\nEure Kunstwerke und eure Pr\u00e4senz haben diesen Abend ganz wundervoll gemacht. Ein Geschenk des Lebens. Ganz herzlichen Dank.<\/p>\n<p>&#8220; content_last_edited=&#8220;on|phone&#8220; _builder_version=&#8220;4.21.0&#8243; _module_preset=&#8220;default&#8220; global_colors_info=&#8220;{}&#8220;]<\/p>\n<p style=\"text-align: center;\">Liebe Freundinnen, Freunde und G\u00e4ste<br \/>Am Freitag durften wir mit euch und unseren K\u00fcnstlern Carlos Salvatierra, Carmen Fuster, Catalina Julve, Graciela Acosta, Julio Balanguer, Laura Hedrosa, Miquel Mesquida und Teresa Irles einen wunderbaren Abend verbringen.<br \/>Eure Kunstwerke und eure Pr\u00e4senz haben diesen Abend ganz wundervoll gemacht. Ein Geschenk des Lebens. Ganz herzlichen Dank.<\/p>\n<p style=\"text-align: center;\">\n<p>[\/et_pb_text][et_pb_gallery gallery_ids=&#8220;4623,4653,4625,4626,4627,4628,4629,4630,4631,4646,4633,4634,4635,4644,4643,4642,4641,4640,4639,4638,4636,4645&#8243; fullwidth=&#8220;on&#8220; _builder_version=&#8220;4.21.0&#8243; _module_preset=&#8220;default&#8220; pagination_font_size=&#8220;17px&#8220; background_color=&#8220;RGBA(255,255,255,0)&#8220; width=&#8220;100%&#8220; width_tablet=&#8220;100%&#8220; width_phone=&#8220;100%&#8220; width_last_edited=&#8220;on|desktop&#8220; max_width=&#8220;100%&#8220; animation_style=&#8220;fold&#8220; background_last_edited=&#8220;on|desktop&#8220; animation_duration_tablet=&#8220;&#8220; animation_duration_phone=&#8220;&#8220; animation_duration_last_edited=&#8220;on|desktop&#8220; border_color_all=&#8220;#0094B2&#8243; border_radii_tablet=&#8220;&#8220; border_radii_phone=&#8220;&#8220; border_radii_last_edited=&#8220;on|desktop&#8220; border_color_all_tablet=&#8220;#0094B2&#8243; border_color_all_phone=&#8220;#0094B2&#8243; border_color_all_last_edited=&#8220;on|desktop&#8220; global_colors_info=&#8220;{}&#8220;][\/et_pb_gallery][\/et_pb_column][\/et_pb_row][et_pb_row _builder_version=&#8220;4.21.0&#8243; _module_preset=&#8220;default&#8220; global_colors_info=&#8220;{}&#8220;][et_pb_column type=&#8220;4_4&#8243; _builder_version=&#8220;4.21.0&#8243; _module_preset=&#8220;default&#8220; global_colors_info=&#8220;{}&#8220;][et_pb_text content_tablet=&#8220;<\/p>\n<h4>Feliz Domingo mit Meeresbiologin Gigi Torras <\/h4>\n<p>&#8220; content_phone=&#8220;<\/p>\n<h4>Feliz Domingo mit Meeresbiologin Gigi Torras <\/h4>\n<p>&#8220; content_last_edited=&#8220;on|phone&#8220; _builder_version=&#8220;4.21.0&#8243; _module_preset=&#8220;default&#8220; header_4_font_tablet=&#8220;&#8220; header_4_font_phone=&#8220;&#8220; header_4_font_last_edited=&#8220;on|tablet&#8220; header_4_text_align_tablet=&#8220;center&#8220; header_4_text_align_phone=&#8220;center&#8220; header_4_text_align_last_edited=&#8220;on|tablet&#8220; text_orientation_tablet=&#8220;center&#8220; text_orientation_phone=&#8220;center&#8220; global_colors_info=&#8220;{}&#8220;]<\/p>\n<h3>Feliz Domingo mit Meeresbiologin Gigi Torras <\/h3>\n<p>[\/et_pb_text][et_pb_text content_tablet=&#8220;<\/p>\n<p>Danke. Liebe Mallorca-Freundinnen und -Freunde, vielen Dank f\u00fcr euer Kommen und die Teilnahme an diesem spannenden Anlass zum Thema Posidonia. Vielen Dank Gigi f\u00fcr deine Ausf\u00fchrungen und dir Remco f\u00fcr deine Unterst\u00fctzung. Mit euren Ausf\u00fchrungen haben wir erkannt wie wichtig die Posidonia f\u00fcr unsere Umwelt und damit f\u00fcr uns ist. Wir bleiben dran. Mehr Infos gibt es in der n\u00e4chsten Newsletter. Feliz Domingo a todos.<\/p>\n<p>&#8220; content_phone=&#8220;<\/p>\n<p>Danke. Liebe Mallorca-Freundinnen und -Freunde, vielen Dank f\u00fcr euer Kommen und die Teilnahme an diesem spannenden Anlass zum Thema Posidonia. Vielen Dank Gigi f\u00fcr deine Ausf\u00fchrungen und dir Remco f\u00fcr deine Unterst\u00fctzung. Mit euren Ausf\u00fchrungen haben wir erkannt wie wichtig die Posidonia f\u00fcr unsere Umwelt und damit f\u00fcr uns ist. Wir bleiben dran. Mehr Infos gibt es in der n\u00e4chsten Newsletter. Feliz Domingo a todos.<\/p>\n<p>&#8220; content_last_edited=&#8220;on|phone&#8220; _builder_version=&#8220;4.21.0&#8243; _module_preset=&#8220;default&#8220; global_colors_info=&#8220;{}&#8220;]<\/p>\n<p>Danke. Liebe Mallorca-Freundinnen und -Freunde, vielen Dank f\u00fcr euer Kommen und die Teilnahme an diesem spannenden Anlass zum Thema Posidonia. Vielen Dank Gigi f\u00fcr deine Ausf\u00fchrungen und dir Remco f\u00fcr deine Unterst\u00fctzung. Mit euren Ausf\u00fchrungen haben wir erkannt wie wichtig die Posidonia f\u00fcr unsere Umwelt und damit f\u00fcr uns ist. Wir bleiben dran. Mehr Infos gibt es in der n\u00e4chsten Newsletter. Feliz Domingo a todos.<\/p>\n<p>&nbsp;<\/p>\n<p>[\/et_pb_text][et_pb_gallery gallery_ids=&#8220;4505,4506,4507,4508&#8243; fullwidth=&#8220;on&#8220; _builder_version=&#8220;4.21.0&#8243; _module_preset=&#8220;default&#8220; global_colors_info=&#8220;{}&#8220;][\/et_pb_gallery][et_pb_text content_tablet=&#8220;<\/p>\n<h4>Vernissage %22Ones%22, Patxi Echeverr\u00eda<\/h4>\n<p>&#8220; content_phone=&#8220;<\/p>\n<h4>Vernissage %22Ones%22, Patxi Echeverr\u00eda<\/h4>\n<p>&#8220; content_last_edited=&#8220;on|phone&#8220; _builder_version=&#8220;4.21.0&#8243; _module_preset=&#8220;default&#8220; header_4_font_tablet=&#8220;&#8220; header_4_font_phone=&#8220;&#8220; header_4_font_last_edited=&#8220;on|tablet&#8220; header_4_text_align_tablet=&#8220;center&#8220; header_4_text_align_phone=&#8220;center&#8220; header_4_text_align_last_edited=&#8220;on|tablet&#8220; text_orientation_tablet=&#8220;center&#8220; text_orientation_phone=&#8220;center&#8220; global_colors_info=&#8220;{}&#8220;]<\/p>\n<h3>Vernissage &#8222;Ones&#8220;, Patxi Echeverr\u00eda<\/h3>\n<p>[\/et_pb_text][et_pb_gallery gallery_ids=&#8220;4161,4160,4159,4158,4157,4156,4155,4151,4149,4148,4147,4146,4144,4143,4142,4141,4140,4139,4138&#8243; fullwidth=&#8220;on&#8220; _builder_version=&#8220;4.21.0&#8243; _module_preset=&#8220;default&#8220; global_colors_info=&#8220;{}&#8220;][\/et_pb_gallery][\/et_pb_column][\/et_pb_row][et_pb_row _builder_version=&#8220;4.21.0&#8243; _module_preset=&#8220;default&#8220; global_colors_info=&#8220;{}&#8220;][et_pb_column type=&#8220;4_4&#8243; _builder_version=&#8220;4.21.0&#8243; _module_preset=&#8220;default&#8220; global_colors_info=&#8220;{}&#8220;][et_pb_signup mailchimp_list=&#8220;Neue Webseiteninfo|1c550a3963&#8243; title=&#8220;Newsletter&#8220; description=&#8220;<\/p>\n<p> Du interessierst dich f\u00fcr Mallorca, Immobilien, Events und vieles weitere mehr, dann abonniere hier die News von Mallorca Living &#038; More <\/p>\n<p>&#8220; title_tablet=&#8220;Newsletter&#8220; title_phone=&#8220;Newsletter&#8220; title_last_edited=&#8220;on|tablet&#8220; description_tablet=&#8220;<\/p>\n<p>Hier kannst Du unseren Newsletter abonnieren<\/p>\n<p>&#8220; description_phone=&#8220;<\/p>\n<p>Hier kannst Du unseren Newsletter abonnieren<\/p>\n<p>&#8220; description_last_edited=&#8220;on|phone&#8220; _builder_version=&#8220;4.21.0&#8243; _module_preset=&#8220;default&#8220; header_font_size=&#8220;36px&#8220; body_font_size=&#8220;23px&#8220; background_color=&#8220;#0094B2&#8243; hover_enabled=&#8220;0&#8243; header_font_size_tablet=&#8220;36px&#8220; header_font_size_phone=&#8220;36px&#8220; header_font_size_last_edited=&#8220;on|desktop&#8220; body_font_tablet=&#8220;&#8220; body_font_phone=&#8220;&#8220; body_font_last_edited=&#8220;on|desktop&#8220; body_font_size_tablet=&#8220;23px&#8220; body_font_size_phone=&#8220;23px&#8220; body_font_size_last_edited=&#8220;on|desktop&#8220; background_last_edited=&#8220;on|phone&#8220; background_layout_tablet=&#8220;&#8220; background_layout_phone=&#8220;&#8220; background_layout_last_edited=&#8220;on|desktop&#8220; global_colors_info=&#8220;{}&#8220; sticky_enabled=&#8220;0&#8243;][\/et_pb_signup][\/et_pb_column][\/et_pb_row][\/et_pb_section]<\/p>\n","protected":false},"excerpt":{"rendered":"<p>HighlightsImpressionen unserer sch\u00f6nsten Momente bei Mallorca Living &amp; MoreVernissage Gruppenausstellung Dona vom 07.03.2026Herzlichen Dank an alle Besucherinnen und Besucher unserer Vernissage &#8222;Dona&#8220;! Vier K\u00fcnstlerfrauen: Cris Pink, Rosie Ngyuen, Xela Moyano und La Suza pr\u00e4sentierten beeindruckende Werke im Zeichen der Frau. Es war ein wunderbarer Start in diese tiefgr\u00fcndige Ausstellung. Vernissage Gruppenausstellung vom 05.11.2025Liebe Freundinnen, Freunde [&hellip;]<\/p>\n","protected":false},"author":1,"featured_media":0,"parent":0,"menu_order":0,"comment_status":"closed","ping_status":"closed","template":"","meta":{"_et_pb_use_builder":"on","_et_pb_old_content":"","_et_gb_content_width":"","footnotes":""},"class_list":["post-4133","page","type-page","status-publish","hentry"],"yoast_head":"<!-- This site is optimized with the Yoast SEO plugin v27.4 - https:\/\/yoast.com\/product\/yoast-seo-wordpress\/ -->\n<title>Highlights - Mallorca Living &amp; More<\/title>\n<meta name=\"robots\" content=\"noindex, nofollow\" \/>\n<meta property=\"og:locale\" content=\"es_ES\" \/>\n<meta property=\"og:type\" content=\"article\" \/>\n<meta property=\"og:title\" content=\"Highlights - Mallorca Living &amp; More\" \/>\n<meta property=\"og:description\" content=\"HighlightsImpressionen unserer sch\u00f6nsten Momente bei Mallorca Living &amp; MoreVernissage Gruppenausstellung Dona vom 07.03.2026Herzlichen Dank an alle Besucherinnen und Besucher unserer Vernissage &quot;Dona&quot;! Vier K\u00fcnstlerfrauen: Cris Pink, Rosie Ngyuen, Xela Moyano und La Suza pr\u00e4sentierten beeindruckende Werke im Zeichen der Frau. Es war ein wunderbarer Start in diese tiefgr\u00fcndige Ausstellung. Vernissage Gruppenausstellung vom 05.11.2025Liebe Freundinnen, Freunde [&hellip;]\" \/>\n<meta property=\"og:url\" content=\"https:\/\/www.living-mallorca.com\/es\/highlights\/\" \/>\n<meta property=\"og:site_name\" content=\"Mallorca Living &amp; More\" \/>\n<meta property=\"article:modified_time\" content=\"2026-04-10T06:57:40+00:00\" \/>\n<meta name=\"twitter:card\" content=\"summary_large_image\" \/>\n<meta name=\"twitter:label1\" content=\"Tiempo de lectura\" \/>\n\t<meta name=\"twitter:data1\" content=\"3 minutos\" \/>\n<script type=\"application\/ld+json\" class=\"yoast-schema-graph\">{\"@context\":\"https:\\\/\\\/schema.org\",\"@graph\":[{\"@type\":\"WebPage\",\"@id\":\"https:\\\/\\\/www.living-mallorca.com\\\/highlights\\\/\",\"url\":\"https:\\\/\\\/www.living-mallorca.com\\\/highlights\\\/\",\"name\":\"Highlights - Mallorca Living &amp; More\",\"isPartOf\":{\"@id\":\"https:\\\/\\\/www.living-mallorca.com\\\/#website\"},\"datePublished\":\"2025-09-15T09:29:58+00:00\",\"dateModified\":\"2026-04-10T06:57:40+00:00\",\"breadcrumb\":{\"@id\":\"https:\\\/\\\/www.living-mallorca.com\\\/highlights\\\/#breadcrumb\"},\"inLanguage\":\"es\",\"potentialAction\":[{\"@type\":\"ReadAction\",\"target\":[\"https:\\\/\\\/www.living-mallorca.com\\\/highlights\\\/\"]}]},{\"@type\":\"BreadcrumbList\",\"@id\":\"https:\\\/\\\/www.living-mallorca.com\\\/highlights\\\/#breadcrumb\",\"itemListElement\":[{\"@type\":\"ListItem\",\"position\":1,\"name\":\"Startseite\",\"item\":\"https:\\\/\\\/www.living-mallorca.com\\\/\"},{\"@type\":\"ListItem\",\"position\":2,\"name\":\"Highlights\"}]},{\"@type\":\"WebSite\",\"@id\":\"https:\\\/\\\/www.living-mallorca.com\\\/#website\",\"url\":\"https:\\\/\\\/www.living-mallorca.com\\\/\",\"name\":\"Mallorca Living &amp; More\",\"description\":\"Immobilien, Living, Kultur &amp; Kunst\",\"potentialAction\":[{\"@type\":\"SearchAction\",\"target\":{\"@type\":\"EntryPoint\",\"urlTemplate\":\"https:\\\/\\\/www.living-mallorca.com\\\/?s={search_term_string}\"},\"query-input\":{\"@type\":\"PropertyValueSpecification\",\"valueRequired\":true,\"valueName\":\"search_term_string\"}}],\"inLanguage\":\"es\"}]}<\/script>\n<!-- \/ Yoast SEO plugin. -->","yoast_head_json":{"title":"Highlights - Mallorca Living &amp; More","robots":{"index":"noindex","follow":"nofollow"},"og_locale":"es_ES","og_type":"article","og_title":"Highlights - Mallorca Living &amp; More","og_description":"HighlightsImpressionen unserer sch\u00f6nsten Momente bei Mallorca Living &amp; MoreVernissage Gruppenausstellung Dona vom 07.03.2026Herzlichen Dank an alle Besucherinnen und Besucher unserer Vernissage \"Dona\"! Vier K\u00fcnstlerfrauen: Cris Pink, Rosie Ngyuen, Xela Moyano und La Suza pr\u00e4sentierten beeindruckende Werke im Zeichen der Frau. Es war ein wunderbarer Start in diese tiefgr\u00fcndige Ausstellung. Vernissage Gruppenausstellung vom 05.11.2025Liebe Freundinnen, Freunde [&hellip;]","og_url":"https:\/\/www.living-mallorca.com\/es\/highlights\/","og_site_name":"Mallorca Living &amp; More","article_modified_time":"2026-04-10T06:57:40+00:00","twitter_card":"summary_large_image","twitter_misc":{"Tiempo de lectura":"3 minutos"},"schema":{"@context":"https:\/\/schema.org","@graph":[{"@type":"WebPage","@id":"https:\/\/www.living-mallorca.com\/highlights\/","url":"https:\/\/www.living-mallorca.com\/highlights\/","name":"Highlights - Mallorca Living &amp; More","isPartOf":{"@id":"https:\/\/www.living-mallorca.com\/#website"},"datePublished":"2025-09-15T09:29:58+00:00","dateModified":"2026-04-10T06:57:40+00:00","breadcrumb":{"@id":"https:\/\/www.living-mallorca.com\/highlights\/#breadcrumb"},"inLanguage":"es","potentialAction":[{"@type":"ReadAction","target":["https:\/\/www.living-mallorca.com\/highlights\/"]}]},{"@type":"BreadcrumbList","@id":"https:\/\/www.living-mallorca.com\/highlights\/#breadcrumb","itemListElement":[{"@type":"ListItem","position":1,"name":"Startseite","item":"https:\/\/www.living-mallorca.com\/"},{"@type":"ListItem","position":2,"name":"Highlights"}]},{"@type":"WebSite","@id":"https:\/\/www.living-mallorca.com\/#website","url":"https:\/\/www.living-mallorca.com\/","name":"Mallorca Living &amp; More","description":"Propiedad, Vida, Cultura y Arte","potentialAction":[{"@type":"SearchAction","target":{"@type":"EntryPoint","urlTemplate":"https:\/\/www.living-mallorca.com\/?s={search_term_string}"},"query-input":{"@type":"PropertyValueSpecification","valueRequired":true,"valueName":"search_term_string"}}],"inLanguage":"es"}]}},"_links":{"self":[{"href":"https:\/\/www.living-mallorca.com\/es\/wp-json\/wp\/v2\/pages\/4133","targetHints":{"allow":["GET"]}}],"collection":[{"href":"https:\/\/www.living-mallorca.com\/es\/wp-json\/wp\/v2\/pages"}],"about":[{"href":"https:\/\/www.living-mallorca.com\/es\/wp-json\/wp\/v2\/types\/page"}],"author":[{"embeddable":true,"href":"https:\/\/www.living-mallorca.com\/es\/wp-json\/wp\/v2\/users\/1"}],"replies":[{"embeddable":true,"href":"https:\/\/www.living-mallorca.com\/es\/wp-json\/wp\/v2\/comments?post=4133"}],"version-history":[{"count":17,"href":"https:\/\/www.living-mallorca.com\/es\/wp-json\/wp\/v2\/pages\/4133\/revisions"}],"predecessor-version":[{"id":5161,"href":"https:\/\/www.living-mallorca.com\/es\/wp-json\/wp\/v2\/pages\/4133\/revisions\/5161"}],"wp:attachment":[{"href":"https:\/\/www.living-mallorca.com\/es\/wp-json\/wp\/v2\/media?parent=4133"}],"curies":[{"name":"wp","href":"https:\/\/api.w.org\/{rel}","templated":true}]}}