{"id":404,"date":"2020-03-04T18:45:33","date_gmt":"2020-03-04T18:45:33","guid":{"rendered":"https:\/\/www.living-mallorca.com\/?page_id=404"},"modified":"2026-04-17T11:40:47","modified_gmt":"2026-04-17T11:40:47","slug":"kontakt","status":"publish","type":"page","link":"https:\/\/www.living-mallorca.com\/es\/kontakt\/","title":{"rendered":"Contacto"},"content":{"rendered":"<p>[et_pb_section fb_built=&#8220;1&#8243; admin_label=&#8220;Hero Sektion&#8220; _builder_version=&#8220;4.21.0&#8243; _module_preset=&#8220;c032c871-fcff-4d9b-93e1-1931523395a3&#8243; background_enable_color=&#8220;off&#8220; background_image=&#8220;https:\/\/www.living-mallorca.com\/wp-content\/uploads\/2025\/05\/IMG_1919-scaled.jpeg&#8220; min_height_tablet=&#8220;325px&#8220; min_height_phone=&#8220;329px&#8220; height_tablet=&#8220;239px&#8220; height_phone=&#8220;239px&#8220; background_last_edited=&#8220;on|phone&#8220; background_image_tablet=&#8220;https:\/\/www.living-mallorca.com\/wp-content\/uploads\/2025\/05\/IMG_1919-scaled-e1747987329901.jpeg&#8220; background_image_phone=&#8220;https:\/\/www.living-mallorca.com\/wp-content\/uploads\/2025\/05\/IMG_1919-scaled-e1747987329901.jpeg&#8220; background_enable_image_tablet=&#8220;on&#8220; background_enable_image_phone=&#8220;on&#8220; global_colors_info=&#8220;{}&#8220;][\/et_pb_section][et_pb_section fb_built=&#8220;1&#8243; admin_label=&#8220;Intro Sektion&#8220; _builder_version=&#8220;4.16&#8243; _module_preset=&#8220;_initial&#8220; global_colors_info=&#8220;{}&#8220;][et_pb_row _builder_version=&#8220;4.21.0&#8243; _module_preset=&#8220;699a1a14-aa99-453a-ab2e-46d49b6bbd5e&#8220; custom_margin_tablet=&#8220;-15px||0px||false|false&#8220; custom_margin_phone=&#8220;-15px||||false|false&#8220; custom_margin_last_edited=&#8220;on|tablet&#8220; global_colors_info=&#8220;{}&#8220;][et_pb_column type=&#8220;4_4&#8243; _builder_version=&#8220;4.16&#8243; global_colors_info=&#8220;{}&#8220;][et_pb_text content_tablet=&#8220;<\/p>\n<h3> Wir freuen uns darauf dich bei deinen Mallorca-Tr\u00e4umen zu unterst\u00fctzen und tatkr\u00e4ftig zu begleiten.<\/h3>\n<p>&#8220; content_phone=&#8220;<\/p>\n<h3> Wir freuen uns darauf dich bei deinen Mallorca-Tr\u00e4umen zu unterst\u00fctzen und tatkr\u00e4ftig zu begleiten.<\/h3>\n<p>&#8220; content_last_edited=&#8220;on|phone&#8220; _builder_version=&#8220;4.21.0&#8243; _module_preset=&#8220;default&#8220; global_colors_info=&#8220;{}&#8220;]<\/p>\n<h3> Wir freuen uns darauf dich bei deinen Mallorca-Tr\u00e4umen zu unterst\u00fctzen und tatkr\u00e4ftig zu begleiten.<\/h3>\n<p>[\/et_pb_text][et_pb_text content_tablet=&#8220;<\/p>\n<p>Unseren Traum haben wir uns erf\u00fcllt und nun bist du an der Reihe. Ruf uns doch einfach an oder nimm mit diesem Formular oder per Mail Kontakt mit uns auf. Beschreibe bitte kurz, was wir f\u00fcr dich tun k\u00f6nnen und wir melden uns dann umgehend bei dir. Wir freuen uns darauf dich kennenzulernen.<\/p>\n<p>&#8220; content_phone=&#8220;<\/p>\n<p>Unseren Traum haben wir uns erf\u00fcllt und nun bist du an der Reihe. Ruf uns doch einfach an oder nimm mit diesem Formular oder per Mail Kontakt mit uns auf. Beschreibe bitte kurz, was wir f\u00fcr dich tun k\u00f6nnen und wir melden uns dann umgehend bei dir. Wir freuen uns darauf dich kennenzulernen.<\/p>\n<p>&#8220; content_last_edited=&#8220;on|phone&#8220; _builder_version=&#8220;4.21.0&#8243; _module_preset=&#8220;default&#8220; global_colors_info=&#8220;{}&#8220;]<\/p>\n<p>Unseren Traum haben wir uns erf\u00fcllt und nun bist du an der Reihe. Ruf uns doch einfach an oder nimm mit diesem Formular oder per Mail Kontakt mit uns auf. Beschreibe bitte kurz, was wir f\u00fcr dich tun k\u00f6nnen und wir melden uns dann umgehend bei dir. Wir freuen uns darauf dich kennenzulernen.<\/p>\n<p>[\/et_pb_text][\/et_pb_column][\/et_pb_row][et_pb_row _builder_version=&#8220;4.21.0&#8243; _module_preset=&#8220;default&#8220; global_colors_info=&#8220;{}&#8220;][et_pb_column type=&#8220;4_4&#8243; _builder_version=&#8220;4.21.0&#8243; _module_preset=&#8220;default&#8220; global_colors_info=&#8220;{}&#8220;][et_pb_contact_form email=&#8220;anna@living-mallorca.com&#8220; custom_message=&#8220;Liebe Anna Du hast Post von Mallorca Living &#038; More bekommen:||et_pb_line_break_holder||||et_pb_line_break_holder||Name des Interessenten:||et_pb_line_break_holder||%%Name%%||et_pb_line_break_holder||||et_pb_line_break_holder||E-Mail-Adresse des Interessenten:||et_pb_line_break_holder||%%Email%%||et_pb_line_break_holder||||et_pb_line_break_holder||Telefonnummer des Interessenten:||et_pb_line_break_holder||%%Telefonnummer%%||et_pb_line_break_holder||||et_pb_line_break_holder||Nachricht des Interessenten:||et_pb_line_break_holder||%%Nachricht%%||et_pb_line_break_holder||||et_pb_line_break_holder||%%Datenschutz%%&#8220; success_message=&#8220;Danke f\u00fcr deine Anfrage, wir melden uns bei dir!&#8220; _builder_version=&#8220;4.21.0&#8243; _module_preset=&#8220;default&#8220; _unique_id=&#8220;8cbd137d-7306-4e64-901b-8a1f6f01d365&#8243; button_text_color=&#8220;#FFFFFF&#8220; button_bg_color=&#8220;#C38F59&#8243; button_border_radius=&#8220;50px&#8220; button_text_color_tablet=&#8220;#FFFFFF&#8220; button_text_color_phone=&#8220;#FFFFFF&#8220; button_text_color_last_edited=&#8220;on|desktop&#8220; button_bg_color_tablet=&#8220;#C38F59&#8243; button_bg_color_phone=&#8220;#C38F59&#8243; button_bg_color_last_edited=&#8220;on|desktop&#8220; button_border_radius_tablet=&#8220;50px&#8220; button_border_radius_phone=&#8220;50px&#8220; button_border_radius_last_edited=&#8220;on|desktop&#8220; global_colors_info=&#8220;{}&#8220;][et_pb_contact_field field_id=&#8220;Name&#8220; field_title=&#8220;Name&#8220; _builder_version=&#8220;4.16&#8243; global_colors_info=&#8220;{}&#8220; button_text_size__hover_enabled=&#8220;off&#8220; button_one_text_size__hover_enabled=&#8220;off&#8220; button_two_text_size__hover_enabled=&#8220;off&#8220; button_text_color__hover_enabled=&#8220;off&#8220; button_one_text_color__hover_enabled=&#8220;off&#8220; button_two_text_color__hover_enabled=&#8220;off&#8220; button_border_width__hover_enabled=&#8220;off&#8220; button_one_border_width__hover_enabled=&#8220;off&#8220; button_two_border_width__hover_enabled=&#8220;off&#8220; button_border_color__hover_enabled=&#8220;off&#8220; button_one_border_color__hover_enabled=&#8220;off&#8220; button_two_border_color__hover_enabled=&#8220;off&#8220; button_border_radius__hover_enabled=&#8220;off&#8220; button_one_border_radius__hover_enabled=&#8220;off&#8220; button_two_border_radius__hover_enabled=&#8220;off&#8220; button_letter_spacing__hover_enabled=&#8220;off&#8220; button_one_letter_spacing__hover_enabled=&#8220;off&#8220; button_two_letter_spacing__hover_enabled=&#8220;off&#8220; button_bg_color__hover_enabled=&#8220;off&#8220; button_one_bg_color__hover_enabled=&#8220;off&#8220; button_two_bg_color__hover_enabled=&#8220;off&#8220;][\/et_pb_contact_field][et_pb_contact_field field_id=&#8220;Email&#8220; field_title=&#8220;E-Mail-Adresse&#8220; field_type=&#8220;email&#8220; field_title_tablet=&#8220;E-Mail-Adresse&#8220; field_title_phone=&#8220;E-Mail-Adresse&#8220; field_title_last_edited=&#8220;on|phone&#8220; _builder_version=&#8220;4.21.0&#8243; global_colors_info=&#8220;{}&#8220; button_text_size__hover_enabled=&#8220;off&#8220; button_one_text_size__hover_enabled=&#8220;off&#8220; button_two_text_size__hover_enabled=&#8220;off&#8220; button_text_color__hover_enabled=&#8220;off&#8220; button_one_text_color__hover_enabled=&#8220;off&#8220; button_two_text_color__hover_enabled=&#8220;off&#8220; button_border_width__hover_enabled=&#8220;off&#8220; button_one_border_width__hover_enabled=&#8220;off&#8220; button_two_border_width__hover_enabled=&#8220;off&#8220; button_border_color__hover_enabled=&#8220;off&#8220; button_one_border_color__hover_enabled=&#8220;off&#8220; button_two_border_color__hover_enabled=&#8220;off&#8220; button_border_radius__hover_enabled=&#8220;off&#8220; button_one_border_radius__hover_enabled=&#8220;off&#8220; button_two_border_radius__hover_enabled=&#8220;off&#8220; button_letter_spacing__hover_enabled=&#8220;off&#8220; button_one_letter_spacing__hover_enabled=&#8220;off&#8220; button_two_letter_spacing__hover_enabled=&#8220;off&#8220; button_bg_color__hover_enabled=&#8220;off&#8220; button_one_bg_color__hover_enabled=&#8220;off&#8220; button_two_bg_color__hover_enabled=&#8220;off&#8220;][\/et_pb_contact_field][et_pb_contact_field field_id=&#8220;Telefonnummer&#8220; field_title=&#8220;Telefonnummer&#8220; fullwidth_field=&#8220;on&#8220; field_title_tablet=&#8220;Telefonnummer&#8220; field_title_phone=&#8220;Telefonnummer&#8220; field_title_last_edited=&#8220;on|phone&#8220; _builder_version=&#8220;4.21.0&#8243; _module_preset=&#8220;default&#8220; global_colors_info=&#8220;{}&#8220;][\/et_pb_contact_field][et_pb_contact_field field_id=&#8220;Nachricht&#8220; field_title=&#8220;Nachricht&#8220; field_type=&#8220;text&#8220; fullwidth_field=&#8220;on&#8220; field_title_tablet=&#8220;Nachricht&#8220; field_title_phone=&#8220;Nachricht&#8220; field_title_last_edited=&#8220;on|phone&#8220; _builder_version=&#8220;4.21.0&#8243; global_colors_info=&#8220;{}&#8220; button_text_size__hover_enabled=&#8220;off&#8220; button_one_text_size__hover_enabled=&#8220;off&#8220; button_two_text_size__hover_enabled=&#8220;off&#8220; button_text_color__hover_enabled=&#8220;off&#8220; button_one_text_color__hover_enabled=&#8220;off&#8220; button_two_text_color__hover_enabled=&#8220;off&#8220; button_border_width__hover_enabled=&#8220;off&#8220; button_one_border_width__hover_enabled=&#8220;off&#8220; button_two_border_width__hover_enabled=&#8220;off&#8220; button_border_color__hover_enabled=&#8220;off&#8220; button_one_border_color__hover_enabled=&#8220;off&#8220; button_two_border_color__hover_enabled=&#8220;off&#8220; button_border_radius__hover_enabled=&#8220;off&#8220; button_one_border_radius__hover_enabled=&#8220;off&#8220; button_two_border_radius__hover_enabled=&#8220;off&#8220; button_letter_spacing__hover_enabled=&#8220;off&#8220; button_one_letter_spacing__hover_enabled=&#8220;off&#8220; button_two_letter_spacing__hover_enabled=&#8220;off&#8220; button_bg_color__hover_enabled=&#8220;off&#8220; button_one_bg_color__hover_enabled=&#8220;off&#8220; button_two_bg_color__hover_enabled=&#8220;off&#8220;][\/et_pb_contact_field][et_pb_contact_field field_id=&#8220;Datenschutz&#8220; field_title=&#8220;Datenschutz&#8220; field_type=&#8220;checkbox&#8220; checkbox_options=&#8220;%91{%22value%22:%22Ich best\u00e4tige, dass ich die Datenschutzbestimmungen zur Kenntnis genommen habe.%22,%22checked%22:0,%22dragID%22:-1,%22link_url%22:%22https:\/\/www.living-mallorca.com\/datenschutz\/%22}%93&#8243; fullwidth_field=&#8220;on&#8220; field_title_tablet=&#8220;Datenschutz&#8220; field_title_phone=&#8220;Datenschutz&#8220; field_title_last_edited=&#8220;on|phone&#8220; _builder_version=&#8220;4.21.0&#8243; _module_preset=&#8220;default&#8220; global_colors_info=&#8220;{}&#8220;][\/et_pb_contact_field][\/et_pb_contact_form][\/et_pb_column][\/et_pb_row][et_pb_row column_structure=&#8220;1_2,1_2&#8243; _builder_version=&#8220;4.21.0&#8243; _module_preset=&#8220;default&#8220; global_colors_info=&#8220;{}&#8220;][et_pb_column type=&#8220;1_2&#8243; _builder_version=&#8220;4.21.0&#8243; _module_preset=&#8220;default&#8220; global_colors_info=&#8220;{}&#8220;][et_pb_image src=&#8220;https:\/\/www.living-mallorca.com\/wp-content\/uploads\/2026\/03\/Oeffnungszeiten-ab-1.4.26-soziale-Medien.jpg&#8220; title_text=&#8220;Bienvenido (Facebook-Post) &#8211; 1&#8243; src_tablet=&#8220;https:\/\/www.living-mallorca.com\/wp-content\/uploads\/2026\/03\/Oeffnungszeiten-ab-1.4.26-soziale-Medien.jpg&#8220; src_phone=&#8220;https:\/\/www.living-mallorca.com\/wp-content\/uploads\/2026\/03\/Oeffnungszeiten-ab-1.4.26-soziale-Medien.jpg&#8220; src_last_edited=&#8220;on|phone&#8220; _builder_version=&#8220;4.21.0&#8243; _module_preset=&#8220;default&#8220; hover_enabled=&#8220;0&#8243; global_colors_info=&#8220;{}&#8220; sticky_enabled=&#8220;0&#8243;][\/et_pb_image][\/et_pb_column][et_pb_column type=&#8220;1_2&#8243; _builder_version=&#8220;4.21.0&#8243; _module_preset=&#8220;default&#8220; global_colors_info=&#8220;{}&#8220;][et_pb_image src=&#8220;https:\/\/www.living-mallorca.com\/wp-content\/uploads\/2025\/09\/Parking-Porto-Cristo.zip-1-scaled.jpeg&#8220; title_text=&#8220;Parking Porto Cristo.zip &#8211; 1&#8243; src_tablet=&#8220;https:\/\/www.living-mallorca.com\/wp-content\/uploads\/2025\/09\/Parking-Porto-Cristo.zip-1-scaled.jpeg&#8220; src_phone=&#8220;https:\/\/www.living-mallorca.com\/wp-content\/uploads\/2025\/09\/Parking-Porto-Cristo.zip-1-scaled.jpeg&#8220; src_last_edited=&#8220;on|phone&#8220; _builder_version=&#8220;4.21.0&#8243; _module_preset=&#8220;default&#8220; global_colors_info=&#8220;{}&#8220;][\/et_pb_image][\/et_pb_column][\/et_pb_row][et_pb_row _builder_version=&#8220;4.21.0&#8243; _module_preset=&#8220;default&#8220; global_colors_info=&#8220;{}&#8220;][et_pb_column type=&#8220;4_4&#8243; _builder_version=&#8220;4.21.0&#8243; _module_preset=&#8220;default&#8220; global_colors_info=&#8220;{}&#8220;][et_pb_signup mailchimp_list=&#8220;Neue Webseiteninfo|1c550a3963&#8243; title=&#8220;Newsletter&#8220; description=&#8220;<\/p>\n<p> Du interessierst dich f\u00fcr Mallorca, Immobilien, Events und vieles weitere mehr, dann abonniere hier die News von Mallorca Living &#038; More <\/p>\n<p>&#8220; title_tablet=&#8220;Newsletter&#8220; title_phone=&#8220;Newsletter&#8220; title_last_edited=&#8220;on|tablet&#8220; description_tablet=&#8220;<\/p>\n<p>Hier kannst Du unseren Newsletter abonnieren<\/p>\n<p>&#8220; description_phone=&#8220;<\/p>\n<p>Hier kannst Du unseren Newsletter abonnieren<\/p>\n<p>&#8220; description_last_edited=&#8220;on|phone&#8220; _builder_version=&#8220;4.21.0&#8243; _module_preset=&#8220;default&#8220; header_font_size=&#8220;36px&#8220; body_font_size=&#8220;23px&#8220; background_color=&#8220;#0094B2&#8243; header_font_size_tablet=&#8220;36px&#8220; header_font_size_phone=&#8220;36px&#8220; header_font_size_last_edited=&#8220;on|desktop&#8220; body_font_tablet=&#8220;&#8220; body_font_phone=&#8220;&#8220; body_font_last_edited=&#8220;on|desktop&#8220; body_font_size_tablet=&#8220;23px&#8220; body_font_size_phone=&#8220;23px&#8220; body_font_size_last_edited=&#8220;on|desktop&#8220; background_last_edited=&#8220;on|phone&#8220; background_layout_tablet=&#8220;&#8220; background_layout_phone=&#8220;&#8220; background_layout_last_edited=&#8220;on|desktop&#8220; global_colors_info=&#8220;{}&#8220;][\/et_pb_signup][\/et_pb_column][\/et_pb_row][\/et_pb_section]<\/p>\n","protected":false},"excerpt":{"rendered":"<p>Wir freuen uns darauf dich bei deinen Mallorca-Tr\u00e4umen zu unterst\u00fctzen und tatkr\u00e4ftig zu begleiten.Unseren Traum haben wir uns erf\u00fcllt und nun bist du an der Reihe. Ruf uns doch einfach an oder nimm mit diesem Formular oder per Mail Kontakt mit uns auf. Beschreibe bitte kurz, was wir f\u00fcr dich tun k\u00f6nnen und wir melden [&hellip;]<\/p>\n","protected":false},"author":1,"featured_media":0,"parent":0,"menu_order":0,"comment_status":"closed","ping_status":"closed","template":"","meta":{"_et_pb_use_builder":"on","_et_pb_old_content":"","_et_gb_content_width":"","footnotes":""},"class_list":["post-404","page","type-page","status-publish","hentry"],"yoast_head":"<!-- This site is optimized with the Yoast SEO plugin v27.4 - https:\/\/yoast.com\/product\/yoast-seo-wordpress\/ -->\n<title>Kontakt - Mallorca Living &amp; More<\/title>\n<meta name=\"description\" content=\"Suchst du eine Immobilie auf Mallorca? Wir freuen uns darauf dich bei deinen Mallorca-Tr\u00e4umen zu unterst\u00fctzen und tatkr\u00e4ftig zu begleiten.\" \/>\n<meta name=\"robots\" content=\"index, nofollow, max-snippet:-1, max-image-preview:large, max-video-preview:-1\" \/>\n<link rel=\"canonical\" href=\"https:\/\/www.living-mallorca.com\/es\/kontakt\/\" \/>\n<meta property=\"og:locale\" content=\"es_ES\" \/>\n<meta property=\"og:type\" content=\"article\" \/>\n<meta property=\"og:title\" content=\"Kontakt - Mallorca Living &amp; More\" \/>\n<meta property=\"og:description\" content=\"Suchst du eine Immobilie auf Mallorca? Wir freuen uns darauf dich bei deinen Mallorca-Tr\u00e4umen zu unterst\u00fctzen und tatkr\u00e4ftig zu begleiten.\" \/>\n<meta property=\"og:url\" content=\"https:\/\/www.living-mallorca.com\/es\/kontakt\/\" \/>\n<meta property=\"og:site_name\" content=\"Mallorca Living &amp; More\" \/>\n<meta property=\"article:modified_time\" content=\"2026-04-17T11:40:47+00:00\" \/>\n<meta name=\"twitter:card\" content=\"summary_large_image\" \/>\n<meta name=\"twitter:label1\" content=\"Tiempo de lectura\" \/>\n\t<meta name=\"twitter:data1\" content=\"2 minutos\" \/>\n<script type=\"application\/ld+json\" class=\"yoast-schema-graph\">{\"@context\":\"https:\\\/\\\/schema.org\",\"@graph\":[{\"@type\":\"WebPage\",\"@id\":\"https:\\\/\\\/www.living-mallorca.com\\\/kontakt\\\/\",\"url\":\"https:\\\/\\\/www.living-mallorca.com\\\/kontakt\\\/\",\"name\":\"Kontakt - Mallorca Living &amp; More\",\"isPartOf\":{\"@id\":\"https:\\\/\\\/www.living-mallorca.com\\\/#website\"},\"datePublished\":\"2020-03-04T18:45:33+00:00\",\"dateModified\":\"2026-04-17T11:40:47+00:00\",\"description\":\"Suchst du eine Immobilie auf Mallorca? Wir freuen uns darauf dich bei deinen Mallorca-Tr\u00e4umen zu unterst\u00fctzen und tatkr\u00e4ftig zu begleiten.\",\"breadcrumb\":{\"@id\":\"https:\\\/\\\/www.living-mallorca.com\\\/kontakt\\\/#breadcrumb\"},\"inLanguage\":\"es\",\"potentialAction\":[{\"@type\":\"ReadAction\",\"target\":[\"https:\\\/\\\/www.living-mallorca.com\\\/kontakt\\\/\"]}]},{\"@type\":\"BreadcrumbList\",\"@id\":\"https:\\\/\\\/www.living-mallorca.com\\\/kontakt\\\/#breadcrumb\",\"itemListElement\":[{\"@type\":\"ListItem\",\"position\":1,\"name\":\"Startseite\",\"item\":\"https:\\\/\\\/www.living-mallorca.com\\\/\"},{\"@type\":\"ListItem\",\"position\":2,\"name\":\"Kontakt\"}]},{\"@type\":\"WebSite\",\"@id\":\"https:\\\/\\\/www.living-mallorca.com\\\/#website\",\"url\":\"https:\\\/\\\/www.living-mallorca.com\\\/\",\"name\":\"Mallorca Living &amp; More\",\"description\":\"Immobilien, Living, Kultur &amp; Kunst\",\"potentialAction\":[{\"@type\":\"SearchAction\",\"target\":{\"@type\":\"EntryPoint\",\"urlTemplate\":\"https:\\\/\\\/www.living-mallorca.com\\\/?s={search_term_string}\"},\"query-input\":{\"@type\":\"PropertyValueSpecification\",\"valueRequired\":true,\"valueName\":\"search_term_string\"}}],\"inLanguage\":\"es\"}]}<\/script>\n<!-- \/ Yoast SEO plugin. -->","yoast_head_json":{"title":"Kontakt - Mallorca Living &amp; More","description":"Suchst du eine Immobilie auf Mallorca? Wir freuen uns darauf dich bei deinen Mallorca-Tr\u00e4umen zu unterst\u00fctzen und tatkr\u00e4ftig zu begleiten.","robots":{"index":"index","follow":"nofollow","max-snippet":"max-snippet:-1","max-image-preview":"max-image-preview:large","max-video-preview":"max-video-preview:-1"},"canonical":"https:\/\/www.living-mallorca.com\/es\/kontakt\/","og_locale":"es_ES","og_type":"article","og_title":"Kontakt - Mallorca Living &amp; More","og_description":"Suchst du eine Immobilie auf Mallorca? Wir freuen uns darauf dich bei deinen Mallorca-Tr\u00e4umen zu unterst\u00fctzen und tatkr\u00e4ftig zu begleiten.","og_url":"https:\/\/www.living-mallorca.com\/es\/kontakt\/","og_site_name":"Mallorca Living &amp; More","article_modified_time":"2026-04-17T11:40:47+00:00","twitter_card":"summary_large_image","twitter_misc":{"Tiempo de lectura":"2 minutos"},"schema":{"@context":"https:\/\/schema.org","@graph":[{"@type":"WebPage","@id":"https:\/\/www.living-mallorca.com\/kontakt\/","url":"https:\/\/www.living-mallorca.com\/kontakt\/","name":"Kontakt - Mallorca Living &amp; More","isPartOf":{"@id":"https:\/\/www.living-mallorca.com\/#website"},"datePublished":"2020-03-04T18:45:33+00:00","dateModified":"2026-04-17T11:40:47+00:00","description":"Suchst du eine Immobilie auf Mallorca? Wir freuen uns darauf dich bei deinen Mallorca-Tr\u00e4umen zu unterst\u00fctzen und tatkr\u00e4ftig zu begleiten.","breadcrumb":{"@id":"https:\/\/www.living-mallorca.com\/kontakt\/#breadcrumb"},"inLanguage":"es","potentialAction":[{"@type":"ReadAction","target":["https:\/\/www.living-mallorca.com\/kontakt\/"]}]},{"@type":"BreadcrumbList","@id":"https:\/\/www.living-mallorca.com\/kontakt\/#breadcrumb","itemListElement":[{"@type":"ListItem","position":1,"name":"Startseite","item":"https:\/\/www.living-mallorca.com\/"},{"@type":"ListItem","position":2,"name":"Kontakt"}]},{"@type":"WebSite","@id":"https:\/\/www.living-mallorca.com\/#website","url":"https:\/\/www.living-mallorca.com\/","name":"Mallorca Living &amp; More","description":"Propiedad, Vida, Cultura y Arte","potentialAction":[{"@type":"SearchAction","target":{"@type":"EntryPoint","urlTemplate":"https:\/\/www.living-mallorca.com\/?s={search_term_string}"},"query-input":{"@type":"PropertyValueSpecification","valueRequired":true,"valueName":"search_term_string"}}],"inLanguage":"es"}]}},"_links":{"self":[{"href":"https:\/\/www.living-mallorca.com\/es\/wp-json\/wp\/v2\/pages\/404","targetHints":{"allow":["GET"]}}],"collection":[{"href":"https:\/\/www.living-mallorca.com\/es\/wp-json\/wp\/v2\/pages"}],"about":[{"href":"https:\/\/www.living-mallorca.com\/es\/wp-json\/wp\/v2\/types\/page"}],"author":[{"embeddable":true,"href":"https:\/\/www.living-mallorca.com\/es\/wp-json\/wp\/v2\/users\/1"}],"replies":[{"embeddable":true,"href":"https:\/\/www.living-mallorca.com\/es\/wp-json\/wp\/v2\/comments?post=404"}],"version-history":[{"count":7,"href":"https:\/\/www.living-mallorca.com\/es\/wp-json\/wp\/v2\/pages\/404\/revisions"}],"predecessor-version":[{"id":5176,"href":"https:\/\/www.living-mallorca.com\/es\/wp-json\/wp\/v2\/pages\/404\/revisions\/5176"}],"wp:attachment":[{"href":"https:\/\/www.living-mallorca.com\/es\/wp-json\/wp\/v2\/media?parent=404"}],"curies":[{"name":"wp","href":"https:\/\/api.w.org\/{rel}","templated":true}]}}