{"id":3942,"date":"2025-08-19T14:40:13","date_gmt":"2025-08-19T14:40:13","guid":{"rendered":"https:\/\/www.living-mallorca.com\/?page_id=3942"},"modified":"2025-11-07T13:29:33","modified_gmt":"2025-11-07T13:29:33","slug":"patxi-echeverria","status":"publish","type":"page","link":"https:\/\/www.living-mallorca.com\/es\/patxi-echeverria\/","title":{"rendered":"Patxi Echeverr\u00eda"},"content":{"rendered":"\n[et_pb_section fb_built=&#8220;1&#8243; admin_label=&#8220;Intro Sektion&#8220; _builder_version=&#8220;4.16&#8243; global_colors_info=&#8220;{}&#8220;][et_pb_row _builder_version=&#8220;4.16&#8243; _module_preset=&#8220;699a1a14-aa99-453a-ab2e-46d49b6bbd5e&#8220; custom_padding=&#8220;0px||50px||false|false&#8220; custom_padding_tablet=&#8220;0px||30px||false|false&#8220; global_colors_info=&#8220;{}&#8220;][et_pb_column type=&#8220;4_4&#8243; _builder_version=&#8220;4.16&#8243; global_colors_info=&#8220;{}&#8220;][et_pb_text content_tablet=&#8220;<h5>Patxi Echerverria, Palma 1955 &#8211; 2021<\/h5>&#8220; content_phone=&#8220;<h5>Patxi Echerverria\nPalma 1955 &#8211; 2021<\/h5>&#8220; content_last_edited=&#8220;on|tablet&#8220; _builder_version=&#8220;4.21.0&#8243; _module_preset=&#8220;default&#8220; hover_enabled=&#8220;0&#8243; global_colors_info=&#8220;{}&#8220; sticky_enabled=&#8220;0&#8243;]<h6>Patxi Echerverria, Palma 1955 &#8211; 2021<\/h6>[\/et_pb_text][et_pb_text content_tablet=&#8220;<p> Patxi Echeverria war ein K\u00fcnstler, der sich der Experimentierfreude und der Interpretation der Welt durch Leinwand und Materie widmete, wobei er seine Lebenserfahrung mit dem Dialog der zeitgen\u00f6ssischen Kunst verband. Er begann in der Figuration, doch sein Werk war stets auf st\u00e4ndiger Suche und Rebellion, beeinflusst von gro\u00dfen Stimmen wie T\u00e0pies, Mir\u00f3 und Twombly. Seine Arbeiten umfassten Malerei, Skulptur und Objekte, wobei er Materialit\u00e4t, Symbolik und Schrift erforschte, mit gro\u00dfer Leidenschaft f\u00fcr Innovation und Authentizit\u00e4t. Echeverrias Werk spiegelt sein pers\u00f6nliches Engagement, seine Neugier und den Wunsch wider, Spuren in der Kunst zu hinterlassen, wobei er das Visuelle mit dem Emotionalen, Musikalischen und Philosophischen verbindet. Sein Verm\u00e4chtnis ist eine nomadische Reise, die sein Leben, seine Erinnerung und seine Kreativit\u00e4t vereint und seinen unklassifizierbaren Charakter sowie seine Liebe zur st\u00e4ndigen Experimentierfreude zeigt. <\/p>&#8220; content_phone=&#8220;<p> Patxi Echeverria war ein K\u00fcnstler, der sich der Experimentierfreude und der Interpretation der Welt durch Leinwand und Materie widmete, wobei er seine Lebenserfahrung mit dem Dialog der zeitgen\u00f6ssischen Kunst verband. Er begann in der Figuration, doch sein Werk war stets auf st\u00e4ndiger Suche und Rebellion, beeinflusst von gro\u00dfen Stimmen wie T\u00e0pies, Mir\u00f3 und Twombly. Seine Arbeiten umfassten Malerei, Skulptur und Objekte, wobei er Materialit\u00e4t, Symbolik und Schrift erforschte, mit gro\u00dfer Leidenschaft f\u00fcr Innovation und Authentizit\u00e4t. Echeverrias Werk spiegelt sein pers\u00f6nliches Engagement, seine Neugier und den Wunsch wider, Spuren in der Kunst zu hinterlassen, wobei er das Visuelle mit dem Emotionalen, Musikalischen und Philosophischen verbindet. Sein Verm\u00e4chtnis ist eine nomadische Reise, die sein Leben, seine Erinnerung und seine Kreativit\u00e4t vereint und seinen unklassifizierbaren Charakter sowie seine Liebe zur st\u00e4ndigen Experimentierfreude zeigt. <\/p>&#8220; content_last_edited=&#8220;on|phone&#8220; _builder_version=&#8220;4.21.0&#8243; _module_preset=&#8220;default&#8220; hover_enabled=&#8220;0&#8243; global_colors_info=&#8220;{}&#8220; sticky_enabled=&#8220;0&#8243;]<p> Patxi Echeverria war ein K\u00fcnstler, der sich der Experimentierfreude und der Interpretation der Welt durch Leinwand und Materie widmete, wobei er seine Lebenserfahrung mit dem Dialog der zeitgen\u00f6ssischen Kunst verband. Er begann in der Figuration, doch sein Werk war stets auf st\u00e4ndiger Suche und Rebellion, beeinflusst von gro\u00dfen Stimmen wie T\u00e0pies, Mir\u00f3 und Twombly. Seine Arbeiten umfassten Malerei, Skulptur und Objekte, wobei er Materialit\u00e4t, Symbolik und Schrift erforschte, mit gro\u00dfer Leidenschaft f\u00fcr Innovation und Authentizit\u00e4t. Echeverrias Werk spiegelt sein pers\u00f6nliches Engagement, seine Neugier und den Wunsch wider, Spuren in der Kunst zu hinterlassen, wobei er das Visuelle mit dem Emotionalen, Musikalischen und Philosophischen verbindet. Sein Verm\u00e4chtnis ist eine nomadische Reise, die sein Leben, seine Erinnerung und seine Kreativit\u00e4t vereint und seinen unklassifizierbaren Charakter sowie seine Liebe zur st\u00e4ndigen Experimentierfreude zeigt. <\/p>[\/et_pb_text][\/et_pb_column][\/et_pb_row][et_pb_row column_structure=&#8220;1_3,1_3,1_3&#8243; _builder_version=&#8220;4.21.0&#8243; _module_preset=&#8220;default&#8220; background_color=&#8220;#E5E3E0&#8243; background_last_edited=&#8220;on|desktop&#8220; global_colors_info=&#8220;{}&#8220;][et_pb_column type=&#8220;1_3&#8243; _builder_version=&#8220;4.21.0&#8243; _module_preset=&#8220;default&#8220; global_colors_info=&#8220;{}&#8220;][et_pb_image src=&#8220;https:\/\/www.living-mallorca.com\/wp-content\/uploads\/2025\/08\/Posterbild.jpg&#8220; title_text=&#8220;Posterbild&#8220; url=&#8220;https:\/\/www.living-mallorca.com\/traumfinca-bei-santanyi\/&#8220; url_new_window=&#8220;on&#8220; src_tablet=&#8220;https:\/\/www.living-mallorca.com\/wp-content\/uploads\/2025\/08\/Posterbild.jpg&#8220; src_phone=&#8220;https:\/\/www.living-mallorca.com\/wp-content\/uploads\/2025\/08\/Posterbild.jpg&#8220; src_last_edited=&#8220;on|phone&#8220; _builder_version=&#8220;4.21.0&#8243; _module_preset=&#8220;default&#8220; background_color=&#8220;#0094B2&#8243; hover_enabled=&#8220;0&#8243; global_colors_info=&#8220;{}&#8220; sticky_enabled=&#8220;0&#8243;][\/et_pb_image][\/et_pb_column][et_pb_column type=&#8220;1_3&#8243; _builder_version=&#8220;4.21.0&#8243; _module_preset=&#8220;default&#8220; global_colors_info=&#8220;{}&#8220;][et_pb_image src=&#8220;https:\/\/www.living-mallorca.com\/wp-content\/uploads\/2025\/08\/Portrait-Patxi1.jpg&#8220; title_text=&#8220;Portrait Patxi1&#8243; src_tablet=&#8220;https:\/\/www.living-mallorca.com\/wp-content\/uploads\/2025\/08\/Portrait-Patxi1.jpg&#8220; src_phone=&#8220;https:\/\/www.living-mallorca.com\/wp-content\/uploads\/2025\/08\/Portrait-Patxi1.jpg&#8220; src_last_edited=&#8220;on|phone&#8220; _builder_version=&#8220;4.21.0&#8243; _module_preset=&#8220;default&#8220; hover_enabled=&#8220;0&#8243; global_colors_info=&#8220;{}&#8220; sticky_enabled=&#8220;0&#8243;][\/et_pb_image][\/et_pb_column][et_pb_column type=&#8220;1_3&#8243; _builder_version=&#8220;4.21.0&#8243; _module_preset=&#8220;default&#8220; global_colors_info=&#8220;{}&#8220;][et_pb_image src=&#8220;https:\/\/www.living-mallorca.com\/wp-content\/uploads\/2025\/08\/Bild-mit-Rahmen.jpg&#8220; title_text=&#8220;Bild mit Rahmen&#8220; url=&#8220;https:\/\/www.living-mallorca.com\/finca-bei-son-serra-de-marina\/&#8220; url_new_window=&#8220;on&#8220; src_tablet=&#8220;https:\/\/www.living-mallorca.com\/wp-content\/uploads\/2025\/08\/Bild-mit-Rahmen.jpg&#8220; src_phone=&#8220;https:\/\/www.living-mallorca.com\/wp-content\/uploads\/2025\/08\/Bild-mit-Rahmen.jpg&#8220; src_last_edited=&#8220;on|desktop&#8220; _builder_version=&#8220;4.21.0&#8243; _module_preset=&#8220;default&#8220; hover_enabled=&#8220;0&#8243; global_colors_info=&#8220;{}&#8220; sticky_enabled=&#8220;0&#8243;][\/et_pb_image][\/et_pb_column][\/et_pb_row][et_pb_row _builder_version=&#8220;4.21.0&#8243; _module_preset=&#8220;default&#8220; hover_enabled=&#8220;0&#8243; global_colors_info=&#8220;{}&#8220; sticky_enabled=&#8220;0&#8243;][et_pb_column type=&#8220;4_4&#8243; _builder_version=&#8220;4.21.0&#8243; _module_preset=&#8220;default&#8220; global_colors_info=&#8220;{}&#8220;][et_pb_image src=&#8220;https:\/\/www.living-mallorca.com\/wp-content\/uploads\/2025\/08\/Bild-breit.jpg&#8220; title_text=&#8220;Bild breit&#8220; src_tablet=&#8220;https:\/\/www.living-mallorca.com\/wp-content\/uploads\/2025\/08\/Bild-breit.jpg&#8220; src_phone=&#8220;https:\/\/www.living-mallorca.com\/wp-content\/uploads\/2025\/08\/Bild-breit.jpg&#8220; src_last_edited=&#8220;on|phone&#8220; _builder_version=&#8220;4.21.0&#8243; _module_preset=&#8220;default&#8220; hover_enabled=&#8220;0&#8243; global_colors_info=&#8220;{}&#8220; sticky_enabled=&#8220;0&#8243;][\/et_pb_image][\/et_pb_column][\/et_pb_row][\/et_pb_section]\n","protected":false},"excerpt":{"rendered":"<p>Patxi Echerverria, Palma 1955 &#8211; 2021 Patxi Echeverria war ein K\u00fcnstler, der sich der Experimentierfreude und der Interpretation der Welt durch Leinwand und Materie widmete, wobei er seine Lebenserfahrung mit dem Dialog der zeitgen\u00f6ssischen Kunst verband. Er begann in der Figuration, doch sein Werk war stets auf st\u00e4ndiger Suche und Rebellion, beeinflusst von gro\u00dfen Stimmen [&hellip;]<\/p>\n","protected":false},"author":1,"featured_media":0,"parent":0,"menu_order":0,"comment_status":"closed","ping_status":"closed","template":"","meta":{"_et_pb_use_builder":"on","_et_pb_old_content":"","_et_gb_content_width":"","footnotes":""},"class_list":["post-3942","page","type-page","status-publish","hentry"],"yoast_head":"<!-- This site is optimized with the Yoast SEO plugin v27.4 - https:\/\/yoast.com\/product\/yoast-seo-wordpress\/ -->\n<title>Patxi Echeverria - Mallorca Living &amp; More<\/title>\n<meta name=\"description\" content=\"Entdecken Sie das faszinierende Werk von Patxi Echeverria, einem K\u00fcnstler, der Realit\u00e4t und Emotionen auf einzigartige Weise verbindet.\" \/>\n<meta name=\"robots\" content=\"noindex, nofollow\" \/>\n<meta property=\"og:locale\" content=\"es_ES\" \/>\n<meta property=\"og:type\" content=\"article\" \/>\n<meta property=\"og:title\" content=\"Patxi Echeverria - Mallorca Living &amp; More\" \/>\n<meta property=\"og:description\" content=\"Entdecken Sie das faszinierende Werk von Patxi Echeverria, einem K\u00fcnstler, der Realit\u00e4t und Emotionen auf einzigartige Weise verbindet.\" \/>\n<meta property=\"og:url\" content=\"https:\/\/www.living-mallorca.com\/es\/patxi-echeverria\/\" \/>\n<meta property=\"og:site_name\" content=\"Mallorca Living &amp; More\" \/>\n<meta property=\"article:modified_time\" content=\"2025-11-07T13:29:33+00:00\" \/>\n<meta name=\"twitter:card\" content=\"summary_large_image\" \/>\n<meta name=\"twitter:label1\" content=\"Tiempo de lectura\" \/>\n\t<meta name=\"twitter:data1\" content=\"2 minutos\" \/>\n<script type=\"application\/ld+json\" class=\"yoast-schema-graph\">{\"@context\":\"https:\\\/\\\/schema.org\",\"@graph\":[{\"@type\":\"WebPage\",\"@id\":\"https:\\\/\\\/www.living-mallorca.com\\\/patxi-echeverria\\\/\",\"url\":\"https:\\\/\\\/www.living-mallorca.com\\\/patxi-echeverria\\\/\",\"name\":\"Patxi Echeverria - Mallorca Living &amp; More\",\"isPartOf\":{\"@id\":\"https:\\\/\\\/www.living-mallorca.com\\\/#website\"},\"datePublished\":\"2025-08-19T14:40:13+00:00\",\"dateModified\":\"2025-11-07T13:29:33+00:00\",\"description\":\"Entdecken Sie das faszinierende Werk von Patxi Echeverria, einem K\u00fcnstler, der Realit\u00e4t und Emotionen auf einzigartige Weise verbindet.\",\"breadcrumb\":{\"@id\":\"https:\\\/\\\/www.living-mallorca.com\\\/patxi-echeverria\\\/#breadcrumb\"},\"inLanguage\":\"es\",\"potentialAction\":[{\"@type\":\"ReadAction\",\"target\":[\"https:\\\/\\\/www.living-mallorca.com\\\/patxi-echeverria\\\/\"]}]},{\"@type\":\"BreadcrumbList\",\"@id\":\"https:\\\/\\\/www.living-mallorca.com\\\/patxi-echeverria\\\/#breadcrumb\",\"itemListElement\":[{\"@type\":\"ListItem\",\"position\":1,\"name\":\"Startseite\",\"item\":\"https:\\\/\\\/www.living-mallorca.com\\\/\"},{\"@type\":\"ListItem\",\"position\":2,\"name\":\"Patxi Echeverria\"}]},{\"@type\":\"WebSite\",\"@id\":\"https:\\\/\\\/www.living-mallorca.com\\\/#website\",\"url\":\"https:\\\/\\\/www.living-mallorca.com\\\/\",\"name\":\"Mallorca Living &amp; More\",\"description\":\"Immobilien, Living, Kultur &amp; Kunst\",\"potentialAction\":[{\"@type\":\"SearchAction\",\"target\":{\"@type\":\"EntryPoint\",\"urlTemplate\":\"https:\\\/\\\/www.living-mallorca.com\\\/?s={search_term_string}\"},\"query-input\":{\"@type\":\"PropertyValueSpecification\",\"valueRequired\":true,\"valueName\":\"search_term_string\"}}],\"inLanguage\":\"es\"}]}<\/script>\n<!-- \/ Yoast SEO plugin. -->","yoast_head_json":{"title":"Patxi Echeverria - Mallorca Living &amp; More","description":"Entdecken Sie das faszinierende Werk von Patxi Echeverria, einem K\u00fcnstler, der Realit\u00e4t und Emotionen auf einzigartige Weise verbindet.","robots":{"index":"noindex","follow":"nofollow"},"og_locale":"es_ES","og_type":"article","og_title":"Patxi Echeverria - Mallorca Living &amp; More","og_description":"Entdecken Sie das faszinierende Werk von Patxi Echeverria, einem K\u00fcnstler, der Realit\u00e4t und Emotionen auf einzigartige Weise verbindet.","og_url":"https:\/\/www.living-mallorca.com\/es\/patxi-echeverria\/","og_site_name":"Mallorca Living &amp; More","article_modified_time":"2025-11-07T13:29:33+00:00","twitter_card":"summary_large_image","twitter_misc":{"Tiempo de lectura":"2 minutos"},"schema":{"@context":"https:\/\/schema.org","@graph":[{"@type":"WebPage","@id":"https:\/\/www.living-mallorca.com\/patxi-echeverria\/","url":"https:\/\/www.living-mallorca.com\/patxi-echeverria\/","name":"Patxi Echeverria - Mallorca Living &amp; More","isPartOf":{"@id":"https:\/\/www.living-mallorca.com\/#website"},"datePublished":"2025-08-19T14:40:13+00:00","dateModified":"2025-11-07T13:29:33+00:00","description":"Entdecken Sie das faszinierende Werk von Patxi Echeverria, einem K\u00fcnstler, der Realit\u00e4t und Emotionen auf einzigartige Weise verbindet.","breadcrumb":{"@id":"https:\/\/www.living-mallorca.com\/patxi-echeverria\/#breadcrumb"},"inLanguage":"es","potentialAction":[{"@type":"ReadAction","target":["https:\/\/www.living-mallorca.com\/patxi-echeverria\/"]}]},{"@type":"BreadcrumbList","@id":"https:\/\/www.living-mallorca.com\/patxi-echeverria\/#breadcrumb","itemListElement":[{"@type":"ListItem","position":1,"name":"Startseite","item":"https:\/\/www.living-mallorca.com\/"},{"@type":"ListItem","position":2,"name":"Patxi Echeverria"}]},{"@type":"WebSite","@id":"https:\/\/www.living-mallorca.com\/#website","url":"https:\/\/www.living-mallorca.com\/","name":"Mallorca Living &amp; More","description":"Propiedad, Vida, Cultura y Arte","potentialAction":[{"@type":"SearchAction","target":{"@type":"EntryPoint","urlTemplate":"https:\/\/www.living-mallorca.com\/?s={search_term_string}"},"query-input":{"@type":"PropertyValueSpecification","valueRequired":true,"valueName":"search_term_string"}}],"inLanguage":"es"}]}},"_links":{"self":[{"href":"https:\/\/www.living-mallorca.com\/es\/wp-json\/wp\/v2\/pages\/3942","targetHints":{"allow":["GET"]}}],"collection":[{"href":"https:\/\/www.living-mallorca.com\/es\/wp-json\/wp\/v2\/pages"}],"about":[{"href":"https:\/\/www.living-mallorca.com\/es\/wp-json\/wp\/v2\/types\/page"}],"author":[{"embeddable":true,"href":"https:\/\/www.living-mallorca.com\/es\/wp-json\/wp\/v2\/users\/1"}],"replies":[{"embeddable":true,"href":"https:\/\/www.living-mallorca.com\/es\/wp-json\/wp\/v2\/comments?post=3942"}],"version-history":[{"count":1,"href":"https:\/\/www.living-mallorca.com\/es\/wp-json\/wp\/v2\/pages\/3942\/revisions"}],"predecessor-version":[{"id":4545,"href":"https:\/\/www.living-mallorca.com\/es\/wp-json\/wp\/v2\/pages\/3942\/revisions\/4545"}],"wp:attachment":[{"href":"https:\/\/www.living-mallorca.com\/es\/wp-json\/wp\/v2\/media?parent=3942"}],"curies":[{"name":"wp","href":"https:\/\/api.w.org\/{rel}","templated":true}]}}