{"id":3920,"date":"2025-08-12T16:06:27","date_gmt":"2025-08-12T16:06:27","guid":{"rendered":"https:\/\/www.living-mallorca.com\/?page_id=3920"},"modified":"2025-11-07T13:51:32","modified_gmt":"2025-11-07T13:51:32","slug":"stadthaus-felanitx","status":"publish","type":"page","link":"https:\/\/www.living-mallorca.com\/es\/stadthaus-felanitx\/","title":{"rendered":"Casa en el pueblo en Felanitx"},"content":{"rendered":"\n[et_pb_section fb_built=&#8220;1&#8243; admin_label=&#8220;Intro Sektion&#8220; _builder_version=&#8220;4.16&#8243; global_colors_info=&#8220;{}&#8220;][et_pb_row _builder_version=&#8220;4.16&#8243; _module_preset=&#8220;699a1a14-aa99-453a-ab2e-46d49b6bbd5e&#8220; custom_padding=&#8220;0px||50px||false|false&#8220; custom_padding_tablet=&#8220;0px||30px||false|false&#8220; global_colors_info=&#8220;{}&#8220;][et_pb_column type=&#8220;4_4&#8243; _builder_version=&#8220;4.16&#8243; global_colors_info=&#8220;{}&#8220;][et_pb_text content_tablet=&#8220;<h3>Stadthaus in Felanitx<\/h3>&#8220; content_phone=&#8220;<h1>Stadthaus in Felanitx<\/h1>&#8220; content_last_edited=&#8220;on|phone&#8220; _builder_version=&#8220;4.21.0&#8243; _module_preset=&#8220;default&#8220; hover_enabled=&#8220;0&#8243; global_colors_info=&#8220;{}&#8220; sticky_enabled=&#8220;0&#8243;]<h3>Stadthaus in Felanitx<\/h3>[\/et_pb_text][et_pb_text content_tablet=&#8220;<p>Charmantes und grossz\u00fcgiges Stadthaus in ruhigem und sch\u00f6nen Wohnquartier Belpuig von Felanitx. Grosser Eingangsbereich, 4 Schlafzimmer, 2 Badezimmer, heller Salon, Wohnk\u00fcche im Erdgeschoss. Ebenso ein sehr grosser Patio mit vielen liebevollen Details und Pflanzen. Eine Treppe f\u00fchrt in den oberen Stock mit einem weiteren Wohnbereich, zwei Schlafzimmern und einem Badezimmer. Auf der Terrasse l\u00e4sst sich die Abendsonne geniessen.<\/p>&#8220; content_phone=&#8220;<p>Charmantes und grossz\u00fcgiges Stadthaus in ruhigem und sch\u00f6nen Wohnquartier Belpuig von Felanitx. Grosser Eingangsbereich, 4 Schlafzimmer, 2 Badezimmer, heller Salon, Wohnk\u00fcche im Erdgeschoss. Ebenso ein sehr grosser Patio mit vielen liebevollen Details und Pflanzen. Eine Treppe f\u00fchrt in den oberen Stock mit einem weiteren Wohnbereich, zwei Schlafzimmern und einem Badezimmer. Auf der Terrasse l\u00e4sst sich die Abendsonne geniessen.<\/p>&#8220; content_last_edited=&#8220;on|phone&#8220; _builder_version=&#8220;4.21.0&#8243; _module_preset=&#8220;default&#8220; hover_enabled=&#8220;0&#8243; global_colors_info=&#8220;{}&#8220; sticky_enabled=&#8220;0&#8243;]<p>Charmantes und grossz\u00fcgiges Stadthaus in ruhigem und sch\u00f6nen Wohnquartier Belpuig von Felanitx. Grosser Eingangsbereich, 4 Schlafzimmer, 2 Badezimmer, heller Salon, Wohnk\u00fcche im Erdgeschoss. Ebenso ein sehr grosser Patio mit vielen liebevollen Details und Pflanzen. Eine Treppe f\u00fchrt in den oberen Stock mit einem weiteren Wohnbereich, zwei Schlafzimmern und einem Badezimmer. Auf der Terrasse l\u00e4sst sich die Abendsonne geniessen.<\/p>[\/et_pb_text][et_pb_text content_tablet=&#8220;<h6>Preis auf Anfrage<\/h6>&#8220; content_phone=&#8220;<h6>Preis auf Anfrage<\/h6>&#8220; content_last_edited=&#8220;on|phone&#8220; _builder_version=&#8220;4.21.0&#8243; _module_preset=&#8220;default&#8220; min_height=&#8220;21px&#8220; custom_padding=&#8220;16px||0px||false|false&#8220; hover_enabled=&#8220;0&#8243; global_colors_info=&#8220;{}&#8220; sticky_enabled=&#8220;0&#8243;]<h6>Preis auf Anfrage<\/h6>[\/et_pb_text][\/et_pb_column][\/et_pb_row][et_pb_row _builder_version=&#8220;4.21.0&#8243; _module_preset=&#8220;default&#8220; min_height=&#8220;157px&#8220; custom_margin=&#8220;-36px|auto|0px|auto|false|false&#8220; custom_padding=&#8220;37px||50px||false|false&#8220; global_colors_info=&#8220;{}&#8220;][et_pb_column type=&#8220;4_4&#8243; _builder_version=&#8220;4.21.0&#8243; _module_preset=&#8220;default&#8220; global_colors_info=&#8220;{}&#8220;][et_pb_button button_url=&#8220;https:\/\/www.living-mallorca.com\/kontakt\/&#8220; button_text=&#8220;Besichtigungstermin vereinbaren&#8220; button_text_tablet=&#8220;Besichtigungstermin vereinbaren&#8220; button_text_phone=&#8220;Besichtigungstermin vereinbaren&#8220; button_text_last_edited=&#8220;on|desktop&#8220; _builder_version=&#8220;4.21.0&#8243; _module_preset=&#8220;default&#8220; button_text_color=&#8220;#FFFFFF&#8220; button_bg_color=&#8220;#C38F59&#8243; button_border_radius=&#8220;37px&#8220; custom_margin_tablet=&#8220;0px||||false|false&#8220; custom_margin_phone=&#8220;-10px||||false|false&#8220; custom_margin_last_edited=&#8220;on|tablet&#8220; button_text_color_tablet=&#8220;#FFFFFF&#8220; button_text_color_phone=&#8220;#FFFFFF&#8220; button_text_color_last_edited=&#8220;on|desktop&#8220; button_border_radius_tablet=&#8220;37px&#8220; button_border_radius_phone=&#8220;37px&#8220; button_border_radius_last_edited=&#8220;on|phone&#8220; global_colors_info=&#8220;{}&#8220;][\/et_pb_button][\/et_pb_column][\/et_pb_row][et_pb_row column_structure=&#8220;1_3,1_3,1_3&#8243; _builder_version=&#8220;4.21.0&#8243; _module_preset=&#8220;default&#8220; global_colors_info=&#8220;{}&#8220;][et_pb_column type=&#8220;1_3&#8243; _builder_version=&#8220;4.21.0&#8243; _module_preset=&#8220;default&#8220; global_colors_info=&#8220;{}&#8220;][et_pb_image src=&#8220;https:\/\/www.living-mallorca.com\/wp-content\/uploads\/2025\/08\/Salon_VistaPatio1.jpg&#8220; title_text=&#8220;Salon_VistaPatio1&#8243; src_tablet=&#8220;https:\/\/www.living-mallorca.com\/wp-content\/uploads\/2025\/08\/Salon_VistaPatio1.jpg&#8220; src_phone=&#8220;https:\/\/www.living-mallorca.com\/wp-content\/uploads\/2025\/08\/Salon_VistaPatio1.jpg&#8220; src_last_edited=&#8220;on|phone&#8220; _builder_version=&#8220;4.21.0&#8243; _module_preset=&#8220;default&#8220; hover_enabled=&#8220;0&#8243; global_colors_info=&#8220;{}&#8220; sticky_enabled=&#8220;0&#8243;][\/et_pb_image][\/et_pb_column][et_pb_column type=&#8220;1_3&#8243; _builder_version=&#8220;4.21.0&#8243; _module_preset=&#8220;default&#8220; global_colors_info=&#8220;{}&#8220;][et_pb_image src=&#8220;https:\/\/www.living-mallorca.com\/wp-content\/uploads\/2025\/08\/Patio3.jpg&#8220; title_text=&#8220;Patio3&#8243; src_tablet=&#8220;https:\/\/www.living-mallorca.com\/wp-content\/uploads\/2025\/08\/Patio3.jpg&#8220; src_phone=&#8220;https:\/\/www.living-mallorca.com\/wp-content\/uploads\/2025\/08\/Patio3.jpg&#8220; src_last_edited=&#8220;on|phone&#8220; _builder_version=&#8220;4.21.0&#8243; _module_preset=&#8220;default&#8220; hover_enabled=&#8220;0&#8243; global_colors_info=&#8220;{}&#8220; sticky_enabled=&#8220;0&#8243;][\/et_pb_image][\/et_pb_column][et_pb_column type=&#8220;1_3&#8243; _builder_version=&#8220;4.21.0&#8243; _module_preset=&#8220;default&#8220; global_colors_info=&#8220;{}&#8220;][et_pb_image src=&#8220;https:\/\/www.living-mallorca.com\/wp-content\/uploads\/2025\/08\/Patio2.jpg&#8220; title_text=&#8220;Patio2&#8243; src_tablet=&#8220;https:\/\/www.living-mallorca.com\/wp-content\/uploads\/2025\/08\/Patio2.jpg&#8220; src_phone=&#8220;https:\/\/www.living-mallorca.com\/wp-content\/uploads\/2025\/08\/Patio2.jpg&#8220; src_last_edited=&#8220;on|phone&#8220; _builder_version=&#8220;4.21.0&#8243; _module_preset=&#8220;default&#8220; hover_enabled=&#8220;0&#8243; global_colors_info=&#8220;{}&#8220; sticky_enabled=&#8220;0&#8243;][\/et_pb_image][\/et_pb_column][\/et_pb_row][et_pb_row column_structure=&#8220;1_3,1_3,1_3&#8243; _builder_version=&#8220;4.21.0&#8243; _module_preset=&#8220;default&#8220; custom_margin_tablet=&#8220;-25px||0px||false|false&#8220; custom_margin_phone=&#8220;-25px||||false|false&#8220; global_colors_info=&#8220;{}&#8220;][et_pb_column type=&#8220;1_3&#8243; _builder_version=&#8220;4.21.0&#8243; _module_preset=&#8220;default&#8220; global_colors_info=&#8220;{}&#8220;][et_pb_image src=&#8220;https:\/\/www.living-mallorca.com\/wp-content\/uploads\/2025\/08\/Habitacion2.jpg&#8220; title_text=&#8220;Habitacion2&#8243; src_tablet=&#8220;https:\/\/www.living-mallorca.com\/wp-content\/uploads\/2025\/08\/Habitacion2.jpg&#8220; src_phone=&#8220;https:\/\/www.living-mallorca.com\/wp-content\/uploads\/2025\/08\/Habitacion2.jpg&#8220; src_last_edited=&#8220;on|phone&#8220; _builder_version=&#8220;4.21.0&#8243; _module_preset=&#8220;default&#8220; hover_enabled=&#8220;0&#8243; global_colors_info=&#8220;{}&#8220; sticky_enabled=&#8220;0&#8243;][\/et_pb_image][\/et_pb_column][et_pb_column type=&#8220;1_3&#8243; _builder_version=&#8220;4.21.0&#8243; _module_preset=&#8220;default&#8220; global_colors_info=&#8220;{}&#8220;][et_pb_button button_url=&#8220;https:\/\/www.living-mallorca.com\/kontakt&#8220; button_text=&#8220;Besichtigungstermin vereinbaren&#8220; button_text_tablet=&#8220;Besichtigungstermin vereinbaren&#8220; button_text_phone=&#8220;Besichtigungstermin vereinbaren&#8220; button_text_last_edited=&#8220;on|desktop&#8220; _builder_version=&#8220;4.21.0&#8243; _module_preset=&#8220;default&#8220; button_text_color=&#8220;#FFFFFF&#8220; button_bg_color=&#8220;#C38F59&#8243; button_border_radius=&#8220;37px&#8220; button_text_color_tablet=&#8220;#FFFFFF&#8220; button_text_color_phone=&#8220;#FFFFFF&#8220; button_text_color_last_edited=&#8220;on|desktop&#8220; button_border_radius_tablet=&#8220;37px&#8220; button_border_radius_phone=&#8220;37px&#8220; button_border_radius_last_edited=&#8220;on|phone&#8220; global_colors_info=&#8220;{}&#8220;][\/et_pb_button][\/et_pb_column][et_pb_column type=&#8220;1_3&#8243; _builder_version=&#8220;4.21.0&#8243; _module_preset=&#8220;default&#8220; global_colors_info=&#8220;{}&#8220;][et_pb_image src=&#8220;https:\/\/www.living-mallorca.com\/wp-content\/uploads\/2025\/08\/Escalera1.jpg&#8220; title_text=&#8220;Escalera1&#8243; src_tablet=&#8220;https:\/\/www.living-mallorca.com\/wp-content\/uploads\/2025\/08\/Escalera1.jpg&#8220; src_phone=&#8220;https:\/\/www.living-mallorca.com\/wp-content\/uploads\/2025\/08\/Escalera1.jpg&#8220; src_last_edited=&#8220;on|phone&#8220; _builder_version=&#8220;4.21.0&#8243; _module_preset=&#8220;default&#8220; hover_enabled=&#8220;0&#8243; global_colors_info=&#8220;{}&#8220; sticky_enabled=&#8220;0&#8243;][\/et_pb_image][\/et_pb_column][\/et_pb_row][et_pb_row column_structure=&#8220;1_3,1_3,1_3&#8243; _builder_version=&#8220;4.21.0&#8243; _module_preset=&#8220;default&#8220; global_colors_info=&#8220;{}&#8220;][et_pb_column type=&#8220;1_3&#8243; _builder_version=&#8220;4.21.0&#8243; _module_preset=&#8220;default&#8220; global_colors_info=&#8220;{}&#8220;][et_pb_image src=&#8220;https:\/\/www.living-mallorca.com\/wp-content\/uploads\/2025\/08\/Entrada2.jpg&#8220; title_text=&#8220;Entrada2&#8243; src_tablet=&#8220;https:\/\/www.living-mallorca.com\/wp-content\/uploads\/2025\/08\/Entrada2.jpg&#8220; src_phone=&#8220;https:\/\/www.living-mallorca.com\/wp-content\/uploads\/2025\/08\/Entrada2.jpg&#8220; src_last_edited=&#8220;on|phone&#8220; _builder_version=&#8220;4.21.0&#8243; _module_preset=&#8220;default&#8220; hover_enabled=&#8220;0&#8243; global_colors_info=&#8220;{}&#8220; sticky_enabled=&#8220;0&#8243;][\/et_pb_image][\/et_pb_column][et_pb_column type=&#8220;1_3&#8243; _builder_version=&#8220;4.21.0&#8243; _module_preset=&#8220;default&#8220; global_colors_info=&#8220;{}&#8220;][et_pb_image src=&#8220;https:\/\/www.living-mallorca.com\/wp-content\/uploads\/2025\/08\/Patio1.jpg&#8220; title_text=&#8220;Patio1&#8243; src_tablet=&#8220;https:\/\/www.living-mallorca.com\/wp-content\/uploads\/2025\/08\/Patio1.jpg&#8220; src_phone=&#8220;https:\/\/www.living-mallorca.com\/wp-content\/uploads\/2025\/08\/Patio1.jpg&#8220; src_last_edited=&#8220;on|phone&#8220; _builder_version=&#8220;4.21.0&#8243; _module_preset=&#8220;default&#8220; hover_enabled=&#8220;0&#8243; global_colors_info=&#8220;{}&#8220; sticky_enabled=&#8220;0&#8243;][\/et_pb_image][\/et_pb_column][et_pb_column type=&#8220;1_3&#8243; _builder_version=&#8220;4.21.0&#8243; _module_preset=&#8220;default&#8220; global_colors_info=&#8220;{}&#8220;][et_pb_image src=&#8220;https:\/\/www.living-mallorca.com\/wp-content\/uploads\/2025\/08\/Habitacion1.jpg&#8220; title_text=&#8220;Habitacion1&#8243; src_tablet=&#8220;https:\/\/www.living-mallorca.com\/wp-content\/uploads\/2025\/08\/Habitacion1.jpg&#8220; src_phone=&#8220;https:\/\/www.living-mallorca.com\/wp-content\/uploads\/2025\/08\/Habitacion1.jpg&#8220; src_last_edited=&#8220;on|phone&#8220; _builder_version=&#8220;4.21.0&#8243; _module_preset=&#8220;default&#8220; hover_enabled=&#8220;0&#8243; global_colors_info=&#8220;{}&#8220; sticky_enabled=&#8220;0&#8243;][\/et_pb_image][\/et_pb_column][\/et_pb_row][\/et_pb_section]\n","protected":false},"excerpt":{"rendered":"<p>Stadthaus in FelanitxCharmantes und grossz\u00fcgiges Stadthaus in ruhigem und sch\u00f6nen Wohnquartier Belpuig von Felanitx. Grosser Eingangsbereich, 4 Schlafzimmer, 2 Badezimmer, heller Salon, Wohnk\u00fcche im Erdgeschoss. Ebenso ein sehr grosser Patio mit vielen liebevollen Details und Pflanzen. Eine Treppe f\u00fchrt in den oberen Stock mit einem weiteren Wohnbereich, zwei Schlafzimmern und einem Badezimmer. Auf der Terrasse [&hellip;]<\/p>\n","protected":false},"author":1,"featured_media":0,"parent":0,"menu_order":0,"comment_status":"closed","ping_status":"closed","template":"","meta":{"_et_pb_use_builder":"on","_et_pb_old_content":"","_et_gb_content_width":"","footnotes":""},"class_list":["post-3920","page","type-page","status-publish","hentry"],"yoast_head":"<!-- This site is optimized with the Yoast SEO plugin v27.4 - https:\/\/yoast.com\/product\/yoast-seo-wordpress\/ -->\n<title>Stadthaus in Felanitx - Mallorca Living &amp; More<\/title>\n<meta name=\"description\" content=\"Charmantes Stadthaus in ruhiger Lage: 4 Schlafzimmer, heller Salon, gro\u00dfer Patio und Terrasse f\u00fcr unvergessliche Sonnenunterg\u00e4nge.\" \/>\n<meta name=\"robots\" content=\"noindex, follow\" \/>\n<meta property=\"og:locale\" content=\"es_ES\" \/>\n<meta property=\"og:type\" content=\"article\" \/>\n<meta property=\"og:title\" content=\"Stadthaus in Felanitx - Mallorca Living &amp; More\" \/>\n<meta property=\"og:description\" content=\"Charmantes Stadthaus in ruhiger Lage: 4 Schlafzimmer, heller Salon, gro\u00dfer Patio und Terrasse f\u00fcr unvergessliche Sonnenunterg\u00e4nge.\" \/>\n<meta property=\"og:url\" content=\"https:\/\/www.living-mallorca.com\/es\/stadthaus-felanitx\/\" \/>\n<meta property=\"og:site_name\" content=\"Mallorca Living &amp; More\" \/>\n<meta property=\"article:modified_time\" content=\"2025-11-07T13:51:32+00:00\" \/>\n<meta name=\"twitter:card\" content=\"summary_large_image\" \/>\n<meta name=\"twitter:label1\" content=\"Tiempo de lectura\" \/>\n\t<meta name=\"twitter:data1\" content=\"3 minutos\" \/>\n<script type=\"application\/ld+json\" class=\"yoast-schema-graph\">{\"@context\":\"https:\\\/\\\/schema.org\",\"@graph\":[{\"@type\":\"WebPage\",\"@id\":\"https:\\\/\\\/www.living-mallorca.com\\\/stadthaus-felanitx\\\/\",\"url\":\"https:\\\/\\\/www.living-mallorca.com\\\/stadthaus-felanitx\\\/\",\"name\":\"Stadthaus in Felanitx - Mallorca Living &amp; More\",\"isPartOf\":{\"@id\":\"https:\\\/\\\/www.living-mallorca.com\\\/#website\"},\"datePublished\":\"2025-08-12T16:06:27+00:00\",\"dateModified\":\"2025-11-07T13:51:32+00:00\",\"description\":\"Charmantes Stadthaus in ruhiger Lage: 4 Schlafzimmer, heller Salon, gro\u00dfer Patio und Terrasse f\u00fcr unvergessliche Sonnenunterg\u00e4nge.\",\"breadcrumb\":{\"@id\":\"https:\\\/\\\/www.living-mallorca.com\\\/stadthaus-felanitx\\\/#breadcrumb\"},\"inLanguage\":\"es\",\"potentialAction\":[{\"@type\":\"ReadAction\",\"target\":[\"https:\\\/\\\/www.living-mallorca.com\\\/stadthaus-felanitx\\\/\"]}]},{\"@type\":\"BreadcrumbList\",\"@id\":\"https:\\\/\\\/www.living-mallorca.com\\\/stadthaus-felanitx\\\/#breadcrumb\",\"itemListElement\":[{\"@type\":\"ListItem\",\"position\":1,\"name\":\"Startseite\",\"item\":\"https:\\\/\\\/www.living-mallorca.com\\\/\"},{\"@type\":\"ListItem\",\"position\":2,\"name\":\"Stadthaus in Felanitx\"}]},{\"@type\":\"WebSite\",\"@id\":\"https:\\\/\\\/www.living-mallorca.com\\\/#website\",\"url\":\"https:\\\/\\\/www.living-mallorca.com\\\/\",\"name\":\"Mallorca Living &amp; More\",\"description\":\"Immobilien, Living, Kultur &amp; Kunst\",\"potentialAction\":[{\"@type\":\"SearchAction\",\"target\":{\"@type\":\"EntryPoint\",\"urlTemplate\":\"https:\\\/\\\/www.living-mallorca.com\\\/?s={search_term_string}\"},\"query-input\":{\"@type\":\"PropertyValueSpecification\",\"valueRequired\":true,\"valueName\":\"search_term_string\"}}],\"inLanguage\":\"es\"}]}<\/script>\n<!-- \/ Yoast SEO plugin. -->","yoast_head_json":{"title":"Stadthaus in Felanitx - Mallorca Living &amp; More","description":"Charmantes Stadthaus in ruhiger Lage: 4 Schlafzimmer, heller Salon, gro\u00dfer Patio und Terrasse f\u00fcr unvergessliche Sonnenunterg\u00e4nge.","robots":{"index":"noindex","follow":"follow"},"og_locale":"es_ES","og_type":"article","og_title":"Stadthaus in Felanitx - Mallorca Living &amp; More","og_description":"Charmantes Stadthaus in ruhiger Lage: 4 Schlafzimmer, heller Salon, gro\u00dfer Patio und Terrasse f\u00fcr unvergessliche Sonnenunterg\u00e4nge.","og_url":"https:\/\/www.living-mallorca.com\/es\/stadthaus-felanitx\/","og_site_name":"Mallorca Living &amp; More","article_modified_time":"2025-11-07T13:51:32+00:00","twitter_card":"summary_large_image","twitter_misc":{"Tiempo de lectura":"3 minutos"},"schema":{"@context":"https:\/\/schema.org","@graph":[{"@type":"WebPage","@id":"https:\/\/www.living-mallorca.com\/stadthaus-felanitx\/","url":"https:\/\/www.living-mallorca.com\/stadthaus-felanitx\/","name":"Stadthaus in Felanitx - Mallorca Living &amp; More","isPartOf":{"@id":"https:\/\/www.living-mallorca.com\/#website"},"datePublished":"2025-08-12T16:06:27+00:00","dateModified":"2025-11-07T13:51:32+00:00","description":"Charmantes Stadthaus in ruhiger Lage: 4 Schlafzimmer, heller Salon, gro\u00dfer Patio und Terrasse f\u00fcr unvergessliche Sonnenunterg\u00e4nge.","breadcrumb":{"@id":"https:\/\/www.living-mallorca.com\/stadthaus-felanitx\/#breadcrumb"},"inLanguage":"es","potentialAction":[{"@type":"ReadAction","target":["https:\/\/www.living-mallorca.com\/stadthaus-felanitx\/"]}]},{"@type":"BreadcrumbList","@id":"https:\/\/www.living-mallorca.com\/stadthaus-felanitx\/#breadcrumb","itemListElement":[{"@type":"ListItem","position":1,"name":"Startseite","item":"https:\/\/www.living-mallorca.com\/"},{"@type":"ListItem","position":2,"name":"Stadthaus in Felanitx"}]},{"@type":"WebSite","@id":"https:\/\/www.living-mallorca.com\/#website","url":"https:\/\/www.living-mallorca.com\/","name":"Mallorca Living &amp; More","description":"Propiedad, Vida, Cultura y Arte","potentialAction":[{"@type":"SearchAction","target":{"@type":"EntryPoint","urlTemplate":"https:\/\/www.living-mallorca.com\/?s={search_term_string}"},"query-input":{"@type":"PropertyValueSpecification","valueRequired":true,"valueName":"search_term_string"}}],"inLanguage":"es"}]}},"_links":{"self":[{"href":"https:\/\/www.living-mallorca.com\/es\/wp-json\/wp\/v2\/pages\/3920","targetHints":{"allow":["GET"]}}],"collection":[{"href":"https:\/\/www.living-mallorca.com\/es\/wp-json\/wp\/v2\/pages"}],"about":[{"href":"https:\/\/www.living-mallorca.com\/es\/wp-json\/wp\/v2\/types\/page"}],"author":[{"embeddable":true,"href":"https:\/\/www.living-mallorca.com\/es\/wp-json\/wp\/v2\/users\/1"}],"replies":[{"embeddable":true,"href":"https:\/\/www.living-mallorca.com\/es\/wp-json\/wp\/v2\/comments?post=3920"}],"version-history":[{"count":1,"href":"https:\/\/www.living-mallorca.com\/es\/wp-json\/wp\/v2\/pages\/3920\/revisions"}],"predecessor-version":[{"id":4550,"href":"https:\/\/www.living-mallorca.com\/es\/wp-json\/wp\/v2\/pages\/3920\/revisions\/4550"}],"wp:attachment":[{"href":"https:\/\/www.living-mallorca.com\/es\/wp-json\/wp\/v2\/media?parent=3920"}],"curies":[{"name":"wp","href":"https:\/\/api.w.org\/{rel}","templated":true}]}}