{"id":3475,"date":"2025-06-09T05:51:28","date_gmt":"2025-06-09T05:51:28","guid":{"rendered":"https:\/\/www.living-mallorca.com\/?page_id=3475"},"modified":"2025-11-07T12:07:33","modified_gmt":"2025-11-07T12:07:33","slug":"grundstueck-bei-son-catiu","status":"publish","type":"page","link":"https:\/\/www.living-mallorca.com\/es\/grundstueck-bei-son-catiu\/","title":{"rendered":"Parcela cerca de Son Catiu"},"content":{"rendered":"\n[et_pb_section fb_built=&#8220;1&#8243; admin_label=&#8220;Intro Sektion&#8220; _builder_version=&#8220;4.16&#8243; global_colors_info=&#8220;{}&#8220;][et_pb_row _builder_version=&#8220;4.16&#8243; _module_preset=&#8220;699a1a14-aa99-453a-ab2e-46d49b6bbd5e&#8220; custom_padding=&#8220;0px||50px||false|false&#8220; custom_padding_tablet=&#8220;0px||30px||false|false&#8220; global_colors_info=&#8220;{}&#8220;][et_pb_column type=&#8220;4_4&#8243; _builder_version=&#8220;4.16&#8243; global_colors_info=&#8220;{}&#8220;][et_pb_text content_tablet=&#8220;<h3 class=%22title%22 data-reader-unique-id=%22titleElement%22>Grundst\u00fcck mit Finca zum renovieren<\/h3>\n<h3><\/h3>&#8220; content_phone=&#8220;<h1 class=%22title%22 data-reader-unique-id=%22titleElement%22>Grundst\u00fcck mit Finca zum renovieren<\/h1>\n<h3><\/h3>&#8220; content_last_edited=&#8220;on|phone&#8220; _builder_version=&#8220;4.21.0&#8243; _module_preset=&#8220;default&#8220; hover_enabled=&#8220;0&#8243; global_colors_info=&#8220;{}&#8220; sticky_enabled=&#8220;0&#8243;]<h3 class=\"title\" data-reader-unique-id=\"titleElement\">Grundst\u00fcck mit Finca zum renovieren<\/h3>\n<h3><\/h3>[\/et_pb_text][et_pb_text content_tablet=&#8220;<p>Sehr gute Lage, Ruhe und Blick auf die Berge.\nDas sehr gepflegte Anwesen verf\u00fcgt \u00fcber Obstb\u00e4ume und gro\u00dfes Land f\u00fcr den Anbau. Das Haus kann renoviert, oder modernisiert werden. Die Finca verf\u00fcgt \u00fcber ein separates G\u00e4stehaus. Eigener Brunnen.<p>&#8220; content_phone=&#8220;<p>Sehr gute Lage, Ruhe und Blick auf die Berge.\nDas sehr gepflegte Anwesen verf\u00fcgt \u00fcber Obstb\u00e4ume und gro\u00dfes Land f\u00fcr den Anbau. Das Haus kann renoviert, oder modernisiert werden. Die Finca verf\u00fcgt \u00fcber ein separates G\u00e4stehaus. Eigener Brunnen.<p>&#8220; content_last_edited=&#8220;on|phone&#8220; _builder_version=&#8220;4.21.0&#8243; _module_preset=&#8220;default&#8220; global_colors_info=&#8220;{}&#8220;]<p>Sehr gute Lage, Ruhe und Blick auf die Berge.\nDas sehr gepflegte Anwesen verf\u00fcgt \u00fcber Obstb\u00e4ume und gro\u00dfes Land f\u00fcr den Anbau. Das Haus kann renoviert, oder modernisiert werden. Die Finca verf\u00fcgt \u00fcber ein separates G\u00e4stehaus. Eigener Brunnen.[\/et_pb_text][et_pb_text content_tablet=&#8220;<h6>Preis auf Anfrage<\/h6>&#8220; content_phone=&#8220;<h6>Preis auf Anfrage<\/h6>&#8220; content_last_edited=&#8220;on|phone&#8220; _builder_version=&#8220;4.21.0&#8243; _module_preset=&#8220;default&#8220; min_height=&#8220;21px&#8220; custom_padding=&#8220;16px||0px||false|false&#8220; global_colors_info=&#8220;{}&#8220;]<h6>Preis auf Anfrage<\/h6>[\/et_pb_text][et_pb_image src=&#8220;https:\/\/www.living-mallorca.com\/wp-content\/uploads\/2025\/06\/FincaSonCatiumitIcon.jpg&#8220; title_text=&#8220;FincaSonCatiumitIcon&#8220; src_tablet=&#8220;https:\/\/www.living-mallorca.com\/wp-content\/uploads\/2025\/06\/FincaSonCatiumitIcon.jpg&#8220; src_phone=&#8220;https:\/\/www.living-mallorca.com\/wp-content\/uploads\/2025\/06\/FincaSonCatiumitIcon.jpg&#8220; src_last_edited=&#8220;on|phone&#8220; _builder_version=&#8220;4.21.0&#8243; _module_preset=&#8220;default&#8220; global_colors_info=&#8220;{}&#8220;][\/et_pb_image][\/et_pb_column][\/et_pb_row][et_pb_row _builder_version=&#8220;4.21.0&#8243; _module_preset=&#8220;default&#8220; min_height=&#8220;157px&#8220; custom_margin=&#8220;-36px|auto|0px|auto|false|false&#8220; custom_padding=&#8220;37px||50px||false|false&#8220; global_colors_info=&#8220;{}&#8220;][et_pb_column type=&#8220;4_4&#8243; _builder_version=&#8220;4.21.0&#8243; _module_preset=&#8220;default&#8220; global_colors_info=&#8220;{}&#8220;][et_pb_button button_url=&#8220;https:\/\/www.living-mallorca.com\/kontakt\/&#8220; button_text=&#8220;Besichtigungstermin vereinbaren&#8220; button_text_tablet=&#8220;Besichtigungstermin vereinbaren&#8220; button_text_phone=&#8220;Besichtigungstermin vereinbaren&#8220; button_text_last_edited=&#8220;on|desktop&#8220; _builder_version=&#8220;4.21.0&#8243; _module_preset=&#8220;default&#8220; button_text_color=&#8220;#FFFFFF&#8220; button_bg_color=&#8220;#C38F59&#8243; button_border_radius=&#8220;37px&#8220; custom_margin_tablet=&#8220;0px||||false|false&#8220; custom_margin_phone=&#8220;-10px||||false|false&#8220; custom_margin_last_edited=&#8220;on|tablet&#8220; button_text_color_tablet=&#8220;#FFFFFF&#8220; button_text_color_phone=&#8220;#FFFFFF&#8220; button_text_color_last_edited=&#8220;on|desktop&#8220; button_border_radius_tablet=&#8220;37px&#8220; button_border_radius_phone=&#8220;37px&#8220; button_border_radius_last_edited=&#8220;on|phone&#8220; global_colors_info=&#8220;{}&#8220;][\/et_pb_button][\/et_pb_column][\/et_pb_row][et_pb_row _builder_version=&#8220;4.21.0&#8243; _module_preset=&#8220;default&#8220; global_colors_info=&#8220;{}&#8220;][et_pb_column type=&#8220;4_4&#8243; _builder_version=&#8220;4.21.0&#8243; _module_preset=&#8220;default&#8220; global_colors_info=&#8220;{}&#8220;][et_pb_slider _builder_version=&#8220;4.21.0&#8243; _module_preset=&#8220;default&#8220; background_image=&#8220;https:\/\/www.living-mallorca.com\/wp-content\/uploads\/2025\/03\/2.jpg&#8220; background_last_edited=&#8220;on|tablet&#8220; global_colors_info=&#8220;{}&#8220;][et_pb_slide heading=&#8220;Grundst\u00fcck bei Son Catiu&#8220; heading_tablet=&#8220;Grundst\u00fcck bei Son Catiu&#8220; heading_phone=&#8220;Grundst\u00fcck bei Son Catiu&#8220; heading_last_edited=&#8220;on|phone&#8220; button_text_tablet=&#8220;&#8220; button_text_phone=&#8220;&#8220; button_text_last_edited=&#8220;on|phone&#8220; content_tablet=&#8220;&#8220; content_phone=&#8220;&#8220; content_last_edited=&#8220;on|phone&#8220; _builder_version=&#8220;4.21.0&#8243; _module_preset=&#8220;default&#8220; background_image=&#8220;https:\/\/www.living-mallorca.com\/wp-content\/uploads\/2025\/06\/IMG-20240405-WA0019.jpg&#8220; background_enable_image=&#8220;on&#8220; background_last_edited=&#8220;on|phone&#8220; background_image_tablet=&#8220;https:\/\/www.living-mallorca.com\/wp-content\/uploads\/2025\/06\/IMG-20240405-WA0019.jpg&#8220; background_enable_image_tablet=&#8220;on&#8220; global_colors_info=&#8220;{}&#8220; sticky_transition=&#8220;on&#8220;][\/et_pb_slide][et_pb_slide heading_tablet=&#8220;&#8220; heading_phone=&#8220;&#8220; heading_last_edited=&#8220;on|phone&#8220; button_text_tablet=&#8220;&#8220; button_text_phone=&#8220;&#8220; button_text_last_edited=&#8220;on|desktop&#8220; _builder_version=&#8220;4.21.0&#8243; _module_preset=&#8220;default&#8220; background_image=&#8220;https:\/\/www.living-mallorca.com\/wp-content\/uploads\/2025\/06\/IMG-20240405-WA0008.jpg&#8220; background_enable_image=&#8220;on&#8220; background_last_edited=&#8220;on|phone&#8220; global_colors_info=&#8220;{}&#8220; sticky_transition=&#8220;on&#8220;][\/et_pb_slide][et_pb_slide _builder_version=&#8220;4.21.0&#8243; _module_preset=&#8220;default&#8220; background_image=&#8220;https:\/\/www.living-mallorca.com\/wp-content\/uploads\/2025\/06\/IMG-20240405-WA0014.jpg&#8220; background_enable_image=&#8220;on&#8220; background_last_edited=&#8220;on|phone&#8220; global_colors_info=&#8220;{}&#8220; sticky_transition=&#8220;on&#8220;][\/et_pb_slide][et_pb_slide content_tablet=&#8220;&#8220; content_phone=&#8220;&#8220; content_last_edited=&#8220;on|desktop&#8220; _builder_version=&#8220;4.21.0&#8243; _module_preset=&#8220;default&#8220; background_image=&#8220;https:\/\/www.living-mallorca.com\/wp-content\/uploads\/2025\/06\/IMG-20240405-WA0013.jpg&#8220; background_enable_image=&#8220;on&#8220; background_last_edited=&#8220;on|phone&#8220; global_colors_info=&#8220;{}&#8220; sticky_transition=&#8220;on&#8220;][\/et_pb_slide][\/et_pb_slider][\/et_pb_column][\/et_pb_row][et_pb_row _builder_version=&#8220;4.21.0&#8243; _module_preset=&#8220;default&#8220; custom_padding=&#8220;0px||50px||false|false&#8220; global_colors_info=&#8220;{}&#8220;][et_pb_column type=&#8220;4_4&#8243; _builder_version=&#8220;4.21.0&#8243; _module_preset=&#8220;default&#8220; global_colors_info=&#8220;{}&#8220;][et_pb_text content_tablet=&#8220;<p>Rustikale Finca\n300 m\u00b2 gebaut, 299 m\u00b2 nutzbar\n4 Zimmer\n4 Badezimmer\nGrundst\u00fcck von 30.000 m\u00b2\nTerrasse und Balkon\nKamin\nGaragenplatz\nEinbauschr\u00e4nke\nAbstellraum\nWestliche Ausrichtung\nKeine Heizung\nKlimaanlage warm\/kalt\nGarten<\/p>&#8220; content_phone=&#8220;<p>Rustikale Finca\n300 m\u00b2 gebaut, 299 m\u00b2 nutzbar\n4 Zimmer\n4 Badezimmer\nGrundst\u00fcck von 30.000 m\u00b2\nTerrasse und Balkon\nKamin\nGaragenplatz\nEinbauschr\u00e4nke\nAbstellraum\nWestliche Ausrichtung\nKeine Heizung\nKlimaanlage warm\/kalt\nGarten<\/p>&#8220; content_last_edited=&#8220;on|phone&#8220; _builder_version=&#8220;4.21.0&#8243; _module_preset=&#8220;default&#8220; global_colors_info=&#8220;{}&#8220;]<p>Rustikale Finca\n300 m\u00b2 gebaut, 299 m\u00b2 nutzbar\n4 Zimmer\n4 Badezimmer\nGrundst\u00fcck von 30.000 m\u00b2\nTerrasse und Balkon\nKamin\nGaragenplatz\nEinbauschr\u00e4nke\nAbstellraum\nWestliche Ausrichtung\nKeine Heizung\nKlimaanlage warm\/kalt\nGarten<\/p>[\/et_pb_text][\/et_pb_column][\/et_pb_row][et_pb_row column_structure=&#8220;1_3,1_3,1_3&#8243; _builder_version=&#8220;4.21.0&#8243; _module_preset=&#8220;default&#8220; global_colors_info=&#8220;{}&#8220;][et_pb_column type=&#8220;1_3&#8243; _builder_version=&#8220;4.21.0&#8243; _module_preset=&#8220;default&#8220; global_colors_info=&#8220;{}&#8220;][et_pb_image src=&#8220;https:\/\/www.living-mallorca.com\/wp-content\/uploads\/2025\/06\/IMG-20240405-WA0020.jpg&#8220; title_text=&#8220;IMG-20240405-WA0020&#8243; src_tablet=&#8220;https:\/\/www.living-mallorca.com\/wp-content\/uploads\/2025\/06\/IMG-20240405-WA0020.jpg&#8220; src_phone=&#8220;https:\/\/www.living-mallorca.com\/wp-content\/uploads\/2025\/06\/IMG-20240405-WA0020.jpg&#8220; src_last_edited=&#8220;on|phone&#8220; _builder_version=&#8220;4.21.0&#8243; _module_preset=&#8220;default&#8220; global_colors_info=&#8220;{}&#8220;][\/et_pb_image][\/et_pb_column][et_pb_column type=&#8220;1_3&#8243; _builder_version=&#8220;4.21.0&#8243; _module_preset=&#8220;default&#8220; global_colors_info=&#8220;{}&#8220;][et_pb_image src=&#8220;https:\/\/www.living-mallorca.com\/wp-content\/uploads\/2025\/06\/IMG-20240405-WA0022.jpg&#8220; title_text=&#8220;IMG-20240405-WA0022&#8243; src_tablet=&#8220;https:\/\/www.living-mallorca.com\/wp-content\/uploads\/2025\/06\/IMG-20240405-WA0022.jpg&#8220; src_phone=&#8220;https:\/\/www.living-mallorca.com\/wp-content\/uploads\/2025\/06\/IMG-20240405-WA0022.jpg&#8220; src_last_edited=&#8220;on|phone&#8220; _builder_version=&#8220;4.21.0&#8243; _module_preset=&#8220;default&#8220; global_colors_info=&#8220;{}&#8220;][\/et_pb_image][\/et_pb_column][et_pb_column type=&#8220;1_3&#8243; _builder_version=&#8220;4.21.0&#8243; _module_preset=&#8220;default&#8220; global_colors_info=&#8220;{}&#8220;][et_pb_image src=&#8220;https:\/\/www.living-mallorca.com\/wp-content\/uploads\/2025\/06\/IMG-20240405-WA0021.jpg&#8220; title_text=&#8220;IMG-20240405-WA0021&#8243; src_tablet=&#8220;https:\/\/www.living-mallorca.com\/wp-content\/uploads\/2025\/06\/IMG-20240405-WA0021.jpg&#8220; src_phone=&#8220;https:\/\/www.living-mallorca.com\/wp-content\/uploads\/2025\/06\/IMG-20240405-WA0021.jpg&#8220; src_last_edited=&#8220;on|phone&#8220; _builder_version=&#8220;4.21.0&#8243; _module_preset=&#8220;default&#8220; global_colors_info=&#8220;{}&#8220;][\/et_pb_image][\/et_pb_column][\/et_pb_row][et_pb_row column_structure=&#8220;1_3,1_3,1_3&#8243; _builder_version=&#8220;4.21.0&#8243; _module_preset=&#8220;default&#8220; custom_margin_tablet=&#8220;-25px||0px||false|false&#8220; custom_margin_phone=&#8220;-25px||||false|false&#8220; global_colors_info=&#8220;{}&#8220;][et_pb_column type=&#8220;1_3&#8243; _builder_version=&#8220;4.21.0&#8243; _module_preset=&#8220;default&#8220; global_colors_info=&#8220;{}&#8220;][et_pb_image src=&#8220;https:\/\/www.living-mallorca.com\/wp-content\/uploads\/2025\/06\/IMG-20240405-WA0011.jpg&#8220; title_text=&#8220;IMG-20240405-WA0011&#8243; src_tablet=&#8220;https:\/\/www.living-mallorca.com\/wp-content\/uploads\/2025\/06\/IMG-20240405-WA0011.jpg&#8220; src_phone=&#8220;https:\/\/www.living-mallorca.com\/wp-content\/uploads\/2025\/06\/IMG-20240405-WA0011.jpg&#8220; src_last_edited=&#8220;on|desktop&#8220; _builder_version=&#8220;4.21.0&#8243; _module_preset=&#8220;default&#8220; global_colors_info=&#8220;{}&#8220;][\/et_pb_image][\/et_pb_column][et_pb_column type=&#8220;1_3&#8243; _builder_version=&#8220;4.21.0&#8243; _module_preset=&#8220;default&#8220; global_colors_info=&#8220;{}&#8220;][et_pb_button button_url=&#8220;https:\/\/www.living-mallorca.com\/kontakt&#8220; button_text=&#8220;Besichtigungstermin vereinbaren&#8220; button_text_tablet=&#8220;Besichtigungstermin vereinbaren&#8220; button_text_phone=&#8220;Besichtigungstermin vereinbaren&#8220; button_text_last_edited=&#8220;on|desktop&#8220; _builder_version=&#8220;4.21.0&#8243; _module_preset=&#8220;default&#8220; button_text_color=&#8220;#FFFFFF&#8220; button_bg_color=&#8220;#C38F59&#8243; button_border_radius=&#8220;37px&#8220; button_text_color_tablet=&#8220;#FFFFFF&#8220; button_text_color_phone=&#8220;#FFFFFF&#8220; button_text_color_last_edited=&#8220;on|desktop&#8220; button_border_radius_tablet=&#8220;37px&#8220; button_border_radius_phone=&#8220;37px&#8220; button_border_radius_last_edited=&#8220;on|phone&#8220; global_colors_info=&#8220;{}&#8220;][\/et_pb_button][\/et_pb_column][et_pb_column type=&#8220;1_3&#8243; _builder_version=&#8220;4.21.0&#8243; _module_preset=&#8220;default&#8220; global_colors_info=&#8220;{}&#8220;][et_pb_image src=&#8220;https:\/\/www.living-mallorca.com\/wp-content\/uploads\/2025\/06\/IMG-20240405-WA0013-e1749450256340.jpg&#8220; title_text=&#8220;IMG-20240405-WA0013&#8243; src_tablet=&#8220;https:\/\/www.living-mallorca.com\/wp-content\/uploads\/2025\/06\/IMG-20240405-WA0013-e1749450256340.jpg&#8220; src_phone=&#8220;https:\/\/www.living-mallorca.com\/wp-content\/uploads\/2025\/06\/IMG-20240405-WA0013-e1749450256340.jpg&#8220; src_last_edited=&#8220;on|phone&#8220; _builder_version=&#8220;4.21.0&#8243; _module_preset=&#8220;default&#8220; global_colors_info=&#8220;{}&#8220;][\/et_pb_image][\/et_pb_column][\/et_pb_row][\/et_pb_section]\n","protected":false},"excerpt":{"rendered":"<p>Grundst\u00fcck mit Finca zum renovieren Sehr gute Lage, Ruhe und Blick auf die Berge. Das sehr gepflegte Anwesen verf\u00fcgt \u00fcber Obstb\u00e4ume und gro\u00dfes Land f\u00fcr den Anbau. Das Haus kann renoviert, oder modernisiert werden. Die Finca verf\u00fcgt \u00fcber ein separates G\u00e4stehaus. Eigener Brunnen.Preis auf AnfrageRustikale Finca 300 m\u00b2 gebaut, 299 m\u00b2 nutzbar 4 Zimmer 4 [&hellip;]<\/p>\n","protected":false},"author":1,"featured_media":0,"parent":0,"menu_order":0,"comment_status":"closed","ping_status":"closed","template":"","meta":{"_et_pb_use_builder":"on","_et_pb_old_content":"","_et_gb_content_width":"","footnotes":""},"class_list":["post-3475","page","type-page","status-publish","hentry"],"yoast_head":"<!-- This site is optimized with the Yoast SEO plugin v27.4 - https:\/\/yoast.com\/product\/yoast-seo-wordpress\/ -->\n<title>Grundst\u00fcck bei Son Catiu - Mallorca Living &amp; More<\/title>\n<meta name=\"description\" content=\"Entdecken Sie Ihre Oase der Ruhe: Ein gepflegtes Anwesen mit Bergblick, Obstb\u00e4umen und einem separaten G\u00e4stehaus! Eigener Brunnen!\" \/>\n<meta name=\"robots\" content=\"index, follow, max-snippet:-1, max-image-preview:large, max-video-preview:-1\" \/>\n<link rel=\"canonical\" href=\"https:\/\/www.living-mallorca.com\/es\/grundstueck-bei-son-catiu\/\" \/>\n<meta property=\"og:locale\" content=\"es_ES\" \/>\n<meta property=\"og:type\" content=\"article\" \/>\n<meta property=\"og:title\" content=\"Grundst\u00fcck bei Son Catiu - Mallorca Living &amp; More\" \/>\n<meta property=\"og:description\" content=\"Entdecken Sie Ihre Oase der Ruhe: Ein gepflegtes Anwesen mit Bergblick, Obstb\u00e4umen und einem separaten G\u00e4stehaus! Eigener Brunnen!\" \/>\n<meta property=\"og:url\" content=\"https:\/\/www.living-mallorca.com\/es\/grundstueck-bei-son-catiu\/\" \/>\n<meta property=\"og:site_name\" content=\"Mallorca Living &amp; More\" \/>\n<meta property=\"article:modified_time\" content=\"2025-11-07T12:07:33+00:00\" \/>\n<meta name=\"twitter:card\" content=\"summary_large_image\" \/>\n<meta name=\"twitter:label1\" content=\"Tiempo de lectura\" \/>\n\t<meta name=\"twitter:data1\" content=\"3 minutos\" \/>\n<script type=\"application\/ld+json\" class=\"yoast-schema-graph\">{\"@context\":\"https:\\\/\\\/schema.org\",\"@graph\":[{\"@type\":\"WebPage\",\"@id\":\"https:\\\/\\\/www.living-mallorca.com\\\/grundstueck-bei-son-catiu\\\/\",\"url\":\"https:\\\/\\\/www.living-mallorca.com\\\/grundstueck-bei-son-catiu\\\/\",\"name\":\"Grundst\u00fcck bei Son Catiu - Mallorca Living &amp; More\",\"isPartOf\":{\"@id\":\"https:\\\/\\\/www.living-mallorca.com\\\/#website\"},\"datePublished\":\"2025-06-09T05:51:28+00:00\",\"dateModified\":\"2025-11-07T12:07:33+00:00\",\"description\":\"Entdecken Sie Ihre Oase der Ruhe: Ein gepflegtes Anwesen mit Bergblick, Obstb\u00e4umen und einem separaten G\u00e4stehaus! Eigener Brunnen!\",\"breadcrumb\":{\"@id\":\"https:\\\/\\\/www.living-mallorca.com\\\/grundstueck-bei-son-catiu\\\/#breadcrumb\"},\"inLanguage\":\"es\",\"potentialAction\":[{\"@type\":\"ReadAction\",\"target\":[\"https:\\\/\\\/www.living-mallorca.com\\\/grundstueck-bei-son-catiu\\\/\"]}]},{\"@type\":\"BreadcrumbList\",\"@id\":\"https:\\\/\\\/www.living-mallorca.com\\\/grundstueck-bei-son-catiu\\\/#breadcrumb\",\"itemListElement\":[{\"@type\":\"ListItem\",\"position\":1,\"name\":\"Startseite\",\"item\":\"https:\\\/\\\/www.living-mallorca.com\\\/\"},{\"@type\":\"ListItem\",\"position\":2,\"name\":\"Grundst\u00fcck bei Son Catiu\"}]},{\"@type\":\"WebSite\",\"@id\":\"https:\\\/\\\/www.living-mallorca.com\\\/#website\",\"url\":\"https:\\\/\\\/www.living-mallorca.com\\\/\",\"name\":\"Mallorca Living &amp; More\",\"description\":\"Immobilien, Living, Kultur &amp; Kunst\",\"potentialAction\":[{\"@type\":\"SearchAction\",\"target\":{\"@type\":\"EntryPoint\",\"urlTemplate\":\"https:\\\/\\\/www.living-mallorca.com\\\/?s={search_term_string}\"},\"query-input\":{\"@type\":\"PropertyValueSpecification\",\"valueRequired\":true,\"valueName\":\"search_term_string\"}}],\"inLanguage\":\"es\"}]}<\/script>\n<!-- \/ Yoast SEO plugin. -->","yoast_head_json":{"title":"Grundst\u00fcck bei Son Catiu - Mallorca Living &amp; More","description":"Entdecken Sie Ihre Oase der Ruhe: Ein gepflegtes Anwesen mit Bergblick, Obstb\u00e4umen und einem separaten G\u00e4stehaus! Eigener Brunnen!","robots":{"index":"index","follow":"follow","max-snippet":"max-snippet:-1","max-image-preview":"max-image-preview:large","max-video-preview":"max-video-preview:-1"},"canonical":"https:\/\/www.living-mallorca.com\/es\/grundstueck-bei-son-catiu\/","og_locale":"es_ES","og_type":"article","og_title":"Grundst\u00fcck bei Son Catiu - Mallorca Living &amp; More","og_description":"Entdecken Sie Ihre Oase der Ruhe: Ein gepflegtes Anwesen mit Bergblick, Obstb\u00e4umen und einem separaten G\u00e4stehaus! Eigener Brunnen!","og_url":"https:\/\/www.living-mallorca.com\/es\/grundstueck-bei-son-catiu\/","og_site_name":"Mallorca Living &amp; More","article_modified_time":"2025-11-07T12:07:33+00:00","twitter_card":"summary_large_image","twitter_misc":{"Tiempo de lectura":"3 minutos"},"schema":{"@context":"https:\/\/schema.org","@graph":[{"@type":"WebPage","@id":"https:\/\/www.living-mallorca.com\/grundstueck-bei-son-catiu\/","url":"https:\/\/www.living-mallorca.com\/grundstueck-bei-son-catiu\/","name":"Grundst\u00fcck bei Son Catiu - Mallorca Living &amp; More","isPartOf":{"@id":"https:\/\/www.living-mallorca.com\/#website"},"datePublished":"2025-06-09T05:51:28+00:00","dateModified":"2025-11-07T12:07:33+00:00","description":"Entdecken Sie Ihre Oase der Ruhe: Ein gepflegtes Anwesen mit Bergblick, Obstb\u00e4umen und einem separaten G\u00e4stehaus! Eigener Brunnen!","breadcrumb":{"@id":"https:\/\/www.living-mallorca.com\/grundstueck-bei-son-catiu\/#breadcrumb"},"inLanguage":"es","potentialAction":[{"@type":"ReadAction","target":["https:\/\/www.living-mallorca.com\/grundstueck-bei-son-catiu\/"]}]},{"@type":"BreadcrumbList","@id":"https:\/\/www.living-mallorca.com\/grundstueck-bei-son-catiu\/#breadcrumb","itemListElement":[{"@type":"ListItem","position":1,"name":"Startseite","item":"https:\/\/www.living-mallorca.com\/"},{"@type":"ListItem","position":2,"name":"Grundst\u00fcck bei Son Catiu"}]},{"@type":"WebSite","@id":"https:\/\/www.living-mallorca.com\/#website","url":"https:\/\/www.living-mallorca.com\/","name":"Mallorca Living &amp; More","description":"Propiedad, Vida, Cultura y Arte","potentialAction":[{"@type":"SearchAction","target":{"@type":"EntryPoint","urlTemplate":"https:\/\/www.living-mallorca.com\/?s={search_term_string}"},"query-input":{"@type":"PropertyValueSpecification","valueRequired":true,"valueName":"search_term_string"}}],"inLanguage":"es"}]}},"_links":{"self":[{"href":"https:\/\/www.living-mallorca.com\/es\/wp-json\/wp\/v2\/pages\/3475","targetHints":{"allow":["GET"]}}],"collection":[{"href":"https:\/\/www.living-mallorca.com\/es\/wp-json\/wp\/v2\/pages"}],"about":[{"href":"https:\/\/www.living-mallorca.com\/es\/wp-json\/wp\/v2\/types\/page"}],"author":[{"embeddable":true,"href":"https:\/\/www.living-mallorca.com\/es\/wp-json\/wp\/v2\/users\/1"}],"replies":[{"embeddable":true,"href":"https:\/\/www.living-mallorca.com\/es\/wp-json\/wp\/v2\/comments?post=3475"}],"version-history":[{"count":1,"href":"https:\/\/www.living-mallorca.com\/es\/wp-json\/wp\/v2\/pages\/3475\/revisions"}],"predecessor-version":[{"id":4534,"href":"https:\/\/www.living-mallorca.com\/es\/wp-json\/wp\/v2\/pages\/3475\/revisions\/4534"}],"wp:attachment":[{"href":"https:\/\/www.living-mallorca.com\/es\/wp-json\/wp\/v2\/media?parent=3475"}],"curies":[{"name":"wp","href":"https:\/\/api.w.org\/{rel}","templated":true}]}}