{"id":2648,"date":"2025-03-23T18:40:43","date_gmt":"2025-03-23T18:40:43","guid":{"rendered":"https:\/\/www.living-mallorca.com\/?page_id=2648"},"modified":"2025-11-07T14:25:02","modified_gmt":"2025-11-07T14:25:02","slug":"traumfinca-bei-santanyi","status":"publish","type":"page","link":"https:\/\/www.living-mallorca.com\/es\/traumfinca-bei-santanyi\/","title":{"rendered":"Finca de ensue\u00f1o cerca de Santanyi"},"content":{"rendered":"\n[et_pb_section fb_built=&#8220;1&#8243; admin_label=&#8220;Intro Sektion&#8220; _builder_version=&#8220;4.16&#8243; global_colors_info=&#8220;{}&#8220;][et_pb_row _builder_version=&#8220;4.16&#8243; _module_preset=&#8220;699a1a14-aa99-453a-ab2e-46d49b6bbd5e&#8220; custom_padding=&#8220;0px||50px||false|false&#8220; custom_padding_tablet=&#8220;0px||30px||false|false&#8220; global_colors_info=&#8220;{}&#8220;][et_pb_column type=&#8220;4_4&#8243; _builder_version=&#8220;4.16&#8243; global_colors_info=&#8220;{}&#8220;][et_pb_text content_tablet=&#8220;<h3>Luxuri\u00f6se und stilvolle Neubau-Finca mit Traumsicht und Wahnsinns-Pool<\/h3>\n<h6><\/h6>&#8220; content_phone=&#8220;<h3>Luxuri\u00f6se und stilvolle Neubau-Finca mit Traumsicht und Wahnsinns-Pool<\/h3>&#8220; content_last_edited=&#8220;on|phone&#8220; _builder_version=&#8220;4.21.0&#8243; _module_preset=&#8220;default&#8220; hover_enabled=&#8220;0&#8243; global_colors_info=&#8220;{}&#8220; sticky_enabled=&#8220;0&#8243;]<h3>Luxuri\u00f6se und stilvolle Neubau-Finca mit Traumsicht und Wahnsinns-Pool<\/h3>[\/et_pb_text][et_pb_text content_tablet=&#8220;<p>Diese Traumfinca wartet auf ihre neuen Besitzer. Aussen mallorquin aber modern und innen helle R\u00e4ume mit modernem Design in Kombination mit nat\u00fcrlichen Materialien wie Holz und Naturstein.\n\nUnd das Besondere: Dieser Wahnsinns-Pool mit 72 m2 Gr\u00f6sse. Aufgrund der neuen Gesetzgebung d\u00fcrfen Pools dieser Gr\u00f6ssenordnung nicht mehr gebaut werden. Das war wohl so ziemlich die letzte Bewilligung, welche erteilt wurde.<\/p>&#8220; content_phone=&#8220;<p>Diese Traumfinca wartet auf ihre neuen Besitzer. Aussen mallorquin aber modern und innen helle R\u00e4ume mit modernem Design in Kombination mit nat\u00fcrlichen Materialien wie Holz und Naturstein.\n\nUnd das Besondere: Dieser Wahnsinns-Pool mit 72 m2 Gr\u00f6sse. Aufgrund der neuen Gesetzgebung d\u00fcrfen Pools dieser Gr\u00f6ssenordnung nicht mehr gebaut werden. Das war wohl so ziemlich die letzte Bewilligung, welche erteilt wurde.<\/p>&#8220; content_last_edited=&#8220;on|desktop&#8220; _builder_version=&#8220;4.21.0&#8243; _module_preset=&#8220;default&#8220; global_colors_info=&#8220;{}&#8220;]<p>Diese Traumfinca wartet auf ihre neuen Besitzer. Aussen mallorquin aber modern und innen helle R\u00e4ume mit modernem Design in Kombination mit nat\u00fcrlichen Materialien wie Holz und Naturstein.\n\nUnd das Besondere: Dieser Wahnsinns-Pool mit 72 m2 Gr\u00f6sse. Aufgrund der neuen Gesetzgebung d\u00fcrfen Pools dieser Gr\u00f6ssenordnung nicht mehr gebaut werden. Das war wohl so ziemlich die letzte Bewilligung, welche erteilt wurde.<\/p>[\/et_pb_text][et_pb_text content_tablet=&#8220;<h6>Euro 3&#8217;650&#8217;000<\/h6>&#8220; content_phone=&#8220;<h6>Euro 3&#8217;650&#8217;000<\/h6>&#8220; content_last_edited=&#8220;on|phone&#8220; _builder_version=&#8220;4.21.0&#8243; _module_preset=&#8220;default&#8220; min_height=&#8220;21px&#8220; custom_padding=&#8220;16px||0px||false|false&#8220; global_colors_info=&#8220;{}&#8220;]<h6>Euro 3&#8217;650&#8217;000<\/h6>[\/et_pb_text][et_pb_image src=&#8220;https:\/\/www.living-mallorca.com\/wp-content\/uploads\/2025\/03\/Santanyi-mit-icon-1-scaled.jpg&#8220; title_text=&#8220;2 &#8211; 2&#8243; _builder_version=&#8220;4.21.0&#8243; _module_preset=&#8220;default&#8220; global_colors_info=&#8220;{}&#8220;][\/et_pb_image][et_pb_text content_tablet=&#8220;<p>Das Erdgeschoss verf\u00fcgt \u00fcber ein ger\u00e4umiges Wohn- und Esszimmer mit Kamin und direktem Zugang zu einer \u00fcberdachten Terrasse und dem angrenzenden Poolbereich. Offene K\u00fcche, Hauswirtschaftsraum und zwei Schlafzimmer mit Bad ensuite und einer G\u00e4ste-Toilette. \u00dcber eine elegante Steintreppe gelangt man in den oberen Bereich mit zwei Schlafzimmern mit Bad ensuite, eines davon mit eigener Terrasse. Fussbodenheizung und Klimaanlage sorgen ganzj\u00e4hrig f\u00fcr ein angenehmes Raumklima.<\/p>&#8220; content_phone=&#8220;<p>Das Erdgeschoss verf\u00fcgt \u00fcber ein ger\u00e4umiges Wohn- und Esszimmer mit Kamin und direktem Zugang zu einer \u00fcberdachten Terrasse und dem angrenzenden Poolbereich. Offene K\u00fcche, Hauswirtschaftsraum und zwei Schlafzimmer mit Bad ensuite und einer G\u00e4ste-Toilette. \u00dcber eine elegante Steintreppe gelangt man in den oberen Bereich mit zwei Schlafzimmern mit Bad ensuite, eines davon mit eigener Terrasse. Fussbodenheizung und Klimaanlage sorgen ganzj\u00e4hrig f\u00fcr ein angenehmes Raumklima.<\/p>&#8220; content_last_edited=&#8220;on|desktop&#8220; _builder_version=&#8220;4.21.0&#8243; _module_preset=&#8220;default&#8220; global_colors_info=&#8220;{}&#8220;]<p>Das Erdgeschoss verf\u00fcgt \u00fcber ein ger\u00e4umiges Wohn- und Esszimmer mit Kamin und direktem Zugang zu einer \u00fcberdachten Terrasse und dem angrenzenden Poolbereich. Offene K\u00fcche, Hauswirtschaftsraum und zwei Schlafzimmer mit Bad ensuite und einer G\u00e4ste-Toilette. \u00dcber eine elegante Steintreppe gelangt man in den oberen Bereich mit zwei Schlafzimmern mit Bad ensuite, eines davon mit eigener Terrasse. Fussbodenheizung und Klimaanlage sorgen ganzj\u00e4hrig f\u00fcr ein angenehmes Raumklima.<\/p>[\/et_pb_text][\/et_pb_column][\/et_pb_row][et_pb_row _builder_version=&#8220;4.21.0&#8243; _module_preset=&#8220;default&#8220; min_height=&#8220;157px&#8220; custom_margin=&#8220;-36px|auto|0px|auto|false|false&#8220; custom_padding=&#8220;37px||50px||false|false&#8220; global_colors_info=&#8220;{}&#8220;][et_pb_column type=&#8220;4_4&#8243; _builder_version=&#8220;4.21.0&#8243; _module_preset=&#8220;default&#8220; global_colors_info=&#8220;{}&#8220;][et_pb_button button_url=&#8220;https:\/\/www.living-mallorca.com\/kontakt\/&#8220; button_text=&#8220;Besichtigungstermin vereinbaren&#8220; button_text_tablet=&#8220;Besichtigungstermin vereinbaren&#8220; button_text_phone=&#8220;Besichtigungstermin vereinbaren&#8220; button_text_last_edited=&#8220;on|desktop&#8220; _builder_version=&#8220;4.21.0&#8243; _module_preset=&#8220;default&#8220; button_text_color=&#8220;#FFFFFF&#8220; button_bg_color=&#8220;#C38F59&#8243; button_border_radius=&#8220;37px&#8220; button_text_color_tablet=&#8220;#FFFFFF&#8220; button_text_color_phone=&#8220;#FFFFFF&#8220; button_text_color_last_edited=&#8220;on|desktop&#8220; button_border_radius_tablet=&#8220;37px&#8220; button_border_radius_phone=&#8220;37px&#8220; button_border_radius_last_edited=&#8220;on|phone&#8220; global_colors_info=&#8220;{}&#8220;][\/et_pb_button][\/et_pb_column][\/et_pb_row][et_pb_row _builder_version=&#8220;4.21.0&#8243; _module_preset=&#8220;default&#8220; global_colors_info=&#8220;{}&#8220;][et_pb_column type=&#8220;4_4&#8243; _builder_version=&#8220;4.21.0&#8243; _module_preset=&#8220;default&#8220; global_colors_info=&#8220;{}&#8220;][et_pb_slider _builder_version=&#8220;4.21.0&#8243; _module_preset=&#8220;default&#8220; background_image=&#8220;https:\/\/www.living-mallorca.com\/wp-content\/uploads\/2025\/03\/2.jpg&#8220; background_last_edited=&#8220;on|tablet&#8220; global_colors_info=&#8220;{}&#8220;][et_pb_slide heading=&#8220;Traumfinca bei Santanyi&#8220; heading_tablet=&#8220;Traumfinca bei Santanyi&#8220; heading_phone=&#8220;Traumfinca bei Santanyi&#8220; heading_last_edited=&#8220;on|desktop&#8220; button_text_tablet=&#8220;Klick&#8220; button_text_phone=&#8220; Klick&#8220; button_text_last_edited=&#8220;on|desktop&#8220; content_tablet=&#8220;&#8220; content_phone=&#8220;&#8220; content_last_edited=&#8220;on|phone&#8220; _builder_version=&#8220;4.21.0&#8243; _module_preset=&#8220;default&#8220; background_image=&#8220;https:\/\/www.living-mallorca.com\/wp-content\/uploads\/2025\/03\/JBS_5561-copyWEB-RES-.jpg&#8220; background_enable_image=&#8220;on&#8220; background_last_edited=&#8220;on|desktop&#8220; global_colors_info=&#8220;{}&#8220; sticky_transition=&#8220;on&#8220;][\/et_pb_slide][et_pb_slide heading_tablet=&#8220;&#8220; heading_phone=&#8220;&#8220; heading_last_edited=&#8220;on|phone&#8220; _builder_version=&#8220;4.21.0&#8243; _module_preset=&#8220;default&#8220; background_image=&#8220;https:\/\/www.living-mallorca.com\/wp-content\/uploads\/2025\/03\/JBS_5521-copyWEB-RES&#8211;e1742755588651.jpg&#8220; background_enable_image=&#8220;on&#8220; background_last_edited=&#8220;on|phone&#8220; global_colors_info=&#8220;{}&#8220; sticky_transition=&#8220;on&#8220;][\/et_pb_slide][et_pb_slide _builder_version=&#8220;4.21.0&#8243; _module_preset=&#8220;default&#8220; background_image=&#8220;https:\/\/www.living-mallorca.com\/wp-content\/uploads\/2025\/03\/JBS_5436-copyWEB-RES-.jpg&#8220; background_enable_image=&#8220;on&#8220; global_colors_info=&#8220;{}&#8220; sticky_transition=&#8220;on&#8220;][\/et_pb_slide][et_pb_slide content_tablet=&#8220;&#8220; content_phone=&#8220;&#8220; content_last_edited=&#8220;on|desktop&#8220; _builder_version=&#8220;4.21.0&#8243; _module_preset=&#8220;default&#8220; background_image=&#8220;https:\/\/www.living-mallorca.com\/wp-content\/uploads\/2025\/03\/JBS_5519-copyWEB-RES-.jpg&#8220; background_enable_image=&#8220;on&#8220; global_colors_info=&#8220;{}&#8220; sticky_transition=&#8220;on&#8220;][\/et_pb_slide][et_pb_slide button_text_tablet=&#8220;&#8220; button_text_phone=&#8220;&#8220; button_text_last_edited=&#8220;on|desktop&#8220; _builder_version=&#8220;4.21.0&#8243; _module_preset=&#8220;default&#8220; background_image=&#8220;https:\/\/www.living-mallorca.com\/wp-content\/uploads\/2025\/03\/JBS_5446-copyWEB-RES-.jpg&#8220; background_enable_image=&#8220;on&#8220; background_last_edited=&#8220;on|desktop&#8220; global_colors_info=&#8220;{}&#8220; sticky_transition=&#8220;on&#8220;][\/et_pb_slide][\/et_pb_slider][\/et_pb_column][\/et_pb_row][et_pb_row _builder_version=&#8220;4.21.0&#8243; _module_preset=&#8220;default&#8220; custom_padding=&#8220;0px||50px||false|false&#8220; global_colors_info=&#8220;{}&#8220;][et_pb_column type=&#8220;4_4&#8243; _builder_version=&#8220;4.21.0&#8243; _module_preset=&#8220;default&#8220; global_colors_info=&#8220;{}&#8220;][et_pb_text content_tablet=&#8220;<p>Die K\u00fcche ist mit Massivholzfronten ausgestattet, die eine warme und gem\u00fctliche Note verleihen. Die Arbeitsplatte bestehe aus Binissalem Naturstein, der f\u00fcr seine Sch\u00f6nheit und Haltbarkeit bekannt ist. Die K\u00fcche ist mit hochwertigen M\u00f6beln und Ger\u00e4ten eingerichtet. Die f\u00fcr dieses Objekt ausgew\u00e4hlten Materialien sind von h\u00f6chster Qualit\u00e4t. Pflasterung aus 3 cm dicken Naturstein in hellem Beigeton, diese Platten wurden im Innen- und Aussenbereich verlegt. Natursteinverkleidung im Innern mit dem kostbaren weissen Santanyi-Stein. Alles mit h\u00f6chstem Komfort und Energieeffizienz konzipiert.<\/p>\n<p>Grundst\u00fccksgr\u00f6sse 14\u2019800 m2,<br \/>Wohnfl\u00e4che ca. 220 m2, bebaute Fl\u00e4che ca. 380 m2<br \/>4 Schlafzimmer mit Bad ensuite<br \/>1 G\u00e4ste-Toilette<br \/>Fussbodenheizung, W\u00e4rmepumpe, Klimaanlage, Dreifachverglasung<br \/>Pool 72 m2.<\/p>&#8220; content_phone=&#8220;<p>Die K\u00fcche ist mit Massivholzfronten ausgestattet, die eine warme und gem\u00fctliche Note verleihen. Die Arbeitsplatte bestehe aus Binissalem Naturstein, der f\u00fcr seine Sch\u00f6nheit und Haltbarkeit bekannt ist. Die K\u00fcche ist mit hochwertigen M\u00f6beln und Ger\u00e4ten eingerichtet. Die f\u00fcr dieses Objekt ausgew\u00e4hlten Materialien sind von h\u00f6chster Qualit\u00e4t. Pflasterung aus 3 cm dicken Naturstein in hellem Beigeton, diese Platten wurden im Innen- und Aussenbereich verlegt. Natursteinverkleidung im Innern mit dem kostbaren weissen Santanyi-Stein. Alles mit h\u00f6chstem Komfort und Energieeffizienz konzipiert.<\/p>\n<p>Grundst\u00fccksgr\u00f6sse 14\u2019800 m2,<br \/>Wohnfl\u00e4che ca. 220 m2, bebaute Fl\u00e4che ca. 380 m2<br \/>4 Schlafzimmer mit Bad ensuite<br \/>1 G\u00e4ste-Toilette<br \/>Fussbodenheizung, W\u00e4rmepumpe, Klimaanlage, Dreifachverglasung<br \/>Pool 72 m2.<\/p>&#8220; content_last_edited=&#8220;on|phone&#8220; _builder_version=&#8220;4.21.0&#8243; _module_preset=&#8220;default&#8220; global_colors_info=&#8220;{}&#8220;]<p>Die K\u00fcche ist mit Massivholzfronten ausgestattet, die eine warme und gem\u00fctliche Note verleihen. Die Arbeitsplatte bestehe aus Binissalem Naturstein, der f\u00fcr seine Sch\u00f6nheit und Haltbarkeit bekannt ist. Die K\u00fcche ist mit hochwertigen M\u00f6beln und Ger\u00e4ten eingerichtet. Die f\u00fcr dieses Objekt ausgew\u00e4hlten Materialien sind von h\u00f6chster Qualit\u00e4t. Pflasterung aus 3 cm dicken Naturstein in hellem Beigeton, diese Platten wurden im Innen- und Aussenbereich verlegt. Natursteinverkleidung im Innern mit dem kostbaren weissen Santanyi-Stein. Alles mit h\u00f6chstem Komfort und Energieeffizienz konzipiert.<\/p>\n<p>Grundst\u00fccksgr\u00f6sse 14\u2019800 m2,<br \/>Wohnfl\u00e4che ca. 220 m2, bebaute Fl\u00e4che ca. 380 m2<br \/>4 Schlafzimmer mit Bad ensuite<br \/>1 G\u00e4ste-Toilette<br \/>Fussbodenheizung, W\u00e4rmepumpe, Klimaanlage, Dreifachverglasung<br \/>Pool 72 m2.<\/p>[\/et_pb_text][\/et_pb_column][\/et_pb_row][et_pb_row column_structure=&#8220;1_3,1_3,1_3&#8243; _builder_version=&#8220;4.21.0&#8243; _module_preset=&#8220;default&#8220; global_colors_info=&#8220;{}&#8220;][et_pb_column type=&#8220;1_3&#8243; _builder_version=&#8220;4.21.0&#8243; _module_preset=&#8220;default&#8220; global_colors_info=&#8220;{}&#8220;][et_pb_image src=&#8220;https:\/\/www.living-mallorca.com\/wp-content\/uploads\/2025\/03\/JBS_5467-copyWEB-RES-.jpg&#8220; title_text=&#8220;JBS_5467 copyWEB RES&#8220; _builder_version=&#8220;4.21.0&#8243; _module_preset=&#8220;default&#8220; global_colors_info=&#8220;{}&#8220;][\/et_pb_image][\/et_pb_column][et_pb_column type=&#8220;1_3&#8243; _builder_version=&#8220;4.21.0&#8243; _module_preset=&#8220;default&#8220; global_colors_info=&#8220;{}&#8220;][et_pb_image src=&#8220;https:\/\/www.living-mallorca.com\/wp-content\/uploads\/2025\/03\/JBS_5482-copyWEB-RES-.jpg&#8220; title_text=&#8220;JBS_5482 copyWEB RES&#8220; _builder_version=&#8220;4.21.0&#8243; _module_preset=&#8220;default&#8220; global_colors_info=&#8220;{}&#8220;][\/et_pb_image][\/et_pb_column][et_pb_column type=&#8220;1_3&#8243; _builder_version=&#8220;4.21.0&#8243; _module_preset=&#8220;default&#8220; global_colors_info=&#8220;{}&#8220;][et_pb_image src=&#8220;https:\/\/www.living-mallorca.com\/wp-content\/uploads\/2025\/03\/JBS_5446-copyWEB-RES-.jpg&#8220; title_text=&#8220;JBS_5446 copyWEB RES&#8220; src_tablet=&#8220;https:\/\/www.living-mallorca.com\/wp-content\/uploads\/2025\/03\/JBS_5446-copyWEB-RES-.jpg&#8220; src_phone=&#8220;https:\/\/www.living-mallorca.com\/wp-content\/uploads\/2025\/03\/JBS_5446-copyWEB-RES-.jpg&#8220; src_last_edited=&#8220;on|phone&#8220; _builder_version=&#8220;4.21.0&#8243; _module_preset=&#8220;default&#8220; global_colors_info=&#8220;{}&#8220;][\/et_pb_image][\/et_pb_column][\/et_pb_row][et_pb_row column_structure=&#8220;1_3,1_3,1_3&#8243; _builder_version=&#8220;4.21.0&#8243; _module_preset=&#8220;default&#8220; custom_margin_tablet=&#8220;-20px||0px||false|false&#8220; custom_margin_phone=&#8220;-27px||||false|false&#8220; global_colors_info=&#8220;{}&#8220;][et_pb_column type=&#8220;1_3&#8243; _builder_version=&#8220;4.21.0&#8243; _module_preset=&#8220;default&#8220; global_colors_info=&#8220;{}&#8220;][et_pb_image src=&#8220;https:\/\/www.living-mallorca.com\/wp-content\/uploads\/2025\/03\/DJI_0309-copyWEB-RES-.jpg&#8220; title_text=&#8220;DJI_0309 copyWEB RES&#8220; src_tablet=&#8220;https:\/\/www.living-mallorca.com\/wp-content\/uploads\/2025\/03\/DJI_0309-copyWEB-RES-.jpg&#8220; src_phone=&#8220;https:\/\/www.living-mallorca.com\/wp-content\/uploads\/2025\/03\/DJI_0309-copyWEB-RES-.jpg&#8220; src_last_edited=&#8220;on|desktop&#8220; _builder_version=&#8220;4.21.0&#8243; _module_preset=&#8220;default&#8220; global_colors_info=&#8220;{}&#8220;][\/et_pb_image][\/et_pb_column][et_pb_column type=&#8220;1_3&#8243; _builder_version=&#8220;4.21.0&#8243; _module_preset=&#8220;default&#8220; global_colors_info=&#8220;{}&#8220;][et_pb_button button_url=&#8220;https:\/\/www.living-mallorca.com\/kontakt&#8220; button_text=&#8220;Besichtigungstermin vereinbaren&#8220; button_text_tablet=&#8220;Besichtigungstermin vereinbaren&#8220; button_text_phone=&#8220;Besichtigungstermin vereinbaren&#8220; button_text_last_edited=&#8220;on|desktop&#8220; _builder_version=&#8220;4.21.0&#8243; _module_preset=&#8220;default&#8220; button_text_color=&#8220;#FFFFFF&#8220; button_bg_color=&#8220;#C38F59&#8243; button_border_radius=&#8220;37px&#8220; button_text_color_tablet=&#8220;#FFFFFF&#8220; button_text_color_phone=&#8220;#FFFFFF&#8220; button_text_color_last_edited=&#8220;on|desktop&#8220; button_border_radius_tablet=&#8220;37px&#8220; button_border_radius_phone=&#8220;37px&#8220; button_border_radius_last_edited=&#8220;on|phone&#8220; global_colors_info=&#8220;{}&#8220;][\/et_pb_button][\/et_pb_column][et_pb_column type=&#8220;1_3&#8243; _builder_version=&#8220;4.21.0&#8243; _module_preset=&#8220;default&#8220; global_colors_info=&#8220;{}&#8220;][et_pb_image src=&#8220;https:\/\/www.living-mallorca.com\/wp-content\/uploads\/2025\/03\/JBS_5533-copyWEB-RES-.jpg&#8220; title_text=&#8220;JBS_5533 copyWEB RES&#8220; _builder_version=&#8220;4.21.0&#8243; _module_preset=&#8220;default&#8220; global_colors_info=&#8220;{}&#8220;][\/et_pb_image][\/et_pb_column][\/et_pb_row][\/et_pb_section]\n","protected":false},"excerpt":{"rendered":"<p>Luxuri\u00f6se und stilvolle Neubau-Finca mit Traumsicht und Wahnsinns-PoolDiese Traumfinca wartet auf ihre neuen Besitzer. Aussen mallorquin aber modern und innen helle R\u00e4ume mit modernem Design in Kombination mit nat\u00fcrlichen Materialien wie Holz und Naturstein. Und das Besondere: Dieser Wahnsinns-Pool mit 72 m2 Gr\u00f6sse. Aufgrund der neuen Gesetzgebung d\u00fcrfen Pools dieser Gr\u00f6ssenordnung nicht mehr gebaut werden. [&hellip;]<\/p>\n","protected":false},"author":1,"featured_media":0,"parent":0,"menu_order":0,"comment_status":"closed","ping_status":"closed","template":"","meta":{"_et_pb_use_builder":"on","_et_pb_old_content":"","_et_gb_content_width":"","footnotes":""},"class_list":["post-2648","page","type-page","status-publish","hentry"],"yoast_head":"<!-- This site is optimized with the Yoast SEO plugin v27.4 - https:\/\/yoast.com\/product\/yoast-seo-wordpress\/ -->\n<title>Traumfinca bei Santanyi - Mallorca Living &amp; More<\/title>\n<meta name=\"description\" content=\"Traumhafte Finca - Mallorquinischer Charme trifft modernes Design und einen einmaligen Pool mit 72 m\u00b2! Ein Traumobjekt\" \/>\n<meta name=\"robots\" content=\"index, follow, max-snippet:-1, max-image-preview:large, max-video-preview:-1\" \/>\n<link rel=\"canonical\" href=\"https:\/\/www.living-mallorca.com\/es\/traumfinca-bei-santanyi\/\" \/>\n<meta property=\"og:locale\" content=\"es_ES\" \/>\n<meta property=\"og:type\" content=\"article\" \/>\n<meta property=\"og:title\" content=\"Traumfinca bei Santanyi - Mallorca Living &amp; More\" \/>\n<meta property=\"og:description\" content=\"Traumhafte Finca - Mallorquinischer Charme trifft modernes Design und einen einmaligen Pool mit 72 m\u00b2! Ein Traumobjekt\" \/>\n<meta property=\"og:url\" content=\"https:\/\/www.living-mallorca.com\/es\/traumfinca-bei-santanyi\/\" \/>\n<meta property=\"og:site_name\" content=\"Mallorca Living &amp; More\" \/>\n<meta property=\"article:modified_time\" content=\"2025-11-07T14:25:02+00:00\" \/>\n<meta name=\"twitter:card\" content=\"summary_large_image\" \/>\n<meta name=\"twitter:label1\" content=\"Tiempo de lectura\" \/>\n\t<meta name=\"twitter:data1\" content=\"3 minutos\" \/>\n<script type=\"application\/ld+json\" class=\"yoast-schema-graph\">{\"@context\":\"https:\\\/\\\/schema.org\",\"@graph\":[{\"@type\":\"WebPage\",\"@id\":\"https:\\\/\\\/www.living-mallorca.com\\\/traumfinca-bei-santanyi\\\/\",\"url\":\"https:\\\/\\\/www.living-mallorca.com\\\/traumfinca-bei-santanyi\\\/\",\"name\":\"Traumfinca bei Santanyi - Mallorca Living &amp; More\",\"isPartOf\":{\"@id\":\"https:\\\/\\\/www.living-mallorca.com\\\/#website\"},\"datePublished\":\"2025-03-23T18:40:43+00:00\",\"dateModified\":\"2025-11-07T14:25:02+00:00\",\"description\":\"Traumhafte Finca - Mallorquinischer Charme trifft modernes Design und einen einmaligen Pool mit 72 m\u00b2! Ein Traumobjekt\",\"breadcrumb\":{\"@id\":\"https:\\\/\\\/www.living-mallorca.com\\\/traumfinca-bei-santanyi\\\/#breadcrumb\"},\"inLanguage\":\"es\",\"potentialAction\":[{\"@type\":\"ReadAction\",\"target\":[\"https:\\\/\\\/www.living-mallorca.com\\\/traumfinca-bei-santanyi\\\/\"]}]},{\"@type\":\"BreadcrumbList\",\"@id\":\"https:\\\/\\\/www.living-mallorca.com\\\/traumfinca-bei-santanyi\\\/#breadcrumb\",\"itemListElement\":[{\"@type\":\"ListItem\",\"position\":1,\"name\":\"Startseite\",\"item\":\"https:\\\/\\\/www.living-mallorca.com\\\/\"},{\"@type\":\"ListItem\",\"position\":2,\"name\":\"Traumfinca bei Santanyi\"}]},{\"@type\":\"WebSite\",\"@id\":\"https:\\\/\\\/www.living-mallorca.com\\\/#website\",\"url\":\"https:\\\/\\\/www.living-mallorca.com\\\/\",\"name\":\"Mallorca Living &amp; More\",\"description\":\"Immobilien, Living, Kultur &amp; Kunst\",\"potentialAction\":[{\"@type\":\"SearchAction\",\"target\":{\"@type\":\"EntryPoint\",\"urlTemplate\":\"https:\\\/\\\/www.living-mallorca.com\\\/?s={search_term_string}\"},\"query-input\":{\"@type\":\"PropertyValueSpecification\",\"valueRequired\":true,\"valueName\":\"search_term_string\"}}],\"inLanguage\":\"es\"}]}<\/script>\n<!-- \/ Yoast SEO plugin. -->","yoast_head_json":{"title":"Traumfinca bei Santanyi - Mallorca Living &amp; More","description":"Traumhafte Finca - Mallorquinischer Charme trifft modernes Design und einen einmaligen Pool mit 72 m\u00b2! Ein Traumobjekt","robots":{"index":"index","follow":"follow","max-snippet":"max-snippet:-1","max-image-preview":"max-image-preview:large","max-video-preview":"max-video-preview:-1"},"canonical":"https:\/\/www.living-mallorca.com\/es\/traumfinca-bei-santanyi\/","og_locale":"es_ES","og_type":"article","og_title":"Traumfinca bei Santanyi - Mallorca Living &amp; More","og_description":"Traumhafte Finca - Mallorquinischer Charme trifft modernes Design und einen einmaligen Pool mit 72 m\u00b2! Ein Traumobjekt","og_url":"https:\/\/www.living-mallorca.com\/es\/traumfinca-bei-santanyi\/","og_site_name":"Mallorca Living &amp; More","article_modified_time":"2025-11-07T14:25:02+00:00","twitter_card":"summary_large_image","twitter_misc":{"Tiempo de lectura":"3 minutos"},"schema":{"@context":"https:\/\/schema.org","@graph":[{"@type":"WebPage","@id":"https:\/\/www.living-mallorca.com\/traumfinca-bei-santanyi\/","url":"https:\/\/www.living-mallorca.com\/traumfinca-bei-santanyi\/","name":"Traumfinca bei Santanyi - Mallorca Living &amp; More","isPartOf":{"@id":"https:\/\/www.living-mallorca.com\/#website"},"datePublished":"2025-03-23T18:40:43+00:00","dateModified":"2025-11-07T14:25:02+00:00","description":"Traumhafte Finca - Mallorquinischer Charme trifft modernes Design und einen einmaligen Pool mit 72 m\u00b2! Ein Traumobjekt","breadcrumb":{"@id":"https:\/\/www.living-mallorca.com\/traumfinca-bei-santanyi\/#breadcrumb"},"inLanguage":"es","potentialAction":[{"@type":"ReadAction","target":["https:\/\/www.living-mallorca.com\/traumfinca-bei-santanyi\/"]}]},{"@type":"BreadcrumbList","@id":"https:\/\/www.living-mallorca.com\/traumfinca-bei-santanyi\/#breadcrumb","itemListElement":[{"@type":"ListItem","position":1,"name":"Startseite","item":"https:\/\/www.living-mallorca.com\/"},{"@type":"ListItem","position":2,"name":"Traumfinca bei Santanyi"}]},{"@type":"WebSite","@id":"https:\/\/www.living-mallorca.com\/#website","url":"https:\/\/www.living-mallorca.com\/","name":"Mallorca Living &amp; More","description":"Propiedad, Vida, Cultura y Arte","potentialAction":[{"@type":"SearchAction","target":{"@type":"EntryPoint","urlTemplate":"https:\/\/www.living-mallorca.com\/?s={search_term_string}"},"query-input":{"@type":"PropertyValueSpecification","valueRequired":true,"valueName":"search_term_string"}}],"inLanguage":"es"}]}},"_links":{"self":[{"href":"https:\/\/www.living-mallorca.com\/es\/wp-json\/wp\/v2\/pages\/2648","targetHints":{"allow":["GET"]}}],"collection":[{"href":"https:\/\/www.living-mallorca.com\/es\/wp-json\/wp\/v2\/pages"}],"about":[{"href":"https:\/\/www.living-mallorca.com\/es\/wp-json\/wp\/v2\/types\/page"}],"author":[{"embeddable":true,"href":"https:\/\/www.living-mallorca.com\/es\/wp-json\/wp\/v2\/users\/1"}],"replies":[{"embeddable":true,"href":"https:\/\/www.living-mallorca.com\/es\/wp-json\/wp\/v2\/comments?post=2648"}],"version-history":[{"count":1,"href":"https:\/\/www.living-mallorca.com\/es\/wp-json\/wp\/v2\/pages\/2648\/revisions"}],"predecessor-version":[{"id":4553,"href":"https:\/\/www.living-mallorca.com\/es\/wp-json\/wp\/v2\/pages\/2648\/revisions\/4553"}],"wp:attachment":[{"href":"https:\/\/www.living-mallorca.com\/es\/wp-json\/wp\/v2\/media?parent=2648"}],"curies":[{"name":"wp","href":"https:\/\/api.w.org\/{rel}","templated":true}]}}