{"id":4278,"date":"2025-09-24T07:25:50","date_gmt":"2025-09-24T07:25:50","guid":{"rendered":"https:\/\/www.living-mallorca.com\/?page_id=4278"},"modified":"2026-02-04T17:21:04","modified_gmt":"2026-02-04T17:21:04","slug":"stadthaus-kaufen","status":"publish","type":"page","link":"http:\/\/www.living-mallorca.com\/es\/stadthaus-kaufen\/","title":{"rendered":"Comprar casa en el pueblo"},"content":{"rendered":"<p>[et_pb_section fb_built=&#8220;1&#8243; admin_label=&#8220;Intro Sektion&#8220; _builder_version=&#8220;4.21.0&#8243; global_colors_info=&#8220;{}&#8220;][et_pb_row _builder_version=&#8220;4.16&#8243; _module_preset=&#8220;699a1a14-aa99-453a-ab2e-46d49b6bbd5e&#8220; custom_padding=&#8220;0px||50px||false|false&#8220; custom_padding_tablet=&#8220;0px||30px||false|false&#8220; global_colors_info=&#8220;{}&#8220;][et_pb_column type=&#8220;4_4&#8243; _builder_version=&#8220;4.16&#8243; global_colors_info=&#8220;{}&#8220;][et_pb_text content_tablet=&#8220;<\/p>\n<h6>Du suchst ein Stadthaus? Kontaktiere uns und wir helfen dir das f\u00fcr Dich passende Stadthaus zu finden<\/h6>\n<p>&#8220; content_phone=&#8220;<\/p>\n<h6>Du suchst ein Stadthaus? Kontaktiere uns und wir helfen dir das f\u00fcr Dich passende Stadthaus zu finden<\/h6>\n<p>&#8220; content_last_edited=&#8220;on|phone&#8220; _builder_version=&#8220;4.21.0&#8243; _module_preset=&#8220;default&#8220; global_colors_info=&#8220;{}&#8220;]<\/p>\n<h6>Du suchst ein Stadthaus? Kontaktiere uns und wir helfen dir das f\u00fcr Dich passende Stadthaus zu finden.<\/h6>\n<p>[\/et_pb_text][\/et_pb_column][\/et_pb_row][et_pb_row _builder_version=&#8220;4.21.0&#8243; _module_preset=&#8220;default&#8220; global_colors_info=&#8220;{}&#8220;][et_pb_column type=&#8220;4_4&#8243; _builder_version=&#8220;4.21.0&#8243; _module_preset=&#8220;default&#8220; global_colors_info=&#8220;{}&#8220;][et_pb_slider _builder_version=&#8220;4.21.0&#8243; _module_preset=&#8220;default&#8220; background_image=&#8220;https:\/\/www.living-mallorca.com\/wp-content\/uploads\/2025\/03\/2.jpg&#8220; link_option_url=&#8220;https:\/\/www.living-mallorca.com\/finca-bei-son-serra-de-marina\/&#8220; link_option_url_new_window=&#8220;on&#8220; background_last_edited=&#8220;on|tablet&#8220; global_colors_info=&#8220;{}&#8220;][et_pb_slide heading=&#8220;Stadthaus in Felanitx&#8220; heading_tablet=&#8220;Stadthaus in Felanitx&#8220; heading_phone=&#8220;Stadthaus in Felanitx&#8220; heading_last_edited=&#8220;on|phone&#8220; button_text_tablet=&#8220;&#8220; button_text_phone=&#8220;&#8220; button_text_last_edited=&#8220;on|desktop&#8220; content_tablet=&#8220;&#8220; content_phone=&#8220;&#8220; content_last_edited=&#8220;on|tablet&#8220; _builder_version=&#8220;4.21.0&#8243; _module_preset=&#8220;default&#8220; background_image=&#8220;https:\/\/www.living-mallorca.com\/wp-content\/uploads\/2025\/08\/Patio1.jpg&#8220; background_enable_image=&#8220;on&#8220; link_option_url=&#8220;https:\/\/www.living-mallorca.com\/grundstueck-bei-esporles\/&#8220; background_last_edited=&#8220;on|phone&#8220; global_colors_info=&#8220;{}&#8220; sticky_transition=&#8220;on&#8220;][\/et_pb_slide][et_pb_slide heading=&#8220;Luxuri\u00f6ses Stadthaus in Capdepera&#8220; url_new_window=&#8220;on&#8220; heading_tablet=&#8220;Luxuri\u00f6ses Stadthaus in Capdepera&#8220; heading_phone=&#8220;Luxuri\u00f6ses Stadthaus in Capdepera&#8220; heading_last_edited=&#8220;on|desktop&#8220; button_text_tablet=&#8220;&#8220; button_text_phone=&#8220;&#8220; button_text_last_edited=&#8220;on|desktop&#8220; _builder_version=&#8220;4.21.0&#8243; _module_preset=&#8220;default&#8220; background_image=&#8220;https:\/\/www.living-mallorca.com\/wp-content\/uploads\/2025\/03\/Stadthaus-Capdepera-2.jpg&#8220; background_enable_image=&#8220;on&#8220; link_option_url=&#8220;https:\/\/www.living-mallorca.com\/stadthaus-in-capdepera\/&#8220; background_last_edited=&#8220;on|phone&#8220; global_colors_info=&#8220;{}&#8220; sticky_transition=&#8220;on&#8220;][\/et_pb_slide][\/et_pb_slider][\/et_pb_column][\/et_pb_row][et_pb_row column_structure=&#8220;1_3,1_3,1_3&#8243; _builder_version=&#8220;4.21.0&#8243; _module_preset=&#8220;default&#8220; background_color=&#8220;#E5E3E0&#8243; background_last_edited=&#8220;on|desktop&#8220; global_colors_info=&#8220;{}&#8220;][et_pb_column type=&#8220;1_3&#8243; _builder_version=&#8220;4.21.0&#8243; _module_preset=&#8220;default&#8220; global_colors_info=&#8220;{}&#8220;][et_pb_image src=&#8220;https:\/\/www.living-mallorca.com\/wp-content\/uploads\/2025\/08\/Stadthaus-Felanitx.jpg&#8220; title_text=&#8220;Newsletter August 2025 &#8211; 6&#8243; url=&#8220;https:\/\/www.living-mallorca.com\/stadthaus-felanitx\/&#8220; src_tablet=&#8220;https:\/\/www.living-mallorca.com\/wp-content\/uploads\/2025\/08\/Stadthaus-Felanitx.jpg&#8220; src_phone=&#8220;https:\/\/www.living-mallorca.com\/wp-content\/uploads\/2025\/08\/Stadthaus-Felanitx.jpg&#8220; src_last_edited=&#8220;on|phone&#8220; _builder_version=&#8220;4.21.0&#8243; _module_preset=&#8220;default&#8220; global_colors_info=&#8220;{}&#8220;][\/et_pb_image][et_pb_text content_tablet=&#8220;<\/p>\n<p>Stadthaus bei Felanitx<br \/>\nPreis auf Anfrage<\/p>\n<p>&#8220; content_phone=&#8220;<\/p>\n<p>Stadthaus bei Felanitx<br \/>\nPreis auf Anfrage<\/p>\n<p>&#8220; content_last_edited=&#8220;on|phone&#8220; _builder_version=&#8220;4.21.0&#8243; _module_preset=&#8220;default&#8220; global_colors_info=&#8220;{}&#8220;]<\/p>\n<p>Stadthaus bei Felanitx<br \/>\nPreis auf Anfrage<\/p>\n<p>[\/et_pb_text][et_pb_button button_url=&#8220;https:\/\/www.living-mallorca.com\/stadthaus-felanitx\/&#8220; url_new_window=&#8220;on&#8220; button_text=&#8220;mehr Infos&#8220; button_text_tablet=&#8220;mehr Infos&#8220; button_text_phone=&#8220;mehr Infos&#8220; button_text_last_edited=&#8220;on|phone&#8220; _builder_version=&#8220;4.21.0&#8243; _module_preset=&#8220;default&#8220; button_text_color=&#8220;#FFFFFF&#8220; button_bg_color=&#8220;#C38F59&#8243; button_border_radius=&#8220;59px&#8220; background_layout=&#8220;dark&#8220; custom_margin_phone=&#8220;25px||||false|false&#8220; button_text_color_tablet=&#8220;#FFFFFF&#8220; button_text_color_phone=&#8220;#FFFFFF&#8220; button_text_color_last_edited=&#8220;on|phone&#8220; button_border_radius_tablet=&#8220;59px&#8220; button_border_radius_phone=&#8220;59px&#8220; button_border_radius_last_edited=&#8220;on|desktop&#8220; global_colors_info=&#8220;{}&#8220;][\/et_pb_button][\/et_pb_column][et_pb_column type=&#8220;1_3&#8243; _builder_version=&#8220;4.21.0&#8243; _module_preset=&#8220;default&#8220; global_colors_info=&#8220;{}&#8220;][et_pb_image src=&#8220;https:\/\/www.living-mallorca.com\/wp-content\/uploads\/2025\/03\/Stadthaus-Capdepera-1-scaled.jpg&#8220; title_text=&#8220;Bilder mit Icon f\u00fcr Webseite &#8211; 3&#8243; url=&#8220;https:\/\/www.living-mallorca.com\/stadthaus-in-capdepera\/&#8220; url_new_window=&#8220;on&#8220; src_tablet=&#8220;https:\/\/www.living-mallorca.com\/wp-content\/uploads\/2025\/03\/Stadthaus-Capdepera-1-scaled.jpg&#8220; src_phone=&#8220;https:\/\/www.living-mallorca.com\/wp-content\/uploads\/2025\/03\/Stadthaus-Capdepera-1-scaled.jpg&#8220; src_last_edited=&#8220;on|desktop&#8220; _builder_version=&#8220;4.21.0&#8243; _module_preset=&#8220;default&#8220; global_colors_info=&#8220;{}&#8220;][\/et_pb_image][et_pb_text content_tablet=&#8220;<\/p>\n<p>Stadthaus in Capdepera<br \/>\nEuro: 780&#8217;000<\/p>\n<p>&#8220; content_phone=&#8220;<\/p>\n<p>Stadthaus in Capdepera<br \/>\nEuro: 780&#8217;000<\/p>\n<p>&#8220; content_last_edited=&#8220;on|phone&#8220; _builder_version=&#8220;4.21.0&#8243; _module_preset=&#8220;default&#8220; global_colors_info=&#8220;{}&#8220;]<\/p>\n<p>Stadthaus in Capdepera<br \/>\nEuro: 780&#8217;000<\/p>\n<p>[\/et_pb_text][et_pb_button button_url=&#8220;https:\/\/www.living-mallorca.com\/stadthaus-in-capdepera\/&#8220; url_new_window=&#8220;on&#8220; button_text=&#8220;mehr Infos&#8220; button_text_tablet=&#8220;mehr Infos&#8220; button_text_phone=&#8220;mehr Infos&#8220; button_text_last_edited=&#8220;on|desktop&#8220; _builder_version=&#8220;4.21.0&#8243; _module_preset=&#8220;default&#8220; button_text_color=&#8220;#FFFFFF&#8220; button_bg_color=&#8220;#C38F59&#8243; button_border_radius=&#8220;37px&#8220; custom_margin_phone=&#8220;25px||||false|false&#8220; button_text_color_tablet=&#8220;#FFFFFF&#8220; button_text_color_phone=&#8220;#FFFFFF&#8220; button_text_color_last_edited=&#8220;on|desktop&#8220; button_border_radius_tablet=&#8220;37px&#8220; button_border_radius_phone=&#8220;37px&#8220; button_border_radius_last_edited=&#8220;on|desktop&#8220; global_colors_info=&#8220;{}&#8220;][\/et_pb_button][\/et_pb_column][et_pb_column type=&#8220;1_3&#8243; _builder_version=&#8220;4.21.0&#8243; _module_preset=&#8220;default&#8220; global_colors_info=&#8220;{}&#8220;][et_pb_image src=&#8220;https:\/\/www.living-mallorca.com\/wp-content\/uploads\/2025\/05\/3.jpg&#8220; title_text=&#8220;3&#8243; url_new_window=&#8220;on&#8220; src_tablet=&#8220;https:\/\/www.living-mallorca.com\/wp-content\/uploads\/2025\/05\/3.jpg&#8220; src_phone=&#8220;https:\/\/www.living-mallorca.com\/wp-content\/uploads\/2025\/05\/3.jpg&#8220; src_last_edited=&#8220;on|phone&#8220; _builder_version=&#8220;4.21.0&#8243; _module_preset=&#8220;default&#8220; global_colors_info=&#8220;{}&#8220;][\/et_pb_image][et_pb_text content_tablet=&#8220;<\/p>\n<p>Stadthaus in Manacor \/ bei Interesse nimm gerne mit uns Kontakt auf.<\/p>\n<p>&#8220; content_phone=&#8220;<\/p>\n<p>Stadthaus in Manacor \/ bei Interesse nimm gerne mit uns Kontakt auf.<\/p>\n<p>&#8220; content_last_edited=&#8220;on|phone&#8220; _builder_version=&#8220;4.21.0&#8243; _module_preset=&#8220;default&#8220; hover_enabled=&#8220;0&#8243; global_colors_info=&#8220;{}&#8220; sticky_enabled=&#8220;0&#8243;]<\/p>\n<p>Stadthaus in Manacor \/ bei Interesse nimm gerne mit uns Kontakt auf.<\/p>\n<p>[\/et_pb_text][et_pb_button button_url=&#8220;https:\/\/www.living-mallorca.com\/kontakt\/&#8220; url_new_window=&#8220;on&#8220; button_text=&#8220;Kontakt&#8220; button_text_tablet=&#8220;Kontakt&#8220; button_text_phone=&#8220;Kontakt&#8220; button_text_last_edited=&#8220;on|desktop&#8220; _builder_version=&#8220;4.21.0&#8243; _module_preset=&#8220;default&#8220; button_text_color=&#8220;#FFFFFF&#8220; button_bg_color=&#8220;#C38F59&#8243; button_border_radius=&#8220;59px&#8220; background_layout=&#8220;dark&#8220; custom_margin_phone=&#8220;25px||||false|false&#8220; button_text_color_tablet=&#8220;#FFFFFF&#8220; button_text_color_phone=&#8220;#FFFFFF&#8220; button_text_color_last_edited=&#8220;on|phone&#8220; button_border_radius_tablet=&#8220;59px&#8220; button_border_radius_phone=&#8220;59px&#8220; button_border_radius_last_edited=&#8220;on|desktop&#8220; global_colors_info=&#8220;{}&#8220;][\/et_pb_button][\/et_pb_column][\/et_pb_row][et_pb_row column_structure=&#8220;1_2,1_2&#8243; _builder_version=&#8220;4.21.0&#8243; _module_preset=&#8220;default&#8220; global_colors_info=&#8220;{}&#8220;][et_pb_column type=&#8220;1_2&#8243; _builder_version=&#8220;4.21.0&#8243; _module_preset=&#8220;default&#8220; global_colors_info=&#8220;{}&#8220;][et_pb_image src=&#8220;https:\/\/www.living-mallorca.com\/wp-content\/uploads\/2025\/05\/IMG_1876-1-scaled.jpeg&#8220; title_text=&#8220;IMG_1876&#8243; src_tablet=&#8220;https:\/\/www.living-mallorca.com\/wp-content\/uploads\/2025\/05\/IMG_1876-1-scaled.jpeg&#8220; src_phone=&#8220;https:\/\/www.living-mallorca.com\/wp-content\/uploads\/2025\/05\/IMG_1876-1-scaled.jpeg&#8220; src_last_edited=&#8220;on|phone&#8220; _builder_version=&#8220;4.21.0&#8243; _module_preset=&#8220;default&#8220; global_colors_info=&#8220;{}&#8220;][\/et_pb_image][\/et_pb_column][et_pb_column type=&#8220;1_2&#8243; _builder_version=&#8220;4.21.0&#8243; _module_preset=&#8220;default&#8220; global_colors_info=&#8220;{}&#8220;][et_pb_text content_tablet=&#8220;<\/p>\n<p>Kontaktiere uns und wir suchen f\u00fcr dich das passende Objekt.<\/p>\n<p>&#8220; content_phone=&#8220;<\/p>\n<p>Kontaktiere uns und wir suchen f\u00fcr dich das passende Objekt.<\/p>\n<p>&#8220; content_last_edited=&#8220;on|phone&#8220; _builder_version=&#8220;4.21.0&#8243; _module_preset=&#8220;default&#8220; global_colors_info=&#8220;{}&#8220;]<\/p>\n<p>Kontaktiere uns und wir suchen f\u00fcr dich das passende Objekt.<\/p>\n<p>[\/et_pb_text][et_pb_button button_url=&#8220;https:\/\/www.living-mallorca.com\/kontakt\/&#8220; url_new_window=&#8220;on&#8220; button_text=&#8220;Kontakt&#8220; button_text_tablet=&#8220;Kontakt&#8220; button_text_phone=&#8220;Kontakt&#8220; button_text_last_edited=&#8220;on|desktop&#8220; _builder_version=&#8220;4.21.0&#8243; _module_preset=&#8220;default&#8220; button_text_color=&#8220;#FFFFFF&#8220; button_bg_color=&#8220;#C38F59&#8243; button_border_radius=&#8220;59px&#8220; background_layout=&#8220;dark&#8220; custom_margin_phone=&#8220;25px||||false|false&#8220; button_text_color_tablet=&#8220;#FFFFFF&#8220; button_text_color_phone=&#8220;#FFFFFF&#8220; button_text_color_last_edited=&#8220;on|phone&#8220; button_border_radius_tablet=&#8220;59px&#8220; button_border_radius_phone=&#8220;59px&#8220; button_border_radius_last_edited=&#8220;on|desktop&#8220; global_colors_info=&#8220;{}&#8220;][\/et_pb_button][\/et_pb_column][\/et_pb_row][\/et_pb_section]<\/p>\n","protected":false},"excerpt":{"rendered":"<p>Du suchst ein Stadthaus? Kontaktiere uns und wir helfen dir das f\u00fcr Dich passende Stadthaus zu finden.Stadthaus bei Felanitx Preis auf AnfrageStadthaus in Capdepera Euro: 780&#8217;000Stadthaus in Manacor \/ bei Interesse nimm gerne mit uns Kontakt auf.Kontaktiere uns und wir suchen f\u00fcr dich das passende Objekt.<\/p>","protected":false},"author":1,"featured_media":0,"parent":0,"menu_order":0,"comment_status":"closed","ping_status":"closed","template":"","meta":{"_et_pb_use_builder":"on","_et_pb_old_content":"","_et_gb_content_width":"","footnotes":""},"class_list":["post-4278","page","type-page","status-publish","hentry"],"yoast_head":"<!-- This site is optimized with the Yoast SEO plugin v27.4 - https:\/\/yoast.com\/product\/yoast-seo-wordpress\/ -->\n<title>Stadthaus kaufen - Mallorca Living &amp; More<\/title>\n<meta name=\"description\" content=\"Wir begleiten Sie durch jeden Schritt auf dem Weg zu Ihrem Traum-Stadthaus. Mit Mallorca Living &amp; More. Besuche uns in Porto Cristo\" \/>\n<meta name=\"robots\" content=\"index, follow, max-snippet:-1, max-image-preview:large, max-video-preview:-1\" \/>\n<link rel=\"canonical\" href=\"https:\/\/www.living-mallorca.com\/es\/stadthaus-kaufen\/\" \/>\n<meta property=\"og:locale\" content=\"es_ES\" \/>\n<meta property=\"og:type\" content=\"article\" \/>\n<meta property=\"og:title\" content=\"Stadthaus kaufen - Mallorca Living &amp; More\" \/>\n<meta property=\"og:description\" content=\"Wir begleiten Sie durch jeden Schritt auf dem Weg zu Ihrem Traum-Stadthaus. Mit Mallorca Living &amp; More. Besuche uns in Porto Cristo\" \/>\n<meta property=\"og:url\" content=\"https:\/\/www.living-mallorca.com\/es\/stadthaus-kaufen\/\" \/>\n<meta property=\"og:site_name\" content=\"Mallorca Living &amp; More\" \/>\n<meta property=\"article:modified_time\" content=\"2026-02-04T17:21:04+00:00\" \/>\n<meta name=\"twitter:card\" content=\"summary_large_image\" \/>\n<meta name=\"twitter:label1\" content=\"Tiempo de lectura\" \/>\n\t<meta name=\"twitter:data1\" content=\"2 minutos\" \/>\n<script type=\"application\/ld+json\" class=\"yoast-schema-graph\">{\"@context\":\"https:\\\/\\\/schema.org\",\"@graph\":[{\"@type\":\"WebPage\",\"@id\":\"https:\\\/\\\/www.living-mallorca.com\\\/stadthaus-kaufen\\\/\",\"url\":\"https:\\\/\\\/www.living-mallorca.com\\\/stadthaus-kaufen\\\/\",\"name\":\"Stadthaus kaufen - Mallorca Living &amp; More\",\"isPartOf\":{\"@id\":\"https:\\\/\\\/www.living-mallorca.com\\\/#website\"},\"datePublished\":\"2025-09-24T07:25:50+00:00\",\"dateModified\":\"2026-02-04T17:21:04+00:00\",\"description\":\"Wir begleiten Sie durch jeden Schritt auf dem Weg zu Ihrem Traum-Stadthaus. Mit Mallorca Living & More. Besuche uns in Porto Cristo\",\"breadcrumb\":{\"@id\":\"https:\\\/\\\/www.living-mallorca.com\\\/stadthaus-kaufen\\\/#breadcrumb\"},\"inLanguage\":\"es\",\"potentialAction\":[{\"@type\":\"ReadAction\",\"target\":[\"https:\\\/\\\/www.living-mallorca.com\\\/stadthaus-kaufen\\\/\"]}]},{\"@type\":\"BreadcrumbList\",\"@id\":\"https:\\\/\\\/www.living-mallorca.com\\\/stadthaus-kaufen\\\/#breadcrumb\",\"itemListElement\":[{\"@type\":\"ListItem\",\"position\":1,\"name\":\"Startseite\",\"item\":\"https:\\\/\\\/www.living-mallorca.com\\\/\"},{\"@type\":\"ListItem\",\"position\":2,\"name\":\"Stadthaus kaufen\"}]},{\"@type\":\"WebSite\",\"@id\":\"https:\\\/\\\/www.living-mallorca.com\\\/#website\",\"url\":\"https:\\\/\\\/www.living-mallorca.com\\\/\",\"name\":\"Mallorca Living &amp; More\",\"description\":\"Immobilien, Living, Kultur &amp; Kunst\",\"potentialAction\":[{\"@type\":\"SearchAction\",\"target\":{\"@type\":\"EntryPoint\",\"urlTemplate\":\"https:\\\/\\\/www.living-mallorca.com\\\/?s={search_term_string}\"},\"query-input\":{\"@type\":\"PropertyValueSpecification\",\"valueRequired\":true,\"valueName\":\"search_term_string\"}}],\"inLanguage\":\"es\"}]}<\/script>\n<!-- \/ Yoast SEO plugin. -->","yoast_head_json":{"title":"Stadthaus kaufen - Mallorca Living &amp; More","description":"Wir begleiten Sie durch jeden Schritt auf dem Weg zu Ihrem Traum-Stadthaus. Mit Mallorca Living & More. Besuche uns in Porto Cristo","robots":{"index":"index","follow":"follow","max-snippet":"max-snippet:-1","max-image-preview":"max-image-preview:large","max-video-preview":"max-video-preview:-1"},"canonical":"https:\/\/www.living-mallorca.com\/es\/stadthaus-kaufen\/","og_locale":"es_ES","og_type":"article","og_title":"Stadthaus kaufen - Mallorca Living &amp; More","og_description":"Wir begleiten Sie durch jeden Schritt auf dem Weg zu Ihrem Traum-Stadthaus. Mit Mallorca Living & More. Besuche uns in Porto Cristo","og_url":"https:\/\/www.living-mallorca.com\/es\/stadthaus-kaufen\/","og_site_name":"Mallorca Living &amp; More","article_modified_time":"2026-02-04T17:21:04+00:00","twitter_card":"summary_large_image","twitter_misc":{"Tiempo de lectura":"2 minutos"},"schema":{"@context":"https:\/\/schema.org","@graph":[{"@type":"WebPage","@id":"https:\/\/www.living-mallorca.com\/stadthaus-kaufen\/","url":"https:\/\/www.living-mallorca.com\/stadthaus-kaufen\/","name":"Stadthaus kaufen - Mallorca Living &amp; More","isPartOf":{"@id":"https:\/\/www.living-mallorca.com\/#website"},"datePublished":"2025-09-24T07:25:50+00:00","dateModified":"2026-02-04T17:21:04+00:00","description":"Wir begleiten Sie durch jeden Schritt auf dem Weg zu Ihrem Traum-Stadthaus. Mit Mallorca Living & More. Besuche uns in Porto Cristo","breadcrumb":{"@id":"https:\/\/www.living-mallorca.com\/stadthaus-kaufen\/#breadcrumb"},"inLanguage":"es","potentialAction":[{"@type":"ReadAction","target":["https:\/\/www.living-mallorca.com\/stadthaus-kaufen\/"]}]},{"@type":"BreadcrumbList","@id":"https:\/\/www.living-mallorca.com\/stadthaus-kaufen\/#breadcrumb","itemListElement":[{"@type":"ListItem","position":1,"name":"Startseite","item":"https:\/\/www.living-mallorca.com\/"},{"@type":"ListItem","position":2,"name":"Stadthaus kaufen"}]},{"@type":"WebSite","@id":"https:\/\/www.living-mallorca.com\/#website","url":"https:\/\/www.living-mallorca.com\/","name":"Mallorca Living &amp; More","description":"Propiedad, Vida, Cultura y Arte","potentialAction":[{"@type":"SearchAction","target":{"@type":"EntryPoint","urlTemplate":"https:\/\/www.living-mallorca.com\/?s={search_term_string}"},"query-input":{"@type":"PropertyValueSpecification","valueRequired":true,"valueName":"search_term_string"}}],"inLanguage":"es"}]}},"_links":{"self":[{"href":"http:\/\/www.living-mallorca.com\/es\/wp-json\/wp\/v2\/pages\/4278","targetHints":{"allow":["GET"]}}],"collection":[{"href":"http:\/\/www.living-mallorca.com\/es\/wp-json\/wp\/v2\/pages"}],"about":[{"href":"http:\/\/www.living-mallorca.com\/es\/wp-json\/wp\/v2\/types\/page"}],"author":[{"embeddable":true,"href":"http:\/\/www.living-mallorca.com\/es\/wp-json\/wp\/v2\/users\/1"}],"replies":[{"embeddable":true,"href":"http:\/\/www.living-mallorca.com\/es\/wp-json\/wp\/v2\/comments?post=4278"}],"version-history":[{"count":9,"href":"http:\/\/www.living-mallorca.com\/es\/wp-json\/wp\/v2\/pages\/4278\/revisions"}],"predecessor-version":[{"id":4828,"href":"http:\/\/www.living-mallorca.com\/es\/wp-json\/wp\/v2\/pages\/4278\/revisions\/4828"}],"wp:attachment":[{"href":"http:\/\/www.living-mallorca.com\/es\/wp-json\/wp\/v2\/media?parent=4278"}],"curies":[{"name":"wp","href":"https:\/\/api.w.org\/{rel}","templated":true}]}}